{"id":361,"date":"2021-11-03T15:23:41","date_gmt":"2021-11-03T15:23:41","guid":{"rendered":"https:\/\/minervashop.eu\/?post_type=product&#038;p=361"},"modified":"2021-12-13T09:22:19","modified_gmt":"2021-12-13T09:22:19","slug":"must-kuunlaalus","status":"publish","type":"product","link":"https:\/\/minervashop.eu\/en\/toode\/must-kuunlaalus\/","title":{"rendered":"Must metallist pitsiline k\u00fc\u00fcnlaalus"},"content":{"rendered":"<p>h\u00f5bedane metall alus, klaas kristallid, klaasist k\u00fc\u00fcnlaklaas<\/p>\n<p>&nbsp;<\/p>\n","protected":false},"excerpt":{"rendered":"<p>h\u00f5bedane metall alus, klaas kristallid, klaasist k\u00fc\u00fcnlaklaas &nbsp;<\/p>\n","protected":false},"featured_media":364,"template":"","meta":[],"product_brand":[],"product_cat":[55],"product_tag":[],"class_list":{"0":"post-361","1":"product","2":"type-product","3":"status-publish","4":"has-post-thumbnail","6":"product_cat-muust-materjalist-kuunlaalused","7":"product_shipping_class-m","9":"first","10":"instock","11":"taxable","12":"shipping-taxable","13":"purchasable","14":"product-type-simple"},"_links":{"self":[{"href":"https:\/\/minervashop.eu\/en\/wp-json\/wp\/v2\/product\/361","targetHints":{"allow":["GET"]}}],"collection":[{"href":"https:\/\/minervashop.eu\/en\/wp-json\/wp\/v2\/product"}],"about":[{"href":"https:\/\/minervashop.eu\/en\/wp-json\/wp\/v2\/types\/product"}],"wp:featuredmedia":[{"embeddable":true,"href":"https:\/\/minervashop.eu\/en\/wp-json\/wp\/v2\/media\/364"}],"wp:attachment":[{"href":"https:\/\/minervashop.eu\/en\/wp-json\/wp\/v2\/media?parent=361"}],"wp:term":[{"taxonomy":"product_brand","embeddable":true,"href":"https:\/\/minervashop.eu\/en\/wp-json\/wp\/v2\/product_brand?post=361"},{"taxonomy":"product_cat","embeddable":true,"href":"https:\/\/minervashop.eu\/en\/wp-json\/wp\/v2\/product_cat?post=361"},{"taxonomy":"product_tag","embeddable":true,"href":"https:\/\/minervashop.eu\/en\/wp-json\/wp\/v2\/product_tag?post=361"}],"curies":[{"name":"wp","href":"https:\/\/api.w.org\/{rel}","templated":true}]}}