{"id":370,"date":"2021-11-03T19:19:11","date_gmt":"2021-11-03T19:19:11","guid":{"rendered":"https:\/\/minervashop.eu\/?post_type=product&#038;p=370"},"modified":"2025-11-08T16:12:23","modified_gmt":"2025-11-08T16:12:23","slug":"keraamiline-aroomilamp-ookulliga","status":"publish","type":"product","link":"https:\/\/minervashop.eu\/en\/toode\/keraamiline-aroomilamp-ookulliga\/","title":{"rendered":"Keraamiline aroomilamp \u00f6\u00f6kulliga"},"content":{"rendered":"<p>keraamika, glasuuritud<\/p>\n<p>sobib aroomi\u00f5lide, -vahade ja -graanulitega kasutamiseks<\/p>\n<p class=\"western\" align=\"JUSTIFY\"><span style=\"font-size: medium;\"><b>\u00d6\u00f6kull<\/b> on \u00f6\u00f6 kehastus. Tema \u00f6ised r\u00f6\u00f6vlennud, \u00f5udu tekitav h\u00f5ige ja j\u00f5llitavad silmad seostavad teda pimeduse j\u00f5uga ja v\u00f5imega tulevikku n\u00e4ha. L\u00e4bi ajaloo on \u00f6\u00f6kulle seostatud tarkusega. See puudutab ka iidse Kreeka \u00f6\u00f6kulli. V\u00e4ike \u00f6\u00f6kull on jumalanna Athena s\u00fcmbol. \u00dcks Athena epiteete on \u201cGlaukopis\u201d, mis t\u00e4hendab eredasilmne. See tuleb s\u00f5nast \u201cglaukos\u201d, mis t\u00e4hendab \u201cs\u00e4rav, kumav\u201d ja \u201cops\u201d, mis t\u00e4hendab \u201csilm\u201d. S\u00f5na \u201cglaux\u201d (\u00f6\u00f6kull) tuleb samast t\u00fcvest, arvatavasti olenevalt selle linnu unikaalsetest silmadest. Seega lindu, kes n\u00e4eb pimedas, seostatakse Athenaga, tarkuse jumalannaga. Athenat on kujutatud oma p\u00fcha linnuga. Neid linde kaitsti ja hoiti Akropolises hulgaliselt, arvates, et see toob v\u00f5itu lahingutes. \u00d6\u00f6kull oli ka maagia-, allmaailma- ja \u00f6\u00f6jumalanna Hekate kaaslane. T\u00e4naseni peetakse \u00f6\u00f6kulli naiselikkuse, Kuu ja \u00f6\u00f6 s\u00fcmboliks. Ta on maagia, pimeduse, ennustamise ja tarkuse m\u00e4rgiks.<\/span><\/p>\n","protected":false},"excerpt":{"rendered":"<p><strong><span style=\"font-size: medium; color: #993300;\">\u00d6\u00f6kull on \u00f6\u00f6 kehastus. Tema \u00f6ised r\u00f6\u00f6vlennud, \u00f5udu tekitav h\u00f5ige ja j\u00f5llitavad silmad seostavad teda pimeduse j\u00f5uga ja v\u00f5imega tulevikku n\u00e4ha. L\u00e4bi ajaloo on \u00f6\u00f6kulle seostatud tarkusega. See puudutab ka iidse Kreeka \u00f6\u00f6kulli. V\u00e4ike \u00f6\u00f6kull on jumalanna Athena s\u00fcmbol. \u00dcks Athena epiteete on \u201cGlaukopis\u201d, mis t\u00e4hendab eredasilmne. See tuleb s\u00f5nast \u201cglaukos\u201d, mis t\u00e4hendab \u201cs\u00e4rav, kumav\u201d ja \u201cops\u201d, mis t\u00e4hendab \u201csilm\u201d. S\u00f5na \u201cglaux\u201d (\u00f6\u00f6kull) tuleb samast t\u00fcvest, arvatavasti olenevalt selle linnu unikaalsetest silmadest. <\/span><\/strong><\/p>\n","protected":false},"featured_media":452,"template":"","meta":[],"product_brand":[],"product_cat":[74,171],"product_tag":[],"class_list":{"0":"post-370","1":"product","2":"type-product","3":"status-publish","4":"has-post-thumbnail","6":"product_cat-aroomilambid-sulavahad-sulagraanulid","7":"product_cat-ceridwen","8":"product_shipping_class-s","10":"first","11":"instock","12":"taxable","13":"shipping-taxable","14":"purchasable","15":"product-type-variable"},"_links":{"self":[{"href":"https:\/\/minervashop.eu\/en\/wp-json\/wp\/v2\/product\/370","targetHints":{"allow":["GET"]}}],"collection":[{"href":"https:\/\/minervashop.eu\/en\/wp-json\/wp\/v2\/product"}],"about":[{"href":"https:\/\/minervashop.eu\/en\/wp-json\/wp\/v2\/types\/product"}],"wp:featuredmedia":[{"embeddable":true,"href":"https:\/\/minervashop.eu\/en\/wp-json\/wp\/v2\/media\/452"}],"wp:attachment":[{"href":"https:\/\/minervashop.eu\/en\/wp-json\/wp\/v2\/media?parent=370"}],"wp:term":[{"taxonomy":"product_brand","embeddable":true,"href":"https:\/\/minervashop.eu\/en\/wp-json\/wp\/v2\/product_brand?post=370"},{"taxonomy":"product_cat","embeddable":true,"href":"https:\/\/minervashop.eu\/en\/wp-json\/wp\/v2\/product_cat?post=370"},{"taxonomy":"product_tag","embeddable":true,"href":"https:\/\/minervashop.eu\/en\/wp-json\/wp\/v2\/product_tag?post=370"}],"curies":[{"name":"wp","href":"https:\/\/api.w.org\/{rel}","templated":true}]}}