{"id":37546,"date":"2021-11-16T11:34:49","date_gmt":"2021-11-16T11:34:49","guid":{"rendered":"https:\/\/minervashop.eu\/toode\/stone-hexagone-pendulum\/"},"modified":"2026-03-14T11:23:28","modified_gmt":"2026-03-14T11:23:28","slug":"stone-hexagone-pendulum","status":"publish","type":"product","link":"https:\/\/minervashop.eu\/en\/product\/stone-hexagone-pendulum\/","title":{"rendered":"Stone hexagone pendulum"},"content":{"rendered":"<p><strong>Aventuriinist tahuline pendel.<\/strong><br \/>\nPendli erilisus peitub tema tahkudes, mis muudavad pendli vastuv\u00f5tlikumaks ning v\u00f5imendavad aventuriini omadusi. Peamiselt kasutatakse tervise vallas. <\/p>\n<p><strong>Amet\u00fcstist tahuline pendel.<\/strong><br \/>\nPendli kasutusala on tervis: uuringud k\u00f5ikide energeetiliste keskuste tasanditel ja nende kaitse.<\/p>\n<p>kivide omadused leiab <a href=\"https:\/\/minervashop.eu\/tootekategooria\/naturaalsed-kivid\/\" data-cke-saved-href=\"\/epood\/Trummelkivid\/\">siit<\/a>.<\/p>\n<p align=\"JUSTIFY\"><a id=\"SUITSUKVARTS\" name=\"SUITSUKVARTS\" data-cke-saved-name=\"SUITSUKVARTS\"><\/a><b>SUITSUKVARTS <\/b>&#8211; (pruun kristalne kvarts); l\u00f5\u00f5gastus, v\u00e4hendab pinget ja stressi ning vihkamist, kurjust ja hirmusid, muutes selle negatiivse energia positiivseks; soodustab ratsionaalset ja realistlikku m\u00f5tlemisprotsessi; sobib tasakaalu leidmiseks ja maandamiseks. Keskendumist soodustav ja maandav energia. Tugevdab juurt\u0161akra maandavat toimet, aidates keskenduda t\u00f5eliselt olulisele. Hajutab hirme ja teisi negatiivseid meeleseisundeid, kuna ta tasakaalustab k\u00f5iki keha s\u00fcsteeme, kasvab turvatunne. M\u00f5jub rahustavalt m\u00f5tlemisele ja mediteerimisele. Suurep\u00e4rase maandava kivina kasutatakse laialdaselt tervendamisel ja meditatsioonil. Puhastab teed negatiivsuse eemaldamiseks, viies selle Maasse tagasi loomulikul moel. Kasutatakse ka palvetes esiisade poole, maandades vaimu ja tuues esivanem siia maailma. KEHA: peavalu, pinguldab \u00f5lgasid ja selga; v\u00e4hendab valu ja tugevdab n\u00e4rve. Koos kr\u00fcsopraasiga ravitseb seen-nakkusi. Eemaldab neerudest m\u00fcrke. Lastetuse puhul. Spasmide vastu menstruatsiooni ajal. V\u00e4higa v\u00f5itlejatel, keemiaravi ajal ja p\u00e4rast seda kanda alati kaasas suitsukvartsi.             <\/p>\n<p align=\"JUSTIFY\"><strong>KARNEOOL<\/strong>-(kahvatupunane pooll\u00e4bipaistev kivi). Karneool stimuleerib vereringet, kasulik neile, kes pelgavad k\u00f5nelda v\u00f5i on n\u00f5rga h\u00e4\u00e4lega. Kaitseb meie enda n\u00f5rkuste eest. K\u00e4sitletakse enesekindluse, julguse ja tervise tagaajajana. Kaitseb kandjat teiste kadeduse, pahatahtlikkuse ja ohu eest. Tervendavad, loomingulised ja vaimsed omadused. Seda peetakse v\u00f5imsaks \u201celukiviks\u201d. Paljudes kultuurides kasutatakse amulettide ja talismanidena. Soodustab vaprust, tahtej\u00f5udu ja head tuju. Seotud kaitse, tarkuse, tervise, pika ea, rahu, harmoonia, r\u00f5\u00f5msameelsuse, tervendamise, keskendumise, vaimse ja loomingulise tasakaalu, ps\u00fc\u00fchhilise tegevuse, soodsa saatuse, seksuaalenergia, lummuse t\u00f5rjumise\/purustamise, eelmiste elude kohta teabe hankimisega. Amulett t\u00f5bede, katku, m\u00fcrgi, nahahaiguste vastu. Karneooliga on ravitud raevu, depressiooni, letargiat ja verejooksu.           <\/p>\n<p align=\"JUSTIFY\"><strong>HELIOTROOP e. VEREKIVI- <\/strong>( roheline jaspis punaste t\u00e4ppidega, tuntud ka verekivi nime all, legendi j\u00e4rgi sisaldavat Jeesuse verepiisku), ohustamatu kaitse, aitab piiride seadmisel ja s\u00e4ilitab kontrolli. V\u00f5is v\u00e4idetavalt esile kutsuda v\u00e4lku, m\u00fcristamist ja tormi. Praktikas kasutati ninaverejooksu peatamiseks, vere puhastamiseks ja hemorroidide raviks. Ehete osana s\u00fcmboliseerib rahu ja m\u00f5istmist. Peetakse tervistavaks kiviks, mis taaselustab suhteid ja puhastab, annab julgust ja aitab v\u00f5ita takistusi.<br \/>\nKEHA: tugevdab immuunsust ja l\u00fcmfi, aitab s\u00fcdame-, veresoonte- ja maksaprobleemide ning gripi, k\u00fclmetuse, infektsiooni, p\u00f5letiku ja m\u00e4da tekke puhul.V\u00e4idetavalt kutsub esile v\u00e4lku, m\u00fcristamist ja tormi. Kasutatakse ninaverejooksu peatamiseks ja hemorroidide raviks. Ehete osana s\u00fcmboliseerib rahu ja m\u00f5istmist.      <\/p>\n<p align=\"JUSTIFY\">Rose Quartz is a calming and reassuring crystal, excellent for use in trauma or crisis. The soft pink emanations of Rose Quartz comforts and heals any wounds the heart has suffered, penetrating the inner chambers of the Heart Chakra where emotional experiences are recorded and stored. It dissolves the sorrows, worries, fears, and resentments suppressing the heart&#8217;s ability to give and receive love, and replaces it with healing, comfort and inner nourishment. According to crystal healing rose quartz increases sensitivity, empathy and helpfulness.It helps more clearly perceive one&#8217;s own needs and those of other people and to support their fulfillment. Rose quartz stands for heart power, romantic and love ability. The rose quartz is connected with emotions and love. This is a stone of warmth and love, as it heals emotional wounds and pain with it&#8217;s gentle calming salve. Opens the heart to the beauty within and all around us, and will begin its healing by reducing resentments. As Amethyst is to the Spirit, so Rose Quartz is to the Heart. It gives Self-Acceptance, Self Love, and Personal Worth Enhances all forms of love: self love, mother love, caring, kindness, platonic and romantic love. Kindness: Opens our hearts and encourages us to be tender, peaceful and gentle. Teaches forgiveness and tolerance. Attracts: Emanates unconditional love and nurturance and helps us attract positive, gentle, non-judgemental love into our lives. Star signs: Cancer, Capricorn, Taurus, Libra, Aquarius       <\/p>\n<p align=\"JUSTIFY\"><b>M\u00c4EKRISTALL<\/b>&#8211; Kristall, mis imab ja v\u00f5imendab energiat. M\u00e4ekristalli peetakse puhtuse s\u00fcmboliks. Suudab salvestada ja edastada energiat ning seet\u00f5ttu kasutatakse tervendamisel ja mediteerimisel. Sakilise v\u00f5i teravaotsalise tipuga kristalli kasutatakse sujuvama ja harmoonilisema energia saavutamiseks. Pannakse halbade energiav\u00f5ngetega kohtadesse, lastakse veidi aega seista ja negatiivsust endasse koguda, seej\u00e4rel v\u00f5etakse \u00e4ra ja pestakse puhtaks-see parandab paiga energiat. Seotud selguse, tugevuse, eluj\u00f5u, ps\u00fc\u00fchilise tegevuse ja vaimse stimulatsiooniga. Suure kristalli asetamine kolmandale silmale suurendab ps\u00fc\u00fchilisi v\u00f5imeid. M\u00e4ekristallist kuuliga v\u00f5ib p\u00e4ikesekiirega s\u00fc\u00fcdata p\u00fcha tuld &#8211; pange kristallkuul puulaastudele p\u00e4ikese k\u00e4tte. Kritallprisma tekitab vikerkaare. Rose quartz is known as the stone of unconditional love and compassion. It is often associated with the heart chakra and is believed to promote emotional healing, self-love, and harmony in relationships. The gentle pink hue of rose quartz symbolizes peace, tenderness, and a deep connection to one&#8217;s own emotions.* KEHA: tugevdab energia liikumist, n\u00e4rve, aju, n\u00e4\u00e4rmeid; kergendab valu ja turset; ravitakse voolmeid, k\u00f5hulahtisust, podagrat, neerukive, vedelikupeetust. M\u00e4ekristallide loomus on kootav. Mees leotatud m\u00e4ekristallid pidavat suurendama piimaeritust. MAAGIA: V\u00f5imas kivi igasuguseks maagiaks \u2013 t\u00f5mbab ligi positiivset energiat, t\u00f5stab enesekindlust ja annab lisaenergiat, kui oled v\u00e4sinud, tunned end kehvalt v\u00f5i taastud haigusest. M\u00e4ekristall suurendab energiat ning t\u00f5mbab t\u00e4helepanu. *Kanna kuldketi otsas selget m\u00e4ekristalli, nii, et see puudutab ihu s\u00fcdame kohal. Kristallist saad j\u00f5udu ja energiat, kuld annab samuti energiat ja annab p\u00e4ikesejumala kaitset. * Kanna kurgut\u0161akra kohal m\u00e4ekristalli \u2013 see aitab t\u00f5sta enesekindlust.<b> * <\/b>lauba vastas hoituna aktiveerib kolmanda silma ning annab m\u00f5tlemiseks loovenergiat.                 <\/p>\n<p align=\"JUSTIFY\"><b>AMET\u00dcST<\/b>-see on alandlikkuse, meelerahu, vagaduse ja loobumise kivi. Amet\u00fcsti seostati veinijumal Bakchosega ja usuti,et see aitab liigse joobe vastu. Amet\u00fcst on kainuse s\u00fcmbol, sest amet\u00fcstkannu valatud vesi n\u00e4eb v\u00e4lja nagu vein, ent purju ei tee. A delicate gemstone necklace combining polished 3 mm natural stone beads with a gold-toned sun pendant, representing strength, vitality, and creative energy. Adjustable with a \u00b15 cm extension chain, the necklace offers flexibility and universal fit Amethyst has a spiritual quality that can be used to help tap into higher levels of consciousness. It can serve as a bridge between the physical and ethereal realms. Amet\u00fcsti seostati veinijumal Bachosega. Amethyst has a spiritual quality that can be used to help tap into higher levels of consciousness. It can serve as a bridge between the physical and ethereal realms. Amethyst is a purple-coloured quartz crystal. Purple shades vary from light lavender to deep violet. Amethyst crystals have a spiritual quality to them and can be used to help individuals tap into higher levels of consciousness. It can serve as a bridge between physical and ethereal frequencies, creating an opening for enlightenment. Amet\u00fcstiga saab ravida s\u00f5ltuvust, kompulsiivset k\u00e4itumist, trombe, v\u00e4hkkasvajaid, madalat enesehinnangut. Amet\u00fcstipruulised tagavad viljakuse ja v\u00e4ljutavad m\u00fcrke. Aseta arvuti l\u00e4hedale v\u00f5i arvutikasti peale amet\u00fcst- see v\u00e4hendab t\u00f5rkrid ning takistab arvutit kokku jooksmast. Amet\u00fcsti kaasaskandmine aitab \u00f5pingutel <\/p>\n<p><strong>Pendeldamine e. radiesteesia arvatakse olevat \u00fcle 6000 aasta vana. Egiptlased ja iidsed hiinlased olid esimesed praktiseerijad. Pendliga saab leida vett, mineraale, kadunud inimesi ja isegi esemeid. Samuti kasutatakse pendeldamist inimeste tervendamisel, reikis ja ennustamisel. Pendel on vajalik maagiline t\u00f6\u00f6riist, mis v\u00f5ib anda sinu k\u00fcsimustele ilma maagilise kogemuseta h\u00e4mmastavaid vastuseid. Pendlit saab kasutada dialoogina oma intuitsiooniga ning saada vastu usutavat infot oma k\u00f5rgemalt minalt      <\/strong><\/p>\n<p align=\"JUSTIFY\"><strong>Sinu pendel<\/strong><\/p>\n<div>Enne kasutamist tuleb pendel puhastada. Sul v\u00f5ib juba olla oma eelistatud meetod, kuid lihtne ja efektiivne meetod on pendel panna tunniks ajaks klaasi vette, kuhu on lisatud tl. soola. P\u00e4rast seda v\u00f5ib pendlit hoida \u00f6\u00f6sel padja all, et kohandada seda oma energiaga. Kui pendel on puhastatud, katseta selle t\u00f6\u00f6kindlust. V\u00f5id seda teha kuuvalguses, kuna kuu juhib meie intuitsiooni. Hoia oma meel v\u00e4rske ja selge, et saada t\u00f5eseid vastuseid.      <\/div>\n<p><strong>Pendli kasutamine:<\/strong><br \/>\nLeia vaikne rahulik, segamata koht, kus saaksid vabaks lasta oma keha ja meele. V\u00f5id alustada ka laua taga istudes. Pane pendeldamis-kaart lauale ja v\u00f5ta pendel vasakusse k\u00e4tte (alateadvuslik pool). Keskendu m\u00f5ni minut kaardile.   <\/p>\n<div>Esiteks on sul vaja teada, kuidas t\u00f5lgendada dialoogi enda ja pendli vahel. Hoia pendlit ketist ca 2,5 cm kaardist eemal. Lase pendlil rahuneda t\u00e4ielikult. K\u00fcsi lihtne k\u00fcsimus (kas valjult v\u00f5i m\u00f5ttes), mille vastust sa tead. Siis saad teada jah\/ei liikumise. N\u00e4iteks:&#8221;Kas ma istun laua taga?&#8221; Vaata pendlikaardilt, milline on jah-vastus ja kuidas pendel liigub. K\u00fcsi veel m\u00f5ned jaatava vastusega k\u00fcsimused ja kontrolli pendli liikumist. Korda sama protseduuri ei-vastusega k\u00fcsimustega. Kui vastused on korralikud, oled pendliga \u00fchele lainele j\u00f5udnud.         <\/div>\n<p>N\u00fc\u00fcd v\u00f5id alustada igasuguste k\u00fcsimustega, millele su reaalne teadvus vastust ei tea, kuid k\u00f5rgem teadvus teab. K\u00f5rgem teadvus saab ligip\u00e4\u00e4su ka teistsugusele universumi kollektiivse teadvuse informatsioonile, millele te ei p\u00e4\u00e4se ligi tavateadvusega. Sa avastad, et oled loonud s\u00f5prussuhte oma pendliga \u00fcllatavalt kiiresti ja saanud korralikke vastuseid.  <\/p>\n","protected":false},"excerpt":{"rendered":"<p><span style=\"color: #333399;\"><strong>6-tahuline pendel 4-4,5 cm, teises otsas kuulike l\u00e4bim\u00f5\u00f5duga 0,5-0,7 cm<\/strong><\/span><\/p>\n<p><span style=\"color: #000080;\"><strong>Pendeldamine e. radiesteesia arvatakse olevat \u00fcle 6000 aasta vana. Egiptlased ja iidsed hiinlased olid esimesed praktiseerijad. Pendliga saab leida vett, mineraale, kadunud inimesi ja isegi esemeid. Samuti kasutatakse pendeldamist inimeste tervendamisel, reikis ja ennustamisel. Pendel on vajalik maagiline t\u00f6\u00f6riist, mis v\u00f5ib anda sinu k\u00fcsimustele ilma maagilise kogemuseta h\u00e4mmastavaid vastuseid. Pendlit saab kasutada dialoogina oma intuitsiooniga ning saada vastu usutavat infot oma k\u00f5rgemalt minalt      <\/strong><\/span><\/p>\n<p><strong>see also <a href=\"https:\/\/minervashop.eu\/uudised\/tuleviku-ennustamine\/\"><span style=\"color: #00aae7;\">here<\/span><\/a><\/strong><\/p>\n<p>&nbsp;<\/p>\n","protected":false},"featured_media":95179,"template":"","meta":[],"product_brand":[],"product_cat":[759,277,239],"product_tag":[],"class_list":{"0":"post-37546","1":"product","2":"type-product","3":"status-publish","4":"has-post-thumbnail","6":"product_cat-new-en","7":"product_cat-danu-en","8":"product_cat-ritual-wands-and-walking-sticks","9":"product_shipping_class-xs-en-2","11":"first","12":"instock","13":"taxable","14":"shipping-taxable","15":"purchasable","16":"product-type-variable"},"_links":{"self":[{"href":"https:\/\/minervashop.eu\/en\/wp-json\/wp\/v2\/product\/37546","targetHints":{"allow":["GET"]}}],"collection":[{"href":"https:\/\/minervashop.eu\/en\/wp-json\/wp\/v2\/product"}],"about":[{"href":"https:\/\/minervashop.eu\/en\/wp-json\/wp\/v2\/types\/product"}],"wp:featuredmedia":[{"embeddable":true,"href":"https:\/\/minervashop.eu\/en\/wp-json\/wp\/v2\/media\/95179"}],"wp:attachment":[{"href":"https:\/\/minervashop.eu\/en\/wp-json\/wp\/v2\/media?parent=37546"}],"wp:term":[{"taxonomy":"product_brand","embeddable":true,"href":"https:\/\/minervashop.eu\/en\/wp-json\/wp\/v2\/product_brand?post=37546"},{"taxonomy":"product_cat","embeddable":true,"href":"https:\/\/minervashop.eu\/en\/wp-json\/wp\/v2\/product_cat?post=37546"},{"taxonomy":"product_tag","embeddable":true,"href":"https:\/\/minervashop.eu\/en\/wp-json\/wp\/v2\/product_tag?post=37546"}],"curies":[{"name":"wp","href":"https:\/\/api.w.org\/{rel}","templated":true}]}}