{"id":390,"date":"2021-11-04T10:05:23","date_gmt":"2021-11-04T10:05:23","guid":{"rendered":"https:\/\/minervashop.eu\/?post_type=product&#038;p=390"},"modified":"2026-01-23T10:37:58","modified_gmt":"2026-01-23T10:37:58","slug":"korvadega-must-karvane-peavoru","status":"publish","type":"product","link":"https:\/\/minervashop.eu\/en\/toode\/korvadega-must-karvane-peavoru\/","title":{"rendered":"K\u00f5rvadega must karvane peav\u00f5ru"},"content":{"rendered":"<p>plastik v\u00f5ru, samet, satiin<\/p>\n","protected":false},"excerpt":{"rendered":"<p>plastik v\u00f5ru, samet, satiin<\/p>\n","protected":false},"featured_media":391,"template":"","meta":[],"product_brand":[],"product_cat":[28,621],"product_tag":[],"class_list":{"0":"post-390","1":"product","2":"type-product","3":"status-publish","4":"has-post-thumbnail","6":"product_cat-peavorud-ja-parjad","7":"product_cat-kaslased-ja-rebased","8":"product_shipping_class-xs","10":"first","11":"instock","12":"taxable","13":"shipping-taxable","14":"purchasable","15":"product-type-simple"},"_links":{"self":[{"href":"https:\/\/minervashop.eu\/en\/wp-json\/wp\/v2\/product\/390","targetHints":{"allow":["GET"]}}],"collection":[{"href":"https:\/\/minervashop.eu\/en\/wp-json\/wp\/v2\/product"}],"about":[{"href":"https:\/\/minervashop.eu\/en\/wp-json\/wp\/v2\/types\/product"}],"wp:featuredmedia":[{"embeddable":true,"href":"https:\/\/minervashop.eu\/en\/wp-json\/wp\/v2\/media\/391"}],"wp:attachment":[{"href":"https:\/\/minervashop.eu\/en\/wp-json\/wp\/v2\/media?parent=390"}],"wp:term":[{"taxonomy":"product_brand","embeddable":true,"href":"https:\/\/minervashop.eu\/en\/wp-json\/wp\/v2\/product_brand?post=390"},{"taxonomy":"product_cat","embeddable":true,"href":"https:\/\/minervashop.eu\/en\/wp-json\/wp\/v2\/product_cat?post=390"},{"taxonomy":"product_tag","embeddable":true,"href":"https:\/\/minervashop.eu\/en\/wp-json\/wp\/v2\/product_tag?post=390"}],"curies":[{"name":"wp","href":"https:\/\/api.w.org\/{rel}","templated":true}]}}