{"id":40371,"date":"2022-01-07T11:05:55","date_gmt":"2022-01-07T11:05:55","guid":{"rendered":"https:\/\/minervashop.eu\/toode\/yogi-spice-blend-50g\/"},"modified":"2026-02-16T12:45:04","modified_gmt":"2026-02-16T12:45:04","slug":"yogi-spice-blend-50g","status":"publish","type":"product","link":"https:\/\/minervashop.eu\/en\/product\/yogi-spice-blend-50g\/","title":{"rendered":"Yogi Spice Blend tea"},"content":{"rendered":"<p><strong>Kas Te teadsite, et tee on vee j\u00e4rel k\u00f5ige enam tarbitud jook Maal? Paljudes maades ja kultuurides on spetsiaalsed s\u00fcndmused ja tseremooniad, mis propageerivad teejoomist, n\u00e4iteks nagu teepidu. Vahel on k\u00f5ik, mida Sa vaja, tass teed. Pole mingi saladus, et teejoomine on meile hea, kuna sisaldab antioks\u00fcdante, mis toetavad keha tervist, samal ajal seda niisutades. Tee omadused on kaugelt paremad, kui lihtsalt enese paremini tundmine. Seega, v\u00f5ta ette, l\u00f5\u00f5gastu ja loo parem tervis!     <\/strong><br \/>\n<strong>Avasta enda jaoks meie pakutud teesegud ja tee iga p\u00e4ev teepidu. Need teesegud on 100% puhtad looduslikud segud taimedest ja v\u00fcrtsidest. Naudi!  <\/strong><\/p>\n<p>Spain<\/p>\n<p align=\"justify\"><span style=\"font-size: medium;\"><b>KARDEMON<\/b> \u2013 <i>Elettaria cadamomum <\/i> &#8211; stimuleeriv, soojendav, magus, v\u00e4rske v\u00fcrtsikas. Purustatud seemnetel on pehme k\u00fctkestav l\u00f5hn. Eeterlik \u00f5li on v\u00e4rvitu v\u00f5i kahvatu kollane vedelik pehme magusa v\u00fcrtsika l\u00f5hnaga puiduse tsitruse alatooniga. Kardemon on \u00f5rn kehale, meelele ja s\u00fcdamele. Ta sarnaneb ingverile oma omaduste poolest, eriti soojendava, toniseeriva ja seedimist, lihaseid, hingamisteid ja n\u00e4rve rahustava omaduse poolest. \u00dcle 3000 aasta on kardemoni v\u00e4\u00e4rtustatud koduse v\u00fcrtsina, eriti Indias, Euroopas, Ladina-Ameerikas ja Kesk-Idas. Seda on kasutatud nii ajurveda kui ka traditsioonilises Hiina meditsiinis. Kasutatakse parf\u00fcmeerias ja l\u00f5hna ainena, eriti k\u00f5rgelt hinnatakse seda kui afrodisiaakumi. Ergutav, tuju t\u00f5stev ja tasakaalustav emotsioonidele. L\u00f5\u00f5gastab p\u00e4rast kiiret p\u00e4eva. Aitab aktiveerida ja toetada kroontsakrat vastu v\u00f5tma aegade tarkusi. Leevendab vaimset v\u00e4simust ja parandab m\u00f5ttetegevust. Pakub vaimset selgust. Elustav tuju t\u00f5stev aroom avab meele ja s\u00fcdame., tuues r\u00f5\u00f5mu, selgust, soojust ja s\u00f5bralikkust ning emotsionaalset tasakaalu. Alzheimeri t\u00f5ve korral. V\u00f5ib aidata \u00fcle saada n\u00e4rvivapustusest, \u00e4revusest ja stressi olukorrast. On maandav. Aitab p\u00e4\u00e4seda masendusest ja parandab meeleolu. Stimuleerib s\u00f6\u00f6giisu. Toniseerib seedimist, efektiivne antiseptiline suu\u00f5\u00f5ne v\u00e4rskendaja.. Kergendab k\u00f5huh\u00e4dasid ja iiveldust. Eemaldab k\u00f5hugaase, eriti hea koolikute puhul. Leevendab soolespasme ja puhitust, aitab vabaneda sooleparasiitidest. Tasakaalustab s\u00f6\u00f6giisu. Soodustab kuseeritust ja alandab verer\u00f5hku. K\u00fclmetuse, gripi ja \u00fclemiste hingamisteede p\u00f5letike puhul. Takistab mikroorganismide kasvu ja paljunemist, antiseptik. Ajurveda suuveed sageli sisaldavad kardemoni, kuna ta on kerge astringent, antiseptik, valu vaigistav ja deodoreeriv. Tugevdab igemeid, v\u00e4hendab infektsioone ja kergendab kergemat kurguvalu. Aitab eemaldada liigset lima kurgust. K\u00f6ha vastu. Lar\u00fcngiidi korral lisa kuristamise vette . V\u00fcrtsikas-magusa l\u00f5hna t\u00f5ttu hea lisand huulesalvidesse ja l\u00e4igetesse. NB! \u00c4ra kasuta raseduse ja rinnaga toitmise ajal. Hoia eemal imikutest ja lastest. V\u00e4ldi v\u00e4ikelaste n\u00e4o l\u00e4hedale sattumast, kuna ta v\u00f5ib olla liiga stimuleeriv keskn\u00e4rvis\u00fcsteemile ja p\u00f5hjustada hingamisraskusi. \u00dcldiselt on mittetoksiline, ei \u00e4rrita ega tekita \u00fclitundlikkust. <\/span><\/p>\n<p align=\"justify\"><span style=\"font-size: medium;\"><b>CINNAMON<\/b> &#8211; Cinnamomum zeylanicum An important spice for thousands of years. Leaves and shoots are used. The oil from the leaves is a delicate yellow to light brown and is most commonly used in aromatherapy. The other oil is obtained from the bark, which is dark brown and not usually preferred in aromatherapy. Cinnamon bark <span lang=\"et-EE\">oil<\/span>is mainly produced in Sri Lanka and Madagascar by steam distillation from the <span lang=\"et-EE\">dried <\/span>inner bark of young <span lang=\"et-EE\">shoots<\/span>. <span lang=\"et-EE\">The oil is a pale to dark yellow liquid with a spicy sweet odour. <\/span><span lang=\"et-EE\">It has a deeper, sweeter and richer flavour than oil made from the leaves. <\/span> The smell of cinnamon bark is like comfort food for the brain.      <span lang=\"et-EE\">It is a hot, powerful circulation stimulant, highly effective against infection, acting on a broad spectrum of microbes, viruses and fungi. Good analgesic, energizing, pleasant scent for the emotions.   <\/span>Selle tugev l\u00f5hn paneb n\u00e4rvid liikuma, ergutab meeli, kergendab n\u00e4rvipinget ja v\u00e4hendab stressist tingitud vaimset n\u00f5trust. Annab k\u00fclluse tunde. Koore \u00f5li on v\u00e4ga tugev ja seda tuleb kasutada vaid lahjendatuna asjatundja n\u00f5u abil ja suurtes lahjendustes. V\u00f5imas naha \u00e4rritaja, tundlikkuse tekitaja ja limaskesta \u00e4rritaja. Isegi minimaalne kasutamine v\u00f5ib m\u00f5nedel tekitada dermatiiti. Otsene inhalatsioon pudelist v\u00f5i difuuseris v\u00f5ib p\u00f5hjustada silmade ja hingamisteede \u00e4rritust. See \u00f5li tekitab m\u00e4rkimisv\u00e4\u00e4rset kuumust. kasuta ainult ettekirjutuse j\u00e4rgi ja madalal lahjendusel 0,5% v\u00f5i veel v\u00e4hem. \u00c4ra kasuta raseduse ja rinnaga toitmise ajal! \u00c4ra v\u00f5ta seespidiselt, kui tarbid antikoagulante v\u00f5i diabeedi ravimeid, kirurgiliste l\u00f5ikuste j\u00e4rgselt, maohaavandite, hemofiilia v\u00f5i muu veritsusega haiguse korral. Kasutatakse paljude h\u00e4dade puhul, nagu k\u00f5hulahtisus, seedeprobleemid, menstruaalkrambid, artriit, reuma, k\u00fclmetused ja gripp. Kaneelil on suur osa traditsioonilises meditsiinis, eriti Ajurvedas, traditsioonilises Ida ja India meditsiinis. Parim \u00f5li tsirkulatsiooni parandamiseks. See paneb t\u00f5esti k\u00f5ik liikuma! Kui miski on liigselt kinni v\u00f5i k\u00fclm v\u00f5i tihke &#8211; veri, lima, aeglane seedimine, liikumatud liigesed, isegi m\u00f5tted \u2013 aitab kaneel panna liikuma \u00f5iges suunas. Hea segada ylang-ylang, apelsin, mandariin. Kaneeli \u00f5li on rahustav ja v\u00f5imas antiseptik. Aroomilambis: aitab k\u00fclmetuste ja bronhiidi vastu, v\u00e4hendab depressiooni. Kergendab iiveldust ja oksendamist. Aitab k\u00f5hulahtisuse, bronhiidi, infektsioonide, reuma, gripi, hirmu ja artriidi korral, kui kasutada vannina v\u00f5i massaa\u017eil. On puhastava toimega ning taandab \u00e4revust. Hea v\u00e4rskendaja. Aitab \u00fcle saada kuuma ilma p\u00f5hjustatud v\u00e4simusest. Aitab \u00e4ra hoida ning <span lang=\"et-EE\">leev<\/span><span lang=\"et-EE\">e<\/span><span lang=\"et-EE\">ndab<\/span> k\u00fclmetushaigusi ja grippi. Stimuleerib n\u00e4\u00e4rmete s\u00fcsteemi ja seet\u00f5ttu v\u00e4hendab menstruaalvalu. Abiks mitmete nahaprobleemide, sealhulgas akne ja rasuse naha korral. <b>Ettevaatust Ei sobi kasutamiseks raseduse ajal <\/b> MAAGIA: t\u00f5mbab armastust ligi, edukaks karj\u00e4\u00e4riks, rikkuseks, eluj\u00f5uks.                         <\/span><\/p>\n","protected":false},"excerpt":{"rendered":"<p><span style=\"color: #800000;\"><strong>Sisaldab nelja v\u00fcrtsi: kaneel, nelk, ingver, kardemoni seemned. Need on stimulandid ja afrodisiaakumid. K\u00f5ik need aktiveerivad \u00f5nnehormoone. Soovitatav kasutada teena p\u00e4eva jooksul, kui soovite olla aktiivsed ja nautida maailma.    <\/strong><\/span><\/p>\n<p><span style=\"color: #800000;\"><strong>4g 200ml 95 C, let it steam ca 5-10 minutes<\/strong><\/span><\/p>\n<p>50 g foil pack<\/p>\n<p>35 g and 70 g glass jar<\/p>\n","protected":false},"featured_media":40370,"template":"","meta":[],"product_brand":[],"product_cat":[759,594],"product_tag":[],"class_list":{"0":"post-40371","1":"product","2":"type-product","3":"status-publish","4":"has-post-thumbnail","6":"product_cat-new-en","7":"product_cat-tea","8":"product_shipping_class-xs-en-2","10":"first","11":"instock","12":"taxable","13":"shipping-taxable","14":"purchasable","15":"product-type-variable"},"_links":{"self":[{"href":"https:\/\/minervashop.eu\/en\/wp-json\/wp\/v2\/product\/40371","targetHints":{"allow":["GET"]}}],"collection":[{"href":"https:\/\/minervashop.eu\/en\/wp-json\/wp\/v2\/product"}],"about":[{"href":"https:\/\/minervashop.eu\/en\/wp-json\/wp\/v2\/types\/product"}],"wp:featuredmedia":[{"embeddable":true,"href":"https:\/\/minervashop.eu\/en\/wp-json\/wp\/v2\/media\/40370"}],"wp:attachment":[{"href":"https:\/\/minervashop.eu\/en\/wp-json\/wp\/v2\/media?parent=40371"}],"wp:term":[{"taxonomy":"product_brand","embeddable":true,"href":"https:\/\/minervashop.eu\/en\/wp-json\/wp\/v2\/product_brand?post=40371"},{"taxonomy":"product_cat","embeddable":true,"href":"https:\/\/minervashop.eu\/en\/wp-json\/wp\/v2\/product_cat?post=40371"},{"taxonomy":"product_tag","embeddable":true,"href":"https:\/\/minervashop.eu\/en\/wp-json\/wp\/v2\/product_tag?post=40371"}],"curies":[{"name":"wp","href":"https:\/\/api.w.org\/{rel}","templated":true}]}}