{"id":40958,"date":"2021-11-16T11:32:33","date_gmt":"2021-11-16T11:32:33","guid":{"rendered":"https:\/\/minervashop.eu\/toode\/stone-donut\/"},"modified":"2026-03-04T14:57:27","modified_gmt":"2026-03-04T14:57:27","slug":"stone-donut","status":"publish","type":"product","link":"https:\/\/minervashop.eu\/en\/product\/stone-donut\/","title":{"rendered":"Stone donut"},"content":{"rendered":"<p><strong>M\u00c4EKRISTALL<\/strong>-Kristall, mis imab ja v\u00f5imendab energiat. M\u00e4ekristalli peetakse puhtuse s\u00fcmboliks. Suudab salvestada ja edastada energiat ning seet\u00f5ttu kasutatakse tervendamisel ja mediteerimisel. Pannakse halbade energiav\u00f5ngetega kohtadesse, lastakse veidi aega seista ja negatiivsust endasse koguda, seej\u00e4rel v\u00f5etakse \u00e4ra ja pestakse puhtaks-see parandab paiga energiat. Seotud selguse, tugevuse, eluj\u00f5u, ps\u00fc\u00fchilise tegevuse ja vaimse stimulatsiooniga. Suure kristalli asetamine kolmandale silmale suurendab ps\u00fc\u00fchilisi v\u00f5imeid. M\u00e4ekristallist kuuliga v\u00f5ib p\u00e4ikesekiirega s\u00fc\u00fcdata p\u00fcha tuld &#8211; pange kristallkuul puulaastudele p\u00e4ikese k\u00e4tte. Kritallprisma tekitab vikerkaare.  Rose quartz is known as the stone of unconditional love and compassion. It is often associated with the heart chakra and is believed to promote emotional healing, self-love, and harmony in relationships. The gentle pink hue of rose quartz symbolizes peace, tenderness, and a deep connection to one&#8217;s own emotions.* KEHA: tugevdab energia liikumist, n\u00e4rve, aju, n\u00e4\u00e4rmeid; kergendab valu ja turset; ravitakse voolmeid, k\u00f5hulahtisust, podagrat, neerukive, vedelikupeetust. M\u00e4ekristallide loomus on kootav.   Mees leotatud m\u00e4ekristallid pidavat suurendama piimaeritust<\/p>\n<p align=\"JUSTIFY\"><b>SERPENTIIN e. HIINA JADE <\/b>&#8211; Sobib kaitseks eelk\u00f5ige m\u00fcrgiste olevuste eest. VAIM: hoolitsus; kergendab stressi ja pinget, harmoniseerib tuju muutusi, soodustab tuge ja vastastikust abi. KEHA: lihaskrambid, reguleerib neerude t\u00f6\u00f6d; parandab \u00fclihappesust ja v\u00e4hendab setet soontes.  <\/p>\n","protected":false},"excerpt":{"rendered":"<p align=\"JUSTIFY\"><strong><span style=\"color: #008000;\">MAHAGONOBSIDIAAN \u2013 Maandab ja kaitseb, annab tugevust, kui seda vajatakse, elustab eesm\u00e4rki, k\u00f5rvaldab energiablokaadid. Tugevdab n\u00f5rka aurat ning taastab sakraal- ja p\u00e4ikesep\u00f5imiku t\u0161akrate \u00f5ige p\u00f6\u00f6rlemise. Kehal kantuna leevendab valu ja parandab vereringet.  <\/span><\/strong><\/p>\n<div class=\"product-short-description\">\n<p><strong>see more <a href=\"https:\/\/rnojomku.sendsmaily.net\/templates\/ecf3332f-9eed-4892-b19d-dca55d2a20fc\/html\/\">here<\/a><\/strong><\/p>\n<\/div>\n","protected":false},"featured_media":40959,"template":"","meta":[],"product_brand":[],"product_cat":[359,185,611],"product_tag":[],"class_list":{"0":"post-40958","1":"product","2":"type-product","3":"status-publish","4":"has-post-thumbnail","6":"product_cat-domnu-en","7":"product_cat-natural-stone-pendants","8":"product_cat-other-shape-natural-stones","9":"product_shipping_class-xs-en-2","11":"first","12":"instock","13":"taxable","14":"shipping-taxable","15":"purchasable","16":"product-type-variable"},"_links":{"self":[{"href":"https:\/\/minervashop.eu\/en\/wp-json\/wp\/v2\/product\/40958","targetHints":{"allow":["GET"]}}],"collection":[{"href":"https:\/\/minervashop.eu\/en\/wp-json\/wp\/v2\/product"}],"about":[{"href":"https:\/\/minervashop.eu\/en\/wp-json\/wp\/v2\/types\/product"}],"wp:featuredmedia":[{"embeddable":true,"href":"https:\/\/minervashop.eu\/en\/wp-json\/wp\/v2\/media\/40959"}],"wp:attachment":[{"href":"https:\/\/minervashop.eu\/en\/wp-json\/wp\/v2\/media?parent=40958"}],"wp:term":[{"taxonomy":"product_brand","embeddable":true,"href":"https:\/\/minervashop.eu\/en\/wp-json\/wp\/v2\/product_brand?post=40958"},{"taxonomy":"product_cat","embeddable":true,"href":"https:\/\/minervashop.eu\/en\/wp-json\/wp\/v2\/product_cat?post=40958"},{"taxonomy":"product_tag","embeddable":true,"href":"https:\/\/minervashop.eu\/en\/wp-json\/wp\/v2\/product_tag?post=40958"}],"curies":[{"name":"wp","href":"https:\/\/api.w.org\/{rel}","templated":true}]}}