{"id":46536,"date":"2021-11-16T11:55:13","date_gmt":"2021-11-16T11:55:13","guid":{"rendered":"https:\/\/minervashop.eu\/toode\/kristallide-vonked\/"},"modified":"2024-04-17T14:45:23","modified_gmt":"2024-04-17T14:45:23","slug":"kristallide-vonked","status":"publish","type":"product","link":"https:\/\/minervashop.eu\/en\/product\/kristallide-vonked\/","title":{"rendered":"KRISTALLIDE V\u00d5NKED"},"content":{"rendered":"<p>&nbsp;<\/p>\n<p>Kristallid toetavad ja tervendavad teid, \u00fcksk\u00f5ik kas mediteerite nendega, asetate need kehale, hoiate peos, kannate kaelas, pistate taskusse v\u00f5i paigutate enda l\u00e4hedusse. Sobiva v\u00f5nkesagedusega aroomi\u00f5lid ja \u00f5ietilgad suudavad kristallide m\u00f5ju veelgi tugevdada.<\/p>\n<p>Tervendaja Kerry Nelson Selman (New South Wales, Austraalia) tegeleb reiki, naturopaatia, taimeravi, kristalliravi, aroomiteraapia ja tervisliku toitumisega. Ta on meetodi Vibrational OnenessTM looja ja \u00f5petaja ning loodusravi pakkuva tervisekeskuse Wellness by the Sea omanik.<\/p>\n<table class=\"type01 cke_show_border\">\n<tbody>\n<tr>\n<th>ISBN<\/th>\n<td>9789949965298<\/td>\n<\/tr>\n<tr>\n<th>Ilmumisaasta<\/th>\n<td>2015<\/td>\n<\/tr>\n<tr>\n<th>Keel<\/th>\n<td>eestikeelne<\/td>\n<\/tr>\n<tr>\n<th>Formaat<\/th>\n<td>Pehmekaaneline<\/td>\n<\/tr>\n<tr>\n<th>Lehek\u00fclgi<\/th>\n<td>224 lk<\/td>\n<\/tr>\n<tr>\n<th>M\u00f5\u00f5t<\/th>\n<td>220x155x16 (mm)<\/td>\n<\/tr>\n<\/tbody>\n<\/table>\n","protected":false},"excerpt":{"rendered":"<p>Tutvuge kolmeteistk\u00fcmne kauni kristalliga, mis toovad teile tervist, edu ja r\u00f5\u00f5mu, ning nautige nende v\u00f5imast koostoimet kristallieliksiiride, eeterlike \u00f5lide ja \u00f5ietilkadega. Avastage kivid, mida teie elus just praegu k\u00f5ige enam tarvis on, kombineerige neid eeterlike \u00f5lide ja \u00f5ietilkadega ning \u00f5ppige ise valmistama kristallieliksiiri.<\/p>\n","protected":false},"featured_media":46537,"template":"","meta":[],"product_brand":[],"product_cat":[586],"product_tag":[],"class_list":{"0":"post-46536","1":"product","2":"type-product","3":"status-publish","4":"has-post-thumbnail","6":"product_cat-crystal-books","7":"product_shipping_class-xs-en-2","9":"first","10":"instock","11":"taxable","12":"shipping-taxable","13":"purchasable","14":"product-type-simple"},"_links":{"self":[{"href":"https:\/\/minervashop.eu\/en\/wp-json\/wp\/v2\/product\/46536","targetHints":{"allow":["GET"]}}],"collection":[{"href":"https:\/\/minervashop.eu\/en\/wp-json\/wp\/v2\/product"}],"about":[{"href":"https:\/\/minervashop.eu\/en\/wp-json\/wp\/v2\/types\/product"}],"wp:featuredmedia":[{"embeddable":true,"href":"https:\/\/minervashop.eu\/en\/wp-json\/wp\/v2\/media\/46537"}],"wp:attachment":[{"href":"https:\/\/minervashop.eu\/en\/wp-json\/wp\/v2\/media?parent=46536"}],"wp:term":[{"taxonomy":"product_brand","embeddable":true,"href":"https:\/\/minervashop.eu\/en\/wp-json\/wp\/v2\/product_brand?post=46536"},{"taxonomy":"product_cat","embeddable":true,"href":"https:\/\/minervashop.eu\/en\/wp-json\/wp\/v2\/product_cat?post=46536"},{"taxonomy":"product_tag","embeddable":true,"href":"https:\/\/minervashop.eu\/en\/wp-json\/wp\/v2\/product_tag?post=46536"}],"curies":[{"name":"wp","href":"https:\/\/api.w.org\/{rel}","templated":true}]}}