{"id":48040,"date":"2021-11-16T12:09:41","date_gmt":"2021-11-16T12:09:41","guid":{"rendered":"https:\/\/minervashop.eu\/toode\/kristallravi-raamat-ja-kaardid\/"},"modified":"2021-11-16T12:09:41","modified_gmt":"2021-11-16T12:09:41","slug":"kristallravi-raamat-ja-kaardid","status":"publish","type":"product","link":"https:\/\/minervashop.eu\/en\/product\/kristallravi-raamat-ja-kaardid\/","title":{"rendered":"KRISTALLRAVI. RAAMAT JA KAARDID"},"content":{"rendered":"<p>Sellest kaunist komplektist leiab juhised, kuidas kasutada kristallide energiat oma v\u00f5imete, suhete ja tuleviku arendamiseks, samuti kuidas igivanu rituaale ja ennustustehnikaid kasutades iseennast paremini m\u00f5ista ja tervendada.<br \/>\nRaamatuga on kaasas kolmk\u00fcmmend kuus kaunist kristalliga kaarti, mida saab kasutada ennustamisel ja visualiseerimisel kristallide asemel.<\/p>\n<table class=\"type01\">\n<tbody>\n<tr>\n<th>EAN<\/th>\n<td>9789985336649<\/td>\n<\/tr>\n<tr>\n<th>Ilmumisaasta<\/th>\n<td>2016<\/td>\n<\/tr>\n<tr>\n<th>Keel<\/th>\n<td>eestikeelne<\/td>\n<\/tr>\n<tr>\n<th>Formaat<\/th>\n<td>K\u00f5vakaaneline<\/td>\n<\/tr>\n<tr>\n<th>Lehek\u00fclgi<\/th>\n<td>96 lk<\/td>\n<\/tr>\n<tr>\n<th>M\u00f5\u00f5t<\/th>\n<td>203x152x24 (mm)<\/td>\n<\/tr>\n<\/tbody>\n<\/table>\n","protected":false},"excerpt":{"rendered":"<p>Sellest kaunist komplektist leiab juhised, kuidas kasutada kristallide energiat oma v\u00f5imete, suhete ja tuleviku arendamiseks, samuti kuidas igivanu rituaale ja ennustustehnikaid kasutades iseennast paremini m\u00f5ista ja tervendada. Raamatuga on kaasas kolmk\u00fcmmend kuus kaunist kristalliga kaarti, mida saab kasutada ennustamisel ja visualiseerimisel kristallide asemel. EAN 9789985336649 Ilmumisaasta 2016 Keel eestikeelne Formaat K\u00f5vakaaneline Lehek\u00fclgi 96 lk M\u00f5\u00f5t [&#8230;]\n","protected":false},"featured_media":48041,"template":"","meta":[],"product_brand":[],"product_cat":[670,313,586],"product_tag":[],"class_list":{"0":"post-48040","1":"product","2":"type-product","3":"status-publish","4":"has-post-thumbnail","6":"product_cat-sale","7":"product_cat-other-divination-decks","8":"product_cat-crystal-books","9":"product_shipping_class-xs-en-2","11":"first","12":"outofstock","13":"sale","14":"taxable","15":"shipping-taxable","16":"purchasable","17":"product-type-simple"},"_links":{"self":[{"href":"https:\/\/minervashop.eu\/en\/wp-json\/wp\/v2\/product\/48040","targetHints":{"allow":["GET"]}}],"collection":[{"href":"https:\/\/minervashop.eu\/en\/wp-json\/wp\/v2\/product"}],"about":[{"href":"https:\/\/minervashop.eu\/en\/wp-json\/wp\/v2\/types\/product"}],"wp:featuredmedia":[{"embeddable":true,"href":"https:\/\/minervashop.eu\/en\/wp-json\/wp\/v2\/media\/48041"}],"wp:attachment":[{"href":"https:\/\/minervashop.eu\/en\/wp-json\/wp\/v2\/media?parent=48040"}],"wp:term":[{"taxonomy":"product_brand","embeddable":true,"href":"https:\/\/minervashop.eu\/en\/wp-json\/wp\/v2\/product_brand?post=48040"},{"taxonomy":"product_cat","embeddable":true,"href":"https:\/\/minervashop.eu\/en\/wp-json\/wp\/v2\/product_cat?post=48040"},{"taxonomy":"product_tag","embeddable":true,"href":"https:\/\/minervashop.eu\/en\/wp-json\/wp\/v2\/product_tag?post=48040"}],"curies":[{"name":"wp","href":"https:\/\/api.w.org\/{rel}","templated":true}]}}