{"id":48596,"date":"2021-11-16T12:17:12","date_gmt":"2021-11-16T12:17:12","guid":{"rendered":"https:\/\/minervashop.eu\/toode\/tervenda-ennast-koos-inglitega\/"},"modified":"2021-11-16T12:17:12","modified_gmt":"2021-11-16T12:17:12","slug":"tervenda-ennast-koos-inglitega","status":"publish","type":"product","link":"https:\/\/minervashop.eu\/en\/product\/tervenda-ennast-koos-inglitega\/","title":{"rendered":"TERVENDA ENNAST KOOS INGLITEGA."},"content":{"rendered":"<h1 class=\"type01\">TERVENDA ENNAST KOOS INGLITEGA. MEDITATSIOONID, PALVETEKSTID JA \u00d5PETUSED<\/h1>\n<p>Valgusta oma vaimu, leia hingerahu, tervenda keha ja lahenda igap\u00e4evaprobleemid inglite abiga. Kohtumised inglitega aitavad \u00fcle saada depressioonist, \u00e4revusest, \u00fcksindusest, usaldamatusest ja rahamuredest, andes sinu elule uue suuna.<\/p>\n<p>Patricia Pappsi inglimeditatsioonid, palvetekstid ja \u00f5petused aitavad teoks teha suurimad unistused, j\u00f5uda sisemise tarkuseni, ravida haigusi ja leevendada muresid. Inglid j\u00e4\u00e4vad sinu juurde kogu eluks.<\/p>\n<p>\u201eOlen inglitega t\u00f6\u00f6tanud palju aastaid ning n\u00e4inud v\u00f5luv\u00e4ge ja imesid. T\u00f6\u00f6 inglitega on minu elu r\u00f5\u00f5mutoovaim osa, mis on t\u00e4itnud mu hinge rahuloluga ja aidanud mul k\u00f5ige kaunimal viisil vaimselt kasvada. T\u00f6\u00f6 inglitega toob ka sulle suurt r\u00f5\u00f5mu ja rahulolu isiklike saavutuste \u00fcle. Inglid avavad meile meie t\u00f5elise potentsiaali ja n\u00e4itavad k\u00e4tte maagilise teeraja, mida m\u00f6\u00f6da elus sammuda \u2013 raja, kus meid k\u00f5ikidel eluhetkedel saadavad inglid.\u201c<\/p>\n<p>Patricia Papps (Dorset, Suurbritannia) on \u00f5ppinud ingleid tundma ja praktiseerinud meditatsiooni ning vaimset tervendamist \u00fcle kahek\u00fcmne viie aasta. Ta on t\u00f6\u00f6tanud raamatute ja ajakirjade illustraatorina, kirjastanud, kujundanud \u00f5nnitluskaarte ja kirjatarbeid.<\/p>\n<table class=\"type01 cke_show_border\">\n<tbody>\n<tr>\n<th>ISBN<\/th>\n<td>9789949965267<\/td>\n<\/tr>\n<tr>\n<th>Ilmumisaasta<\/th>\n<td>2015<\/td>\n<\/tr>\n<tr>\n<th>Keel<\/th>\n<td>eestikeelne<\/td>\n<\/tr>\n<tr>\n<th>Formaat<\/th>\n<td>Pehmekaaneline<\/td>\n<\/tr>\n<tr>\n<th>Lehek\u00fclgi<\/th>\n<td>223 lk<\/td>\n<\/tr>\n<tr>\n<th>M\u00f5\u00f5t<\/th>\n<td>210x146x16 (mm)<\/td>\n<\/tr>\n<\/tbody>\n<\/table>\n","protected":false},"excerpt":{"rendered":"<p>Teadmine, et me v\u00f5ime igas olukorras loota inglite abile, annab lisaj\u00f5udu, sest me avame kanali, millesse saab voolata inglite v\u00e4gi. Inglid soovivad, et n\u00e4eksime neid s\u00f5pradena, kes ei arvusta meid meie eksimuste ja n\u00f5rkuste p\u00e4rast ning on alati valmis appi tulema. Nende v\u00f5luj\u00f5ud suudab meie unistused t\u00f5eks teha ja elu \u00f5nnelikumaks muuta. See on imeline t\u00f5siasi, mida peaksime oma igap\u00e4evaelus alati meeles pidama. Inglite s\u00f5numid on inspireerivad, positiivsed ja lootusest t\u00e4idetud, nende tervendav j\u00f5ud toob meile s\u00fcgavama m\u00f5istmise enda vaimsest minast.<\/p>\n","protected":false},"featured_media":48597,"template":"","meta":[],"product_brand":[],"product_cat":[380],"product_tag":[],"class_list":{"0":"post-48596","1":"product","2":"type-product","3":"status-publish","4":"has-post-thumbnail","6":"product_cat-books-for-self-help","7":"product_shipping_class-xs-en-2","9":"first","10":"instock","11":"taxable","12":"shipping-taxable","13":"purchasable","14":"product-type-simple"},"_links":{"self":[{"href":"https:\/\/minervashop.eu\/en\/wp-json\/wp\/v2\/product\/48596","targetHints":{"allow":["GET"]}}],"collection":[{"href":"https:\/\/minervashop.eu\/en\/wp-json\/wp\/v2\/product"}],"about":[{"href":"https:\/\/minervashop.eu\/en\/wp-json\/wp\/v2\/types\/product"}],"wp:featuredmedia":[{"embeddable":true,"href":"https:\/\/minervashop.eu\/en\/wp-json\/wp\/v2\/media\/48597"}],"wp:attachment":[{"href":"https:\/\/minervashop.eu\/en\/wp-json\/wp\/v2\/media?parent=48596"}],"wp:term":[{"taxonomy":"product_brand","embeddable":true,"href":"https:\/\/minervashop.eu\/en\/wp-json\/wp\/v2\/product_brand?post=48596"},{"taxonomy":"product_cat","embeddable":true,"href":"https:\/\/minervashop.eu\/en\/wp-json\/wp\/v2\/product_cat?post=48596"},{"taxonomy":"product_tag","embeddable":true,"href":"https:\/\/minervashop.eu\/en\/wp-json\/wp\/v2\/product_tag?post=48596"}],"curies":[{"name":"wp","href":"https:\/\/api.w.org\/{rel}","templated":true}]}}