{"id":49158,"date":"2021-11-16T12:16:09","date_gmt":"2021-11-16T12:16:09","guid":{"rendered":"https:\/\/minervashop.eu\/toode\/sclessite-white-l\/"},"modified":"2026-03-03T09:32:48","modified_gmt":"2026-03-03T09:32:48","slug":"sclessite-white-l","status":"publish","type":"product","link":"https:\/\/minervashop.eu\/en\/product\/sclessite-white-l\/","title":{"rendered":"Scolessite white tumble stone piece"},"content":{"rendered":"<p><b>SKOLESSIIT<\/b> &#8211; Skolessiit on v\u00e4ga k\u00f5rge vibratsiooniga kristall ning seet\u00f5ttu on ta hea abiline k\u00f5rgemate vaimolendite ja oma hingega parema \u00fchenduse leidmisel. Samuti resoneerub ta tugevalt s\u00fcdamet\u0161akra ning sellest k\u00f5rgemal asuvate energiakeskustega. Skolessiit \u00e4ratab s\u00fcdame ning soodustab s\u00fcgavat sisemist rahulolu. Ta on ka spirituaalse transformatsiooni kristall. Skolessiit aitab Sul v\u00f5tta kontrolli oma elus toimuva \u00fcle ning tuua oma ellu just need inimesed, olukorrad ja asjad, mida Sa oma s\u00fcdames soovid. See pilkup\u00fc\u00fcdev kristall aitab Sul ka rahuneda, l\u00f5\u00f5gastuda ning temast on v\u00e4ga palju abi, kui Sul on probleeme uinumise v\u00f5i rahutu ja katkendliku unega. Harmooniliste suhete ning s\u00fcgava ja puhta armastuse s\u00fcmboliks. Kasutatakse tema k\u00f5rgete vibratsioonide t\u00f5ttu sageli kanaldamiseks, inglitega \u00fchenduse loomiseks, iidsete tsivilisatsioonide teadmistele ligip\u00e4\u00e4semiseks v\u00f5i r\u00e4nnakuteks. V\u00f5rreldes teiste Kolmanda Silma kristallidega, on skolessiit \u00fclimalt leebe ja rahulik. Kroont\u0161akraga resoneeruva kristallina t\u00e4idab ta kogu keha \u00f5rna ja puhta energiaga. Hea k\u00f5rgemate t\u0161akrate puhastaja. Parasiitide kehast v\u00e4ljutamiseks. Aitab leevendada s\u00fcdame, selgroo ja kopsudega seotud vaevuseid. Vereloome ja vereringe turgutaja ning tasakaalustaja. Sobib k\u00f5ikidele. Oma k\u00f5rge vibratsiooni ja rahustava toime poolest sobib ta h\u00e4sti nii vaimse arengu teel liikujale, kui ka s\u00fcdamevalu v\u00f5i liigse stressi k\u00e4es kannatavale inimesele. Hea abiline rahutu une ja uinumish\u00e4irete all kannatajale. Kuna skolessiit aitab m\u00f5ista probleemseid olukordi ning leida nendele k\u00f5iki osapooli rahuldavad harmoonilised lahendused, siis soovitatakse teda ka konfliktsete inimeste ja meeskondade juhtimisega seotud inimestele. Tugev toime Kolmandale Silmale, Kroont\u0161akrale (sh. K\u00f5rgemale Kroont\u0161akrale) ning S\u00fcdamet\u0161akrale.                  <\/p>\n","protected":false},"excerpt":{"rendered":"<p>L ca 2-3 cm<\/p>\n","protected":false},"featured_media":49159,"template":"","meta":[],"product_brand":[],"product_cat":[759,670,392],"product_tag":[],"class_list":{"0":"post-49158","1":"product","2":"type-product","3":"status-publish","4":"has-post-thumbnail","6":"product_cat-new-en","7":"product_cat-sale","8":"product_cat-tumble-stones","9":"product_shipping_class-xs-en-2","11":"first","12":"instock","13":"sale","14":"taxable","15":"shipping-taxable","16":"purchasable","17":"product-type-simple"},"_links":{"self":[{"href":"https:\/\/minervashop.eu\/en\/wp-json\/wp\/v2\/product\/49158","targetHints":{"allow":["GET"]}}],"collection":[{"href":"https:\/\/minervashop.eu\/en\/wp-json\/wp\/v2\/product"}],"about":[{"href":"https:\/\/minervashop.eu\/en\/wp-json\/wp\/v2\/types\/product"}],"wp:featuredmedia":[{"embeddable":true,"href":"https:\/\/minervashop.eu\/en\/wp-json\/wp\/v2\/media\/49159"}],"wp:attachment":[{"href":"https:\/\/minervashop.eu\/en\/wp-json\/wp\/v2\/media?parent=49158"}],"wp:term":[{"taxonomy":"product_brand","embeddable":true,"href":"https:\/\/minervashop.eu\/en\/wp-json\/wp\/v2\/product_brand?post=49158"},{"taxonomy":"product_cat","embeddable":true,"href":"https:\/\/minervashop.eu\/en\/wp-json\/wp\/v2\/product_cat?post=49158"},{"taxonomy":"product_tag","embeddable":true,"href":"https:\/\/minervashop.eu\/en\/wp-json\/wp\/v2\/product_tag?post=49158"}],"curies":[{"name":"wp","href":"https:\/\/api.w.org\/{rel}","templated":true}]}}