{"id":49487,"date":"2021-11-16T11:29:53","date_gmt":"2021-11-16T11:29:53","guid":{"rendered":"https:\/\/minervashop.eu\/toode\/bronzite-m\/"},"modified":"2026-03-03T10:18:54","modified_gmt":"2026-03-03T10:18:54","slug":"bronzite-m","status":"publish","type":"product","link":"https:\/\/minervashop.eu\/en\/product\/bronzite-m\/","title":{"rendered":"Bronzite tumble stone"},"content":{"rendered":"<p>BRONZIIT-sisemine meelerahu, annab eluj\u00f5udu ja sisemist rahu \u00fcheaegselt, taastab kroonilisest kurnatusest; aitab s\u00e4ilitada selget pead ja kontrolli p\u00fcsiva stressi \u00fcle. KEHA: tugevdab n\u00e4rve, vabastab krampidest ja leevendab valu. <\/p>\n","protected":false},"excerpt":{"rendered":"<p>piece . M &#8211; ca 2-3 -2 cm <\/p>\n<p>30g pack stones ca 0.8-1 cm<\/p>\n<div class=\"product-short-description\">\n<h4><strong>see more <a href=\"https:\/\/minervashop.eu\/uudised\/naturaalsete-kivide-vagi\/\">here<\/a><\/strong><\/h4>\n<\/div>\n","protected":false},"featured_media":49488,"template":"","meta":[],"product_brand":[],"product_cat":[759,392],"product_tag":[],"class_list":{"0":"post-49487","1":"product","2":"type-product","3":"status-publish","4":"has-post-thumbnail","6":"product_cat-new-en","7":"product_cat-tumble-stones","8":"product_shipping_class-xs-en-2","10":"first","11":"instock","12":"taxable","13":"shipping-taxable","14":"purchasable","15":"product-type-variable"},"_links":{"self":[{"href":"https:\/\/minervashop.eu\/en\/wp-json\/wp\/v2\/product\/49487","targetHints":{"allow":["GET"]}}],"collection":[{"href":"https:\/\/minervashop.eu\/en\/wp-json\/wp\/v2\/product"}],"about":[{"href":"https:\/\/minervashop.eu\/en\/wp-json\/wp\/v2\/types\/product"}],"wp:featuredmedia":[{"embeddable":true,"href":"https:\/\/minervashop.eu\/en\/wp-json\/wp\/v2\/media\/49488"}],"wp:attachment":[{"href":"https:\/\/minervashop.eu\/en\/wp-json\/wp\/v2\/media?parent=49487"}],"wp:term":[{"taxonomy":"product_brand","embeddable":true,"href":"https:\/\/minervashop.eu\/en\/wp-json\/wp\/v2\/product_brand?post=49487"},{"taxonomy":"product_cat","embeddable":true,"href":"https:\/\/minervashop.eu\/en\/wp-json\/wp\/v2\/product_cat?post=49487"},{"taxonomy":"product_tag","embeddable":true,"href":"https:\/\/minervashop.eu\/en\/wp-json\/wp\/v2\/product_tag?post=49487"}],"curies":[{"name":"wp","href":"https:\/\/api.w.org\/{rel}","templated":true}]}}