{"id":49511,"date":"2021-11-16T11:29:53","date_gmt":"2021-11-16T11:29:53","guid":{"rendered":"https:\/\/minervashop.eu\/toode\/heliothrope-l\/"},"modified":"2026-03-03T10:08:11","modified_gmt":"2026-03-03T10:08:11","slug":"heliothrope-l","status":"publish","type":"product","link":"https:\/\/minervashop.eu\/en\/product\/heliothrope-l\/","title":{"rendered":"Heliothrope tumble stone piece"},"content":{"rendered":"<p align=\"JUSTIFY\">India<br \/>\n2 cm<\/p>\n<p><b>Heliothrope, bloodstone <\/b>Bloodstone, also known as heliotrope, is a green stone with red spots (caused by iron oxide) and has protective and grounding qualities. The stone has a calming effect in case of annoyance, aggression and impatience and thus improves self-control. But the stone is also activating, invigorating and uplifting when tired. Heliotrope helps one to set limits and keep out negative influences. But at the same time it can help to be more flexible and increase adaptability. Physically, the stone also has a balancing and neutralising effect.*            <\/p>\n","protected":false},"excerpt":{"rendered":"<p>Peetakse tervistavaks kiviks, mis taaselustab suhteid ja puhastab, annab julgust ja aitab v\u00f5ita takistusi. KEHA: tugevdab immuunsust ja l\u00fcmfi, aitab s\u00fcdame-, veresoonte probleemide ning gripi, k\u00fclmetuse, infektsiooni, p\u00f5letiku ja m\u00e4da tekke puhul. Toetab s\u00fcdame t\u00f6\u00f6d, parandab vereringet. Kasutatakse ninaverejooksu peatamiseks ja hemorroidide raviks. Aitab puhastada verd, neerusid, p\u00f5rna, maksa.    <\/p>\n","protected":false},"featured_media":49512,"template":"","meta":[],"product_brand":[],"product_cat":[392],"product_tag":[],"class_list":{"0":"post-49511","1":"product","2":"type-product","3":"status-publish","4":"has-post-thumbnail","6":"product_cat-tumble-stones","7":"product_shipping_class-xs-en-2","9":"first","10":"instock","11":"taxable","12":"shipping-taxable","13":"purchasable","14":"product-type-simple"},"_links":{"self":[{"href":"https:\/\/minervashop.eu\/en\/wp-json\/wp\/v2\/product\/49511","targetHints":{"allow":["GET"]}}],"collection":[{"href":"https:\/\/minervashop.eu\/en\/wp-json\/wp\/v2\/product"}],"about":[{"href":"https:\/\/minervashop.eu\/en\/wp-json\/wp\/v2\/types\/product"}],"wp:featuredmedia":[{"embeddable":true,"href":"https:\/\/minervashop.eu\/en\/wp-json\/wp\/v2\/media\/49512"}],"wp:attachment":[{"href":"https:\/\/minervashop.eu\/en\/wp-json\/wp\/v2\/media?parent=49511"}],"wp:term":[{"taxonomy":"product_brand","embeddable":true,"href":"https:\/\/minervashop.eu\/en\/wp-json\/wp\/v2\/product_brand?post=49511"},{"taxonomy":"product_cat","embeddable":true,"href":"https:\/\/minervashop.eu\/en\/wp-json\/wp\/v2\/product_cat?post=49511"},{"taxonomy":"product_tag","embeddable":true,"href":"https:\/\/minervashop.eu\/en\/wp-json\/wp\/v2\/product_tag?post=49511"}],"curies":[{"name":"wp","href":"https:\/\/api.w.org\/{rel}","templated":true}]}}