{"id":49747,"date":"2021-11-16T13:17:17","date_gmt":"2021-11-16T13:17:17","guid":{"rendered":"https:\/\/minervashop.eu\/toode\/juhised-kristallidega-tootamiseks\/"},"modified":"2024-04-17T14:43:53","modified_gmt":"2024-04-17T14:43:53","slug":"juhised-kristallidega-tootamiseks","status":"publish","type":"product","link":"https:\/\/minervashop.eu\/en\/product\/juhised-kristallidega-tootamiseks\/","title":{"rendered":"JUHISED KRISTALLIDEGA T\u00d6\u00d6TAMISEKS"},"content":{"rendered":"<h1 class=\"type01\">JUHISED KRISTALLIDEGA T\u00d6\u00d6TAMISEKS. T\u00c4HESTIKULISED JUHISED<\/h1>\n<p><strong>T\u00e4hestikulised juhised kristallide kasutamiseks ruumi puhastamisel,\u00a0<em>feng shui\u00a0<\/em>rakendamisel ja ps\u00fc\u00fchilise kaitse tagamisel\u00a0<\/strong><\/p>\n<ul>\n<li>Kristallid abistavad, kui teil on vaja luua turvalist ruumi igap\u00e4evaeluks v\u00f5i mediteerimiseks, rahuoaasi sumisevas t\u00f6\u00f6keskkonnas v\u00f5i kaitsta kodu, mis asub k\u00f5rge kuritegevusega piirkonnas.<\/li>\n<li>Te saate tegutseda harmoonias feng shui bagua\u2019ga, et meelitada ligi k\u00fcllust ja edendada oma elu k\u00f5iki valdkondi.<\/li>\n<li>Te leiate kristallid vaimude eemale peletamiseks ja needusest vabanemiseks s\u00f5ltumata sellest, kui kaugete esivanematega see seotud on; spirituaalse klammerdumise eemaldamiseks ja kaotatud hinge osade tagasisaamiseks, v\u00e4ltimaks ps\u00fc\u00fchilist r\u00fcnnakut.<\/li>\n<li>Kristallid aitavad teil tugevdada oma aurat, luua tulem\u00fc\u00fcri enda ja v\u00e4lisilma vahele ja t\u00f5rjuda ps\u00fc\u00fchilist invasiooni.<\/li>\n<li>Te \u00f5pite valmistama praktilisi amulette igap\u00e4evaseks kandmiseks ja panema kristalle enda kasuks t\u00f6\u00f6le.<\/li>\n<\/ul>\n<table class=\"type01 cke_show_border\">\n<tbody>\n<tr>\n<th>ISBN<\/th>\n<td>9789949822775<\/td>\n<\/tr>\n<tr>\n<th>Ilmumisaasta<\/th>\n<td>2018<\/td>\n<\/tr>\n<tr>\n<th>Keel<\/th>\n<td>eestikeelne<\/td>\n<\/tr>\n<tr>\n<th>Formaat<\/th>\n<td>Pehmekaaneline<\/td>\n<\/tr>\n<tr>\n<th>Lehek\u00fclgi<\/th>\n<td>320 lk<\/td>\n<\/tr>\n<tr>\n<th>M\u00f5\u00f5t<\/th>\n<td>200x128x21 (mm)<\/td>\n<\/tr>\n<\/tbody>\n<\/table>\n","protected":false},"excerpt":{"rendered":"<p><em>Rahvusvaheliselt tuntud autor, astroloog, meedium, tervendaja ja t\u00f6\u00f6tubade tegija Judy Hall on olnud karman\u00f5ustaja \u00fcle neljak\u00fcmne viie aasta, ta on kirjutanud miljonites eksemplarides m\u00fc\u00fcdud \u201eKristallide piibli\u201c. Tema raamatuid on t\u00f5lgitud viieteistk\u00fcmnesse keelde.<\/em><\/p>\n","protected":false},"featured_media":49748,"template":"","meta":[],"product_brand":[],"product_cat":[586],"product_tag":[],"class_list":{"0":"post-49747","1":"product","2":"type-product","3":"status-publish","4":"has-post-thumbnail","6":"product_cat-crystal-books","7":"product_shipping_class-xs-en-2","9":"first","10":"instock","11":"taxable","12":"shipping-taxable","13":"purchasable","14":"product-type-simple"},"_links":{"self":[{"href":"https:\/\/minervashop.eu\/en\/wp-json\/wp\/v2\/product\/49747","targetHints":{"allow":["GET"]}}],"collection":[{"href":"https:\/\/minervashop.eu\/en\/wp-json\/wp\/v2\/product"}],"about":[{"href":"https:\/\/minervashop.eu\/en\/wp-json\/wp\/v2\/types\/product"}],"wp:featuredmedia":[{"embeddable":true,"href":"https:\/\/minervashop.eu\/en\/wp-json\/wp\/v2\/media\/49748"}],"wp:attachment":[{"href":"https:\/\/minervashop.eu\/en\/wp-json\/wp\/v2\/media?parent=49747"}],"wp:term":[{"taxonomy":"product_brand","embeddable":true,"href":"https:\/\/minervashop.eu\/en\/wp-json\/wp\/v2\/product_brand?post=49747"},{"taxonomy":"product_cat","embeddable":true,"href":"https:\/\/minervashop.eu\/en\/wp-json\/wp\/v2\/product_cat?post=49747"},{"taxonomy":"product_tag","embeddable":true,"href":"https:\/\/minervashop.eu\/en\/wp-json\/wp\/v2\/product_tag?post=49747"}],"curies":[{"name":"wp","href":"https:\/\/api.w.org\/{rel}","templated":true}]}}