{"id":49999,"date":"2021-11-16T12:11:33","date_gmt":"2021-11-16T12:11:33","guid":{"rendered":"https:\/\/minervashop.eu\/toode\/stone-egg\/"},"modified":"2026-01-22T15:50:18","modified_gmt":"2026-01-22T15:50:18","slug":"stone-egg","status":"publish","type":"product","link":"https:\/\/minervashop.eu\/en\/product\/stone-egg\/","title":{"rendered":"Natural stone egg"},"content":{"rendered":"<p align=\"JUSTIFY\"><b>AHHAAT<\/b>&#8211; maturity and peace of mind; protection, warmth, security, self-confidence, sense of reality, practical thinking. Ahhadi has the quality of providing inner peace and perseverance. It surrounds with harmony and friendship. Promotes stability and calms anxiety. One of the most ancient talismans. A protective stone for the one born into this world. Thus suitable for pregnant women, helps with post-natal depression and protects against bad dreams, evil eye and stress. Suitable for a sad person to say that all bad things will pass. Gives energy to move on, protects inner stability and peace. It is also well known as an attractor of wealth. Ahhaat is healthy and soothing to the environment. Ahhaat can be worn by all zodiac signs. KEHA: for pregnant women; eyes, blood vessels and skin; hollow organs such as the stomach, intestines, etc.; to treat alcoholism and skin irritations, stops bleeding from wounds. An ancient mystery claimed that ahhaat makes the wearer invisible. Signifies courage, longevity and prosperity. Gives stability, security, emotional balance and acceptance of each other as we are. It cures insomnia, sends pleasant dreams, protects the wearer from danger and gives courage to the heart. The black monkey charm, with a white circle resembling an eye, is used as a protective charm against evil. It calms after a hard day.<\/p>\n<p align=\"JUSTIFY\"><i><b>Must ahhaat<\/b><\/i><b> <\/b>t\u00e4histab julgust, eluj\u00f5udu ja j\u00f5ukust, Valgete v\u00f6\u00f6tidega must ahhaat aitab vastuoludes, kaitseb kehalise h\u00e4daohu eest, hoiab kandjat hukatusest ja eba\u00f5nnest, karastab s\u00fcdant, teeb mehed tugevaks, meeldivaks ja k\u00fclget\u00f5mbavaks.<\/p>\n<p align=\"JUSTIFY\"><b>KALTSIIT<\/b>&#8211; enesekindlus; suurendab oma v\u00f5imetele vastavalt enesest lugupidamist ja eneseusaldust; soodustab optimismi, sattumata ebareaalsusesse. KEHA: kiirendab seedimist ja sidekudede, veresoonte ning naha tervenemist. Kaltsiit on kasulik sooltele, kuna see m\u00f5jub positiivselt soolefloorale ja soole aktiivsusele. Kristallivesi on v\u00e4ga hea laisale soolestikule, k\u00f5hukinnisusele, k\u00f5hulahtisusele ja puhitusele. V\u00e4ldib auto-toksifikatsiooni l\u00e4bi fermentatsiooni ja lagunemise. Erinevat v\u00e4rvi kaltsiitidel on antud lisa-efekti: <i><b>kollane<\/b><\/i> tugevdab seedimist. MAAGIA: kaaslase s\u00f5ltuvust tekitavate manipulatsioonide korral annab eneskindlust ning aitab vabastada negatiivsetest m\u00f5tetest ja vabastab depressioonist      <\/p>\n<p align=\"JUSTIFY\"><a id=\"SELENIIT\" name=\"SELENIIT\" data-cke-saved-name=\"SELENIIT\"><\/a>Note: This is a natural product, the exact size, shape and colour can vary slightly and may differ from the picture shown.<br \/>\nThe largest Selenite collection in the EU: Phoenix Import is the largest EU distributor of selenite products. We are proud to offer you both unique designs and the best available prices in Europe.<br \/>\nFeng Shui harmony: Place selenite objects in corners of the house as it is the best stone for shifting energy blocks and increasing harmonious Feng Shui in living spaces.   Healing Properties: This crystal is believed to have the power to cleanse and charge other crystals, clear blockages in one\u2019s energy field, and direct high-frequency energy into the body, promoting spiritual growth and mental clarity. Meaning: Selenite, named after the Greek goddess of the moon Selene, represents the pure essence of moonlight. She had the power to light up the night and had an ever-changing personality that seemed to ebb and flow. She was the daughter of Hyperion and Thea, depicted riding a horse or winged chariot with a lunar crescent as a crown upon her head. Selenite, named after the Greek goddess of the moon Selene, represents moonlight and symbolizes clarity, purity, peace, and consciousness. Protection: Selenite is touted as a protective stone that shields a person or space from outside influences and is especially useful for warding off harmful spirits and providing a safe, peaceful environment. The ideal gift: Selenite products are reasonably priced ideal gifts. Spiritual Connection: Selenite, particularly in the form of an angel, is often used to enhance spiritual connections. It is said to help connect with higher powers and ease communication with one&#8217;s guardian angels. Perfect for spiritual rituals and elegant home decor, these knives not only purify and protect, but also symbolize cutting away negativity to foster personal growth and clarity. Selenite Ceremonial Knives blend beauty with profound spiritual significance and are suitable for all esoteric shops.<br \/>\nCare: Selenite is a soft and delicate crystal that should be kept dry and cleansed energetically, rather than with water, to maintain its integrity and vibrational properties.<br \/>\nCare: Selenite is a soft and delicate crystal that should be kept dry and cleansed energetically, rather than with water, to maintain its integrity and vibrational properties.        <\/p>\n<p align=\"JUSTIFY\"><b>AMET\u00dcST<\/b>&#8211; MAAGIA: Aitab s\u00e4ilitada noorust. Kandke rinnahoidja sees, s\u00fcdame l\u00e4hedal. Amet\u00fcst on meelte kivi &#8211; see on alandlikkuse, meelerahu, vagaduse ja loobumise kivi. Toob rahu ja selgust sinna, kus on rahutus ja segadus.<br \/>\nS\u00fcmboliseerib hingelist tarkust.  Rahustab ka k\u00f5ige tulisemaid inimesi.<br \/>\nAmet\u00fcsti seostati veinijumal Bakchosega ja usuti,et see aitab liigse joobe vastu.  Amet\u00fcstpeekrist juues kontrollib see jooja meelt, et see ei j\u00e4\u00e4ks purju. T\u00e4nap\u00e4eval kasutatakse amet\u00fcsti abivahendina joobe vastu. Legendi j\u00e4rgi muutis Bachos noore neitsi kiviks ja kahetsedes seda, valas ta kuju \u00fcle veiniga. Seej\u00e4rel muutus kuju lillaks ja sai nimeks amet\u00fcst. Amet\u00fcst on kainuse s\u00fcmbol, sest amet\u00fcstkannu valatud vesi n\u00e4eb v\u00e4lja nagu vein, ent purju ei tee. Abiks liialduste \u2013 toidu, seksi ja alkoholi puhul.<br \/>\nAsendamatu halbadest harjumustest ja k\u00e4itumisest vabanemisel. Rahustava ja toitva energia t\u00f5ttu aitab vabaneda narkootikumide ja alkoholi s\u00f5ltuvuse toimest ajule.   Amethyst has a spiritual quality that can be used to help tap into higher levels of consciousness. It can serve as a bridge between the physical and ethereal realms.<br \/>\nSeostatud tasakaalu, rahu, \u00f5nne, kaitse, mediteerimise, hingelisuse\/vaimsuse, muundumise, inspiratsiooni, tervendamise, viljakuse, m\u00f5\u00f5dukuse, vooruslikkuse, kainuse, une, valvsuse, jahi, julguse, puhtuse, endeunen\u00e4gude, jumaliku armastuse, n\u00e4gemuslike \u00fclesannete, ps\u00fchholoogilise paranemise, meelte vaigistamise, v\u00f5iduga vaenlaste \u00fcle, keeleosavuse ja tunnetatavate asjade m\u00f5istmisega. Edendab tervendamist ja enesesalgamist, seostatakse k\u00f5rgenenud \u00fclluse, spirituaalse avatuse, meditatsiooni, tasakaalu, ps\u00fc\u00fchiliste v\u00f5imete, sisemise rahu, positiivse muundumisega. Usutakse, et amet\u00fcst l\u00f6\u00f6b m\u00f5tted klaariks, teravdab m\u00f5istust, teeb asjatundjaks \u00e4rialal, summutab kirge, kaitseb s\u00f5dureid, tekitab vastikust veini ja joobnud oleku suhtes, p\u00f5rgatab tagasi \u00f5elad m\u00f5tted. Amet\u00fcstiga saab ravida kompulsiivset k\u00e4itumist, trombe, v\u00e4hkkasvajaid, madalat enesehinnangut.<br \/>\nAmet\u00fcstipruulised tagavad viljakuse ja v\u00e4ljutavad m\u00fcrke.      Amethyst is a purple-coloured quartz crystal. Colours range from light lavender to deep violet. Amethyst crystals possess spiritual properties and can be used to support raising the level of consciousness. They form a bridge between earthly and etheric worlds, opening up to spiritual consciousness.** Amet\u00fcsti kaasaskandmine aitab \u00f5pingutel. Kaitseb s\u00fc\u00fctunde, hirmude ja enesepettuse eest. Kanna amet\u00fcsti, kui tahad saada kontakti oma intuitsiooni, tunnete ja v\u00e4\u00e4rtushinnangutega.<br \/>\nAitab \u00f5ppida k\u00f5ike spirituaalsusest, m\u00fcstikast ja ps\u00fc\u00fchikast.<br \/>\nStressi ja \u00fclet\u00f6\u00f6tamise korral, kuna tal on \u00e4\u00e4rmiselt rahustav ja spirituaalne omadus.      Talisman musta maagia eest. Vanas testamendis kirjutatakse, et Aron, Juudi \u00fclempreester, kandis amet\u00fcsti oma rinnaplaadil, mis t\u00f5i esile n\u00e4gemusi ja ilmutusi.Sel p\u00f5hjusel magavad paljud inimesed, amet\u00fcst padja all.   Hea neile, kes nutavad taga kaotatud armastust. Annab teada, et pole olemas surma, vaid on hingede liikumine ja igavene elu.  T\u00e4htkujud: Kalad, Neitsi, Skorpion, J\u00e4\u00e4r, Ambur<\/p>\n","protected":false},"excerpt":{"rendered":"<h3><span style=\"color: #003366;\"><strong>see also <a href=\"https:\/\/minervashop.eu\/uudised\/naturaalsete-kivide-vagi\/\"><span style=\"color: #00aae7;\">here<\/span><\/a><\/strong><\/span><\/h3>\n<p>ca 1,5 x 2 cm<\/p>\n","protected":false},"featured_media":50000,"template":"","meta":[],"product_brand":[],"product_cat":[394,611],"product_tag":[],"class_list":{"0":"post-49999","1":"product","2":"type-product","3":"status-publish","4":"has-post-thumbnail","6":"product_cat-artha-en","7":"product_cat-other-shape-natural-stones","8":"product_shipping_class-xs-en-2","10":"first","11":"instock","12":"taxable","13":"shipping-taxable","14":"purchasable","15":"product-type-variable"},"_links":{"self":[{"href":"https:\/\/minervashop.eu\/en\/wp-json\/wp\/v2\/product\/49999","targetHints":{"allow":["GET"]}}],"collection":[{"href":"https:\/\/minervashop.eu\/en\/wp-json\/wp\/v2\/product"}],"about":[{"href":"https:\/\/minervashop.eu\/en\/wp-json\/wp\/v2\/types\/product"}],"wp:featuredmedia":[{"embeddable":true,"href":"https:\/\/minervashop.eu\/en\/wp-json\/wp\/v2\/media\/50000"}],"wp:attachment":[{"href":"https:\/\/minervashop.eu\/en\/wp-json\/wp\/v2\/media?parent=49999"}],"wp:term":[{"taxonomy":"product_brand","embeddable":true,"href":"https:\/\/minervashop.eu\/en\/wp-json\/wp\/v2\/product_brand?post=49999"},{"taxonomy":"product_cat","embeddable":true,"href":"https:\/\/minervashop.eu\/en\/wp-json\/wp\/v2\/product_cat?post=49999"},{"taxonomy":"product_tag","embeddable":true,"href":"https:\/\/minervashop.eu\/en\/wp-json\/wp\/v2\/product_tag?post=49999"}],"curies":[{"name":"wp","href":"https:\/\/api.w.org\/{rel}","templated":true}]}}