{"id":50052,"date":"2021-11-16T13:20:41","date_gmt":"2021-11-16T13:20:41","guid":{"rendered":"https:\/\/minervashop.eu\/toode\/egiptuse-taro\/"},"modified":"2021-11-16T13:20:41","modified_gmt":"2021-11-16T13:20:41","slug":"egiptuse-taro","status":"publish","type":"product","link":"https:\/\/minervashop.eu\/en\/product\/egiptuse-taro\/","title":{"rendered":"EGIPTUSE TARO"},"content":{"rendered":"<h1 class=\"type01\">EGIPTUSE TARO. P\u00dcHENDUMINE VANAS EGIPTUSES<\/h1>\n<p>&nbsp;<\/p>\n<p>Sellele raamatule ei ole omane teadusliku ajalook\u00e4sitluse rangus. Te ei leia siit ka keerulisi kabalistlikke ega teosoofilisi arutlusi. See on vestlus maailmas toimivatest igikestvatest v\u00e4\u00e4rtustest, mis on ajatud nagu Egiptuse p\u00fcramiidid.<\/p>\n<p>On olemas veel \u00fcks kaunis legend TARO p\u00e4ritolust. Raamatu l\u00f5ppu on lisatud estofiilist balti parunite j\u00e4rglase Jacob von \u00dcxk\u00fclli kirjutatud raamat \u201eP\u00fchendumine vanas Egiptuses\u201c, millest leiate preestri\u00f5pilaste muistsetesse Egiptuse m\u00fcsteeriumidesse p\u00fchendamise rituaalide kirjelduse. Selles m\u00e4ngivad erilist osa TARO 22 arkaanile sarnanevad kujutised.<\/p>\n<p>\u201c<em>P\u00fchendatu leidis end viibivat pikas galeriis, mida toestas kaksk\u00fcmmend neli sfinksikujulist kar\u00fcatiidi, kummalgi pool kaksteist. Sfinkside vahele seintele oli maalitud m\u00fcstilisi figuure ja s\u00fcmboleid kujutavad freskod. Need kaksk\u00fcmmend kaks pilti asetsesid paarikaupa vastamisi. M\u00f6\u00f6dudes galerii kahek\u00fcmne kahest pildist sai p\u00fchendatu preestrilt \u00f5petusi. Iga arkaan, mis sai t\u00e4nu pildile n\u00e4htavaks ja tajutavaks, kujutab endast inimtegevuse seadusp\u00e4raseks muutmise vormi vaimsete ja materiaalsete j\u00f5udude suhtes, millede kombinatsioon tekitabki k\u00f5ik elu n\u00e4htused\u201d.<\/em><\/p>\n<p>TARO Arkaane seostatakse ka keskaja vabam\u00fc\u00fcrlusega. Joonised s\u00e4ilinud vanadel kaartidel ja ka nende loogika on vastavuses XV sajandi euroopa s\u00fcmbolismiga. Nendel on esindatud k\u00f5ik tolleaegses \u00fchiskonnas eksisteerinud klassid \u2013 t\u00f6\u00f6lised, vaimulikud, s\u00f5jav\u00e4elased ja kaupmehed.<\/p>\n<p>Oma m\u00e4ngukaartide-alases uurimuses arvab Samuel Weller Singer, et kaardid on tulnud L\u00f5una-Euroopasse Indiast l\u00e4bi Araabia. On t\u00f5en\u00e4oline, et kaardid olid osa maagilisest ja filosoofilisest tarkusest, mille Templir\u00fc\u00fctlid v\u00f5tsid \u00fcle saratseenidelt v\u00f5i \u00fchelt neist m\u00fcstilistest sektidest, mis tollal S\u00fc\u00fcrias tegutsesid. Et v\u00e4ltida tagakiusamist, salastasid Templir\u00fc\u00fctlid Euroopasse tagasi tulles s\u00fcmbolite t\u00e4henduse, kasutades maagiliste raamatute lehek\u00fclgi vaid kui meelelahutuse ja m\u00e4ngu vahendeid. See ei l\u00e4he lahku teiste autorite arvamusest, mille j\u00e4rgi mustlased, kes j\u00f5udsid Euroopasse umbes samal ajal, t\u00f5id kaasa kaardid, mida nad kasutasid juba siis ja kasutavad ka praegu ennustamiseks.<\/p>\n<p>K\u00e4esolevas raamatus esitletav TARO s\u00fcsteem tekkis Edgar de Valkourt-Vermonti Arkaanide filosoofia rekonstrueerimise ja arendamise tulemusena. Valkourt-Vermont esitas oma filosoofilise s\u00fcsteemi raamatus \u201cPraktiline astroloogia\u201d, mis ilmus 1901. aastal pseudon\u00fc\u00fcmi all Comte S. Saint-Germaine.<\/p>\n<table class=\"type01 cke_show_border\">\n<tbody>\n<tr>\n<th>ISBN<\/th>\n<td>9789985788943<\/td>\n<\/tr>\n<tr>\n<th>Ilmumisaasta<\/th>\n<td>2020<\/td>\n<\/tr>\n<tr>\n<th>Keel<\/th>\n<td>eestikeelne<\/td>\n<\/tr>\n<tr>\n<th>Formaat<\/th>\n<td>Pehmekaaneline<\/td>\n<\/tr>\n<tr>\n<th>Lehek\u00fclgi<\/th>\n<td>243 lk<\/td>\n<\/tr>\n<tr>\n<th>M\u00f5\u00f5t<\/th>\n<td>211x148x14 (mm)<\/td>\n<\/tr>\n<\/tbody>\n<\/table>\n","protected":false},"excerpt":{"rendered":"<p>Legend r\u00e4\u00e4gib, et TARO arkaanid on imekombel s\u00e4ilinud ja meieni j\u00f5udnud Egiptuse hierogl\u00fc\u00fcfiline raamat, mis koosnes 78 tahvlist. Aleksandria raamatukogus oli peale pap\u00fc\u00fcrusele ja p\u00e4rgamendile kirjutatud raamatute veel palju selliseid, mis koosnesid savi- ja puutahvlitest. TARO kohta k\u00e4iv p\u00e4rimus r\u00e4\u00e4gib, et kunagi olid need metallist medalid, milledesse oli graveeritud kujutisi ja arve, siis tehti neist metallplaadid, siis nahast ja l\u00f5puks paberist kaardid.<\/p>\n<h3><strong>vaata lisaks\u00a0siit<\/strong><\/h3>\n","protected":false},"featured_media":50053,"template":"","meta":[],"product_brand":[],"product_cat":[518,383],"product_tag":[],"class_list":{"0":"post-50052","1":"product","2":"type-product","3":"status-publish","4":"has-post-thumbnail","6":"product_cat-taro-books","7":"product_cat-divination-and-magic-books","8":"product_shipping_class-xs-en-2","10":"first","11":"outofstock","12":"taxable","13":"shipping-taxable","14":"purchasable","15":"product-type-simple"},"_links":{"self":[{"href":"https:\/\/minervashop.eu\/en\/wp-json\/wp\/v2\/product\/50052","targetHints":{"allow":["GET"]}}],"collection":[{"href":"https:\/\/minervashop.eu\/en\/wp-json\/wp\/v2\/product"}],"about":[{"href":"https:\/\/minervashop.eu\/en\/wp-json\/wp\/v2\/types\/product"}],"wp:featuredmedia":[{"embeddable":true,"href":"https:\/\/minervashop.eu\/en\/wp-json\/wp\/v2\/media\/50053"}],"wp:attachment":[{"href":"https:\/\/minervashop.eu\/en\/wp-json\/wp\/v2\/media?parent=50052"}],"wp:term":[{"taxonomy":"product_brand","embeddable":true,"href":"https:\/\/minervashop.eu\/en\/wp-json\/wp\/v2\/product_brand?post=50052"},{"taxonomy":"product_cat","embeddable":true,"href":"https:\/\/minervashop.eu\/en\/wp-json\/wp\/v2\/product_cat?post=50052"},{"taxonomy":"product_tag","embeddable":true,"href":"https:\/\/minervashop.eu\/en\/wp-json\/wp\/v2\/product_tag?post=50052"}],"curies":[{"name":"wp","href":"https:\/\/api.w.org\/{rel}","templated":true}]}}