{"id":50190,"date":"2021-11-16T12:13:00","date_gmt":"2021-11-16T12:13:00","guid":{"rendered":"https:\/\/minervashop.eu\/toode\/pauksoni-astroloogiline-abimees-2017\/"},"modified":"2022-02-21T20:25:46","modified_gmt":"2022-02-21T20:25:46","slug":"pauksoni-astroloogiline-abimees-2017","status":"publish","type":"product","link":"https:\/\/minervashop.eu\/en\/product\/pauksoni-astroloogiline-abimees-2017\/","title":{"rendered":"PAUKSONI ASTROLOOGILINE ABIMEES 2017"},"content":{"rendered":"","protected":false},"excerpt":{"rendered":"<p>Ka sel aastal leiate Astroloogilisest Abimehest soodsad ja ebasoodsad ajad igap\u00e4evaelu korraldamiseks k\u00f5igil 365 p\u00e4eval. Loomulikult ei ole unustatud hoiatusi, mida tasuks p\u00e4eva planeerimisel arvesse v\u00f5tta.<\/p>\n<table class=\"type01 cke_show_border\">\n<tbody>\n<tr>\n<th>EAN<\/th>\n<td>9789949157105<\/td>\n<\/tr>\n<tr>\n<th>Ilmumisaasta<\/th>\n<td>2016<\/td>\n<\/tr>\n<tr>\n<th>Keel<\/th>\n<td>eestikeelne<\/td>\n<\/tr>\n<tr>\n<th>Formaat<\/th>\n<td>Pehmekaaneline<\/td>\n<\/tr>\n<tr>\n<th>Lehek\u00fclgi<\/th>\n<td>221 lk<\/td>\n<\/tr>\n<tr>\n<th>M\u00f5\u00f5t<\/th>\n<td>240x163x16 (mm)<\/td>\n<\/tr>\n<\/tbody>\n<\/table>\n","protected":false},"featured_media":50191,"template":"","meta":[],"product_brand":[],"product_cat":[431],"product_tag":[],"class_list":{"0":"post-50190","1":"product","2":"type-product","3":"status-publish","4":"has-post-thumbnail","6":"product_cat-learning-books","7":"product_shipping_class-xs-en-2","9":"first","10":"instock","11":"sale","12":"purchasable","13":"product-type-simple"},"_links":{"self":[{"href":"https:\/\/minervashop.eu\/en\/wp-json\/wp\/v2\/product\/50190","targetHints":{"allow":["GET"]}}],"collection":[{"href":"https:\/\/minervashop.eu\/en\/wp-json\/wp\/v2\/product"}],"about":[{"href":"https:\/\/minervashop.eu\/en\/wp-json\/wp\/v2\/types\/product"}],"wp:featuredmedia":[{"embeddable":true,"href":"https:\/\/minervashop.eu\/en\/wp-json\/wp\/v2\/media\/50191"}],"wp:attachment":[{"href":"https:\/\/minervashop.eu\/en\/wp-json\/wp\/v2\/media?parent=50190"}],"wp:term":[{"taxonomy":"product_brand","embeddable":true,"href":"https:\/\/minervashop.eu\/en\/wp-json\/wp\/v2\/product_brand?post=50190"},{"taxonomy":"product_cat","embeddable":true,"href":"https:\/\/minervashop.eu\/en\/wp-json\/wp\/v2\/product_cat?post=50190"},{"taxonomy":"product_tag","embeddable":true,"href":"https:\/\/minervashop.eu\/en\/wp-json\/wp\/v2\/product_tag?post=50190"}],"curies":[{"name":"wp","href":"https:\/\/api.w.org\/{rel}","templated":true}]}}