{"id":50197,"date":"2021-11-16T12:13:00","date_gmt":"2021-11-16T12:13:00","guid":{"rendered":"https:\/\/minervashop.eu\/toode\/nastja-maagiline-2017\/"},"modified":"2022-02-21T20:32:51","modified_gmt":"2022-02-21T20:32:51","slug":"nastja-maagiline-2017","status":"publish","type":"product","link":"https:\/\/minervashop.eu\/en\/product\/nastja-maagiline-2017\/","title":{"rendered":"NASTJA MAAGILINE 2017"},"content":{"rendered":"<p>Raamat koosneb kahest osast:<\/p>\n<p><strong>Nastja ennustus algavaks aastaks<\/strong><br \/>\nSelgeltn\u00e4gija Nastja r\u00e4\u00e4gib, mis meid 2017. aastal ees ootab. Mis kuul on suurim oht minna oma kallimaga t\u00fclli? Millal on soodne aeg armastuse leidmiseks ja hoidmiseks? Millal \u00e4hvardavad \u00fchiskonda t\u00f5sisemad raputused ja millal v\u00f5ib karta looduskatastroofe? Neile ja paljudele teistele k\u00fcsimustele leiate siit vastuse.<\/p>\n<p><strong>Kolm korda t\u00e4psem horoskoop<\/strong><\/p>\n<p>Horoskoobi koostaja Maria Angel<\/p>\n<table class=\"type01 cke_show_border\">\n<tbody>\n<tr>\n<th>ISBN<\/th>\n<td>9789949477388<\/td>\n<\/tr>\n<tr>\n<th>Ilmumisaasta<\/th>\n<td>2016<\/td>\n<\/tr>\n<tr>\n<th>Keel<\/th>\n<td>eestikeelne<\/td>\n<\/tr>\n<tr>\n<th>Formaat<\/th>\n<td>Pehmekaaneline<\/td>\n<\/tr>\n<tr>\n<th>Lehek\u00fclgi<\/th>\n<td>212 lk<\/td>\n<\/tr>\n<tr>\n<th>M\u00f5\u00f5t<\/th>\n<td>200x140x7 (mm)<\/td>\n<\/tr>\n<\/tbody>\n<\/table>\n","protected":false},"excerpt":{"rendered":"<p>Selle raamatu kaante vahelt leiate horoskoobi, mis on tavap\u00e4rastest ajalehe- ja ajakirjahoroskoopidest kolm korda t\u00e4psem \u2013 iga p\u00e4ikesem\u00e4rk on jaotatud kolmeks osaks, mida nimetatakse dekaadideks. Selline s\u00fcsteem v\u00f5imaldab kirjeldada t\u00e4psemalt inimese isikuomadusi ja iseloomu. Ka n\u00e4itab see ilmekalt, et sama p\u00e4ikesem\u00e4rgiga inimesed v\u00f5ivad olla v\u00e4ga erinevad.<\/p>\n","protected":false},"featured_media":50198,"template":"","meta":[],"product_brand":[],"product_cat":[383],"product_tag":[],"class_list":{"0":"post-50197","1":"product","2":"type-product","3":"status-publish","4":"has-post-thumbnail","6":"product_cat-divination-and-magic-books","7":"product_shipping_class-xs-en-2","9":"first","10":"instock","11":"purchasable","12":"product-type-simple"},"_links":{"self":[{"href":"https:\/\/minervashop.eu\/en\/wp-json\/wp\/v2\/product\/50197","targetHints":{"allow":["GET"]}}],"collection":[{"href":"https:\/\/minervashop.eu\/en\/wp-json\/wp\/v2\/product"}],"about":[{"href":"https:\/\/minervashop.eu\/en\/wp-json\/wp\/v2\/types\/product"}],"wp:featuredmedia":[{"embeddable":true,"href":"https:\/\/minervashop.eu\/en\/wp-json\/wp\/v2\/media\/50198"}],"wp:attachment":[{"href":"https:\/\/minervashop.eu\/en\/wp-json\/wp\/v2\/media?parent=50197"}],"wp:term":[{"taxonomy":"product_brand","embeddable":true,"href":"https:\/\/minervashop.eu\/en\/wp-json\/wp\/v2\/product_brand?post=50197"},{"taxonomy":"product_cat","embeddable":true,"href":"https:\/\/minervashop.eu\/en\/wp-json\/wp\/v2\/product_cat?post=50197"},{"taxonomy":"product_tag","embeddable":true,"href":"https:\/\/minervashop.eu\/en\/wp-json\/wp\/v2\/product_tag?post=50197"}],"curies":[{"name":"wp","href":"https:\/\/api.w.org\/{rel}","templated":true}]}}