{"id":50200,"date":"2021-11-16T11:48:33","date_gmt":"2021-11-16T11:48:33","guid":{"rendered":"https:\/\/minervashop.eu\/toode\/horoskoop-2015-saatuslik-aasta\/"},"modified":"2022-02-21T20:35:32","modified_gmt":"2022-02-21T20:35:32","slug":"horoskoop-2015-saatuslik-aasta","status":"publish","type":"product","link":"https:\/\/minervashop.eu\/en\/product\/horoskoop-2015-saatuslik-aasta\/","title":{"rendered":"HOROSKOOP 2015. SAATUSLIK AASTA"},"content":{"rendered":"<p>&nbsp;<\/p>\n<p>Kuidas olla \u00f5nnelik ja edukas. Mida teha, et saavutada harmoonia kodus, t\u00f6\u00f6l ja isiklikus elus. Kuidas karj\u00e4\u00e4riredelil t\u00f5usta, millised perioodid on soodsad finantstehinguteks. Raamatust leiad ka palju olulisi vihjeid, mida j\u00e4lgida armuasjus, suhetes s\u00f5prade, kodu ja perega.<\/p>\n<p>Lisaks 2015. aasta p\u00e4ikesem\u00e4rkide horoskoobile on raamatus ka idamaade loomahoroskoop.<\/p>\n<table class=\"type01 cke_show_border\">\n<tbody>\n<tr>\n<th>Ilmumisaasta<\/th>\n<td>2014<\/td>\n<\/tr>\n<tr>\n<th>Keel<\/th>\n<td>eestikeelne<\/td>\n<\/tr>\n<tr>\n<th>Formaat<\/th>\n<td>Pehmekaaneline<\/td>\n<\/tr>\n<tr>\n<th>Lehek\u00fclgi<\/th>\n<td>144 lk<\/td>\n<\/tr>\n<tr>\n<th>M\u00f5\u00f5t<\/th>\n<td>210x148x10 (mm)<\/td>\n<\/tr>\n<\/tbody>\n<\/table>\n","protected":false},"excerpt":{"rendered":"<p>Eesti \u00fche tuntuima horoskoobi koostaja Taimi Uuesoo\u00a0 raamat annab \u00fclevaate, milliseid v\u00f5imalusi pakub sulle Sinise Lamba aasta. Tulemas on paljugi saatuslikku, mida t\u00e4pselt kellegi jaoks, selgub raamatut lugedes. Pikemast saatust k\u00e4sitlevast \u00fclevaatest saad teada, millised teemad sul elu jooksul enim esile kerkivad, mille l\u00e4bi sa k\u00f5ige enam kasvad ja muutud.<\/p>\n","protected":false},"featured_media":50201,"template":"","meta":[],"product_brand":[],"product_cat":[383,460],"product_tag":[],"class_list":{"0":"post-50200","1":"product","2":"type-product","3":"status-publish","4":"has-post-thumbnail","6":"product_cat-divination-and-magic-books","7":"product_cat-zodiac","8":"product_shipping_class-xs-en-2","10":"first","11":"instock","12":"sale","13":"purchasable","14":"product-type-simple"},"_links":{"self":[{"href":"https:\/\/minervashop.eu\/en\/wp-json\/wp\/v2\/product\/50200","targetHints":{"allow":["GET"]}}],"collection":[{"href":"https:\/\/minervashop.eu\/en\/wp-json\/wp\/v2\/product"}],"about":[{"href":"https:\/\/minervashop.eu\/en\/wp-json\/wp\/v2\/types\/product"}],"wp:featuredmedia":[{"embeddable":true,"href":"https:\/\/minervashop.eu\/en\/wp-json\/wp\/v2\/media\/50201"}],"wp:attachment":[{"href":"https:\/\/minervashop.eu\/en\/wp-json\/wp\/v2\/media?parent=50200"}],"wp:term":[{"taxonomy":"product_brand","embeddable":true,"href":"https:\/\/minervashop.eu\/en\/wp-json\/wp\/v2\/product_brand?post=50200"},{"taxonomy":"product_cat","embeddable":true,"href":"https:\/\/minervashop.eu\/en\/wp-json\/wp\/v2\/product_cat?post=50200"},{"taxonomy":"product_tag","embeddable":true,"href":"https:\/\/minervashop.eu\/en\/wp-json\/wp\/v2\/product_tag?post=50200"}],"curies":[{"name":"wp","href":"https:\/\/api.w.org\/{rel}","templated":true}]}}