{"id":50206,"date":"2021-11-16T13:17:17","date_gmt":"2021-11-16T13:17:17","guid":{"rendered":"https:\/\/minervashop.eu\/toode\/abistajate-opetajate-ja-reiside-feng-shui\/"},"modified":"2022-02-21T20:41:53","modified_gmt":"2022-02-21T20:41:53","slug":"abistajate-opetajate-ja-reiside-feng-shui","status":"publish","type":"product","link":"https:\/\/minervashop.eu\/en\/product\/abistajate-opetajate-ja-reiside-feng-shui\/","title":{"rendered":"ABISTAJATE, \u00d5PETAJATE JA REISIDE FENG SHUI"},"content":{"rendered":"<div id=\"expandable01\" role=\"tabpanel\" aria-expanded=\"true\" aria-hidden=\"false\" aria-labelledby=\"ui-1645qqum\">\n<div class=\"description\">\n<p>Kindlasti peab tundma bagua kaheksa tsooni teooria olemust, tsoonide omavahelist koost\u00f6\u00f6d ja seda, kuidas neid rakendada oma isiklikus elus, pereelus, kodus, ettev\u00f5ttes. Loomulikult hoiavad k\u00f5iki neid teadmisi \u00f5iges vahekorras ja koostoimes f\u00fc\u00fcsiline (materiaalne), ps\u00fc\u00fchiline (meeleline) ja spirituaalne (vaimne) energiatasand. Sellest k\u00f5igest on selles raamatus juttu nii teooriast kui ka praktikast l\u00e4htudes.\u201c<\/p>\n<\/div>\n<\/div>\n<table class=\"type01 cke_show_border\">\n<tbody>\n<tr>\n<th>ISBN<\/th>\n<td>9789985319680<\/td>\n<\/tr>\n<tr>\n<th>Ilmumisaasta<\/th>\n<td>2012<\/td>\n<\/tr>\n<tr>\n<th>Keel<\/th>\n<td>eestikeelne<\/td>\n<\/tr>\n<tr>\n<th>Formaat<\/th>\n<td>Pehmekaaneline<\/td>\n<\/tr>\n<tr>\n<th>Lehek\u00fclgi<\/th>\n<td>195 lk<\/td>\n<\/tr>\n<tr>\n<th>M\u00f5\u00f5t<\/th>\n<td>198x146x17 (mm)<\/td>\n<\/tr>\n<\/tbody>\n<\/table>\n","protected":false},"excerpt":{"rendered":"<p>Janno ja Siret Seeder: \u201eSarja kuuendas raamatus k\u00e4sitleme bagua kaheksa tsooni teooria kuuendat eluvaldkonda. \u00d5pime tundma selle eluvaldkonna olemust ja m\u00f5jutusi teiste bagua alade suhtes, samuti n\u00e4itame, kuidas seda tsooni tasakaalustada, aktiveerida ja ravida ning \u00f5ppida kasutama mitmesuguseid abivahendeid. Abivahendite kasutamise puhul on oluline teada feng shui p\u00f5hiprintsiipe, sealhulgas yin- ja yang-energiaid, nende olemust, m\u00f5ju ja kaasamist igap\u00e4evaelus; samuti viie stiihia (Maa, Metall, Vesi, Puu ja Tuli) loovat ja kontrollivat ts\u00fcklit, nende omavahelist m\u00f5ju ja omadusi v\u00e4rvi, vormi, mustri, materjalide, hobide ja inimeste n\u00e4itel.<\/p>\n","protected":false},"featured_media":50207,"template":"","meta":[],"product_brand":[],"product_cat":[383],"product_tag":[],"class_list":{"0":"post-50206","1":"product","2":"type-product","3":"status-publish","4":"has-post-thumbnail","6":"product_cat-divination-and-magic-books","7":"product_shipping_class-xs-en-2","9":"first","10":"instock","11":"purchasable","12":"product-type-simple"},"_links":{"self":[{"href":"https:\/\/minervashop.eu\/en\/wp-json\/wp\/v2\/product\/50206","targetHints":{"allow":["GET"]}}],"collection":[{"href":"https:\/\/minervashop.eu\/en\/wp-json\/wp\/v2\/product"}],"about":[{"href":"https:\/\/minervashop.eu\/en\/wp-json\/wp\/v2\/types\/product"}],"wp:featuredmedia":[{"embeddable":true,"href":"https:\/\/minervashop.eu\/en\/wp-json\/wp\/v2\/media\/50207"}],"wp:attachment":[{"href":"https:\/\/minervashop.eu\/en\/wp-json\/wp\/v2\/media?parent=50206"}],"wp:term":[{"taxonomy":"product_brand","embeddable":true,"href":"https:\/\/minervashop.eu\/en\/wp-json\/wp\/v2\/product_brand?post=50206"},{"taxonomy":"product_cat","embeddable":true,"href":"https:\/\/minervashop.eu\/en\/wp-json\/wp\/v2\/product_cat?post=50206"},{"taxonomy":"product_tag","embeddable":true,"href":"https:\/\/minervashop.eu\/en\/wp-json\/wp\/v2\/product_tag?post=50206"}],"curies":[{"name":"wp","href":"https:\/\/api.w.org\/{rel}","templated":true}]}}