{"id":50212,"date":"2021-11-16T13:53:39","date_gmt":"2021-11-16T13:53:39","guid":{"rendered":"https:\/\/minervashop.eu\/toode\/eesti-ravimtaimed\/"},"modified":"2025-12-04T15:19:23","modified_gmt":"2025-12-04T15:19:23","slug":"eesti-ravimtaimed","status":"publish","type":"product","link":"https:\/\/minervashop.eu\/en\/product\/eesti-ravimtaimed\/","title":{"rendered":"EESTI RAVIMTAIMED"},"content":{"rendered":"<p>&nbsp;<\/p>\n<p>Teos on omamoodi j\u00e4tkuks J. Tammeoru, O. Koogi ja G. Vilbaste viies tr\u00fckis ilmunud \u00fclimenukale raamatule \u201eEesti NSV ravimtaimed\u201d, kuid sisaldab t\u00e4iesti uudset infot. K\u00f6ide on illustreeritud Helje Eelma loodud originaalsete v\u00e4rviliste taimepiltidega.<\/p>\n<table class=\"type01 cke_show_border\">\n<tbody>\n<tr>\n<th>ISBN<\/th>\n<td>9789985345252<\/td>\n<\/tr>\n<tr>\n<th>Ilmumisaasta<\/th>\n<td>2018<\/td>\n<\/tr>\n<tr>\n<th>Keel<\/th>\n<td>eestikeelne<\/td>\n<\/tr>\n<tr>\n<th>Formaat<\/th>\n<td>K\u00f5vakaaneline<\/td>\n<\/tr>\n<tr>\n<th>Lehek\u00fclgi<\/th>\n<td>424 lk<\/td>\n<\/tr>\n<tr>\n<th>M\u00f5\u00f5t<\/th>\n<td>216x164x31 (mm)<\/td>\n<\/tr>\n<\/tbody>\n<\/table>\n","protected":false},"excerpt":{"rendered":"<p>Selles raamatus on kirjas 80 Eesti armastatuima ravimtaime lood. Saame nende k\u00f5igiga p\u00f5hjalikult tuttavaks: kuidas taime \u00e4ra tunda, mis nimetusi ta kannab ning kuidas rahvas teda kasutanud on. Paljud raviretseptid on \u00f5ige vanad. P\u00f5hjalikult on tutvustatud iga taime n\u00fc\u00fcdisaegset t\u00f5endusp\u00f5hist kasutusviisi, droogi keemilist koostist ja toimeid, s\u00e4ilitusaega ja -viisi.<br \/>\nTarvitamis\u00f5petused tuginevad uusimatele teadusuuringutele ning l\u00e4htuvad iga taime kasutamisega seotud ohtudest, kusjuures on silmas peetud ka toimet, mis avaldub, kui konkreetset taime kasutatakse koos ravimitega.<\/p>\n","protected":false},"featured_media":50213,"template":"","meta":[],"product_brand":[],"product_cat":[588],"product_tag":[],"class_list":{"0":"post-50212","1":"product","2":"type-product","3":"status-publish","4":"has-post-thumbnail","6":"product_cat-tervise-raamatud-en","7":"product_shipping_class-xs-en-2","9":"first","10":"instock","11":"taxable","12":"shipping-taxable","13":"purchasable","14":"product-type-simple"},"_links":{"self":[{"href":"https:\/\/minervashop.eu\/en\/wp-json\/wp\/v2\/product\/50212","targetHints":{"allow":["GET"]}}],"collection":[{"href":"https:\/\/minervashop.eu\/en\/wp-json\/wp\/v2\/product"}],"about":[{"href":"https:\/\/minervashop.eu\/en\/wp-json\/wp\/v2\/types\/product"}],"wp:featuredmedia":[{"embeddable":true,"href":"https:\/\/minervashop.eu\/en\/wp-json\/wp\/v2\/media\/50213"}],"wp:attachment":[{"href":"https:\/\/minervashop.eu\/en\/wp-json\/wp\/v2\/media?parent=50212"}],"wp:term":[{"taxonomy":"product_brand","embeddable":true,"href":"https:\/\/minervashop.eu\/en\/wp-json\/wp\/v2\/product_brand?post=50212"},{"taxonomy":"product_cat","embeddable":true,"href":"https:\/\/minervashop.eu\/en\/wp-json\/wp\/v2\/product_cat?post=50212"},{"taxonomy":"product_tag","embeddable":true,"href":"https:\/\/minervashop.eu\/en\/wp-json\/wp\/v2\/product_tag?post=50212"}],"curies":[{"name":"wp","href":"https:\/\/api.w.org\/{rel}","templated":true}]}}