{"id":51091,"date":"2021-11-16T13:39:50","date_gmt":"2021-11-16T13:39:50","guid":{"rendered":"https:\/\/minervashop.eu\/toode\/101-eesti-puhakoda\/"},"modified":"2022-02-25T15:13:59","modified_gmt":"2022-02-25T15:13:59","slug":"101-eesti-puhakoda","status":"publish","type":"product","link":"https:\/\/minervashop.eu\/en\/product\/101-eesti-puhakoda\/","title":{"rendered":"101 Eesti p\u00fchakoda"},"content":{"rendered":"<p>\u00dcheks raskemaks t\u00f6\u00f6ks selle raamatu tegemisel oli kirikute valik. Mida v\u00f5tta, mida j\u00e4tta. Loomulikult on siin ennek\u00f5ike eelistatud tippteoseid. Samal ajal on p\u00fc\u00fctud anda mosaiigina l\u00e4bil\u00f5iget meie sakraalehitistest, mille seas on nii \u00d5htumaa uunikume kui ka provintsile omaseid ponnistusi. J\u00e4\u00e4b vaid loota, et Eesti p\u00fchakodade avastamisega avanevad lugejale nii mitmedki minevikukultuuri saladused.<br \/>\nKaur Alttoa, raamatu autor<\/p>\n<ul class=\"two-cols-text\">\n<li class=\"product_dimensions\">M\u00f5\u00f5dud:\u00a0160 \u00d7 210 mm<\/li>\n<li class=\"product_published\">Ilmunud:\u00a028.10.2015<\/li>\n<li class=\"product_published\">224 lk.<\/li>\n<\/ul>\n","protected":false},"excerpt":{"rendered":"<p>Raamatus leiavad enim kajastamist keskaegsed kirikud, sest need moodustavad k\u00f5ige hinnalisema osa meie arhitektuurip\u00e4randist. Muidugi on meie kirikud tagasihoidlikumad kui Prantsusmaa gooti katedraalid. Asume ju ikkagi Euroopa \u00e4\u00e4realal. Sellest hoolimata leidub meil aga sedagi, millega Vana Maailma arhitektuuripilti t\u00e4iendada ja mida kusagil mujal enam ei n\u00e4e. Nagu Tartu Jaani kirik, mille terrakotadekoorile pole v\u00f5rdv\u00e4\u00e4rset. Samuti Padise klooster, mis tsistertslaste \u00fclirikkaliku ja -p\u00f5neva ehitusp\u00e4randi seas on absoluutne erand.<\/p>\n","protected":false},"featured_media":51092,"template":"","meta":[],"product_brand":[],"product_cat":[431],"product_tag":[],"class_list":{"0":"post-51091","1":"product","2":"type-product","3":"status-publish","4":"has-post-thumbnail","6":"product_cat-learning-books","7":"product_shipping_class-xs-en-2","9":"first","10":"instock","11":"purchasable","12":"product-type-simple"},"_links":{"self":[{"href":"https:\/\/minervashop.eu\/en\/wp-json\/wp\/v2\/product\/51091","targetHints":{"allow":["GET"]}}],"collection":[{"href":"https:\/\/minervashop.eu\/en\/wp-json\/wp\/v2\/product"}],"about":[{"href":"https:\/\/minervashop.eu\/en\/wp-json\/wp\/v2\/types\/product"}],"wp:featuredmedia":[{"embeddable":true,"href":"https:\/\/minervashop.eu\/en\/wp-json\/wp\/v2\/media\/51092"}],"wp:attachment":[{"href":"https:\/\/minervashop.eu\/en\/wp-json\/wp\/v2\/media?parent=51091"}],"wp:term":[{"taxonomy":"product_brand","embeddable":true,"href":"https:\/\/minervashop.eu\/en\/wp-json\/wp\/v2\/product_brand?post=51091"},{"taxonomy":"product_cat","embeddable":true,"href":"https:\/\/minervashop.eu\/en\/wp-json\/wp\/v2\/product_cat?post=51091"},{"taxonomy":"product_tag","embeddable":true,"href":"https:\/\/minervashop.eu\/en\/wp-json\/wp\/v2\/product_tag?post=51091"}],"curies":[{"name":"wp","href":"https:\/\/api.w.org\/{rel}","templated":true}]}}