{"id":51094,"date":"2021-11-16T13:20:41","date_gmt":"2021-11-16T13:20:41","guid":{"rendered":"https:\/\/minervashop.eu\/toode\/elulille-iidne-saladus-ii\/"},"modified":"2022-02-25T15:16:18","modified_gmt":"2022-02-25T15:16:18","slug":"elulille-iidne-saladus-ii","status":"publish","type":"product","link":"https:\/\/minervashop.eu\/en\/product\/elulille-iidne-saladus-ii\/","title":{"rendered":"ELULILLE IIDNE SALADUS II"},"content":{"rendered":"<p>Alates p\u00fcramiidide ja teiste Egiptusega seotud m\u00fcsteeriumide esitamisest kuni uue, indigolasteks nimetatud rassi tutvustamiseni, demonstreerib Drunvalo meile kogu Reaalsuse alusp\u00f5hjaks olevat p\u00fcha geomeetriat, millel p\u00f5hinevad ka meid \u00fcmbritsevat maailma kujundavad peenenergiad. Meid juhitakse l\u00e4bi jumalikust inspiratsioonist s\u00fcndinud, loogikat ja imesid kokkup\u00f5imiva lab\u00fcrindi, mis h\u00f5lmab nii avastusi teaduse vallas kui ka autori isiklikul kogemusel p\u00f5hinevaid lugusid, eesm\u00e4rgiga aidata meil meenutada meie p\u00e4ritolu ning avastada inimese t\u00f5elises olemuses peituvat jumalikku potentsiaali.Ja l\u00f5puks jagab Drunvalo meiega (esimest korda tr\u00fckitud kujul) Mer-Ka-Ba meditatsiooni t\u00e4ielikke juhiseid, aitamaks meil samm-sammult taasluua vaimselt arenenud inimese energiav\u00e4lja, mis on v\u00f5ti \u00fclest\u00f5usmise ning j\u00e4rgmise dimensioonilise maailma kogemise juurde. Kuid \u00fcksnes siis, kui avame end tingimusteta armastusele, juhatab see iidne praanahingamise tehnika meid juba siin maailmas avalduvate imep\u00e4raste v\u00f5imete juurde, mis h\u00f5lmab v\u00e4ge \u2013 alates kaitse loomisest kuni enese, teiste, koguni terve planeedi tervendamiseni v\u00e4lja.<\/p>\n<table class=\"type01 cke_show_border\">\n<tbody>\n<tr>\n<th>EAN<\/th>\n<td>9789949958047<\/td>\n<\/tr>\n<tr>\n<th>Ilmumisaasta<\/th>\n<td>2008<\/td>\n<\/tr>\n<tr>\n<th>Keel<\/th>\n<td>eestikeelne<\/td>\n<\/tr>\n<tr>\n<th>Formaat<\/th>\n<td>Pehmekaaneline<\/td>\n<\/tr>\n<tr>\n<th>Lehek\u00fclgi<\/th>\n<td>270 lk<\/td>\n<\/tr>\n<tr>\n<th>M\u00f5\u00f5t<\/th>\n<td>250x210x16 (mm)<\/td>\n<\/tr>\n<\/tbody>\n<\/table>\n","protected":false},"excerpt":{"rendered":"<p>Raamatu teises k\u00f6ites, mis h\u00f5lmab rahvusvaheliselt tuntud Elulille seminari teist osa, keskendutakse Elulilleks nimetatud mustri \u2013 mis on kogu vormi omava reaalsuse geomeetriline generaator \u2013 veelgi s\u00fcgavamate kihistuste lahtim\u00f5testamisele. Teile demonstreeritakse, kuidas inimkeha proportsioonid, inimteadvuse tasandid, t\u00e4htede, planeetide ning kuude m\u00f5\u00f5tmed ja nendevahelised vahemaad, ka inimkonna poolt loodu, peegeldub vastu selles imeilusas p\u00fchas kujundis. Mitmetasandiliste ja detailirohkete geomeetriliste jooniste abil n\u00e4itab Drunvalo Melchizedek, kuidas \u00fcks n\u00e4iliselt lihtne kujund \u2013 Elulill \u2013 sisaldab endas kogu meie kolmanda-dimensioonilise eksistentsi loomislugu.<\/p>\n","protected":false},"featured_media":51095,"template":"","meta":[],"product_brand":[],"product_cat":[431],"product_tag":[],"class_list":{"0":"post-51094","1":"product","2":"type-product","3":"status-publish","4":"has-post-thumbnail","6":"product_cat-learning-books","7":"product_shipping_class-xs-en-2","9":"first","10":"instock","11":"purchasable","12":"product-type-simple"},"_links":{"self":[{"href":"https:\/\/minervashop.eu\/en\/wp-json\/wp\/v2\/product\/51094","targetHints":{"allow":["GET"]}}],"collection":[{"href":"https:\/\/minervashop.eu\/en\/wp-json\/wp\/v2\/product"}],"about":[{"href":"https:\/\/minervashop.eu\/en\/wp-json\/wp\/v2\/types\/product"}],"wp:featuredmedia":[{"embeddable":true,"href":"https:\/\/minervashop.eu\/en\/wp-json\/wp\/v2\/media\/51095"}],"wp:attachment":[{"href":"https:\/\/minervashop.eu\/en\/wp-json\/wp\/v2\/media?parent=51094"}],"wp:term":[{"taxonomy":"product_brand","embeddable":true,"href":"https:\/\/minervashop.eu\/en\/wp-json\/wp\/v2\/product_brand?post=51094"},{"taxonomy":"product_cat","embeddable":true,"href":"https:\/\/minervashop.eu\/en\/wp-json\/wp\/v2\/product_cat?post=51094"},{"taxonomy":"product_tag","embeddable":true,"href":"https:\/\/minervashop.eu\/en\/wp-json\/wp\/v2\/product_tag?post=51094"}],"curies":[{"name":"wp","href":"https:\/\/api.w.org\/{rel}","templated":true}]}}