{"id":51104,"date":"2021-11-16T13:22:31","date_gmt":"2021-11-16T13:22:31","guid":{"rendered":"https:\/\/minervashop.eu\/toode\/mida-sa-teeksid-kui-sa-ei-kardaks\/"},"modified":"2022-02-25T15:27:20","modified_gmt":"2022-02-25T15:27:20","slug":"mida-sa-teeksid-kui-sa-ei-kardaks","status":"publish","type":"product","link":"https:\/\/minervashop.eu\/en\/product\/mida-sa-teeksid-kui-sa-ei-kardaks\/","title":{"rendered":"MIDA SA TEEKSID, KUI SA EI KARDAKS?"},"content":{"rendered":"","protected":false},"excerpt":{"rendered":"<p>Telesaate \u201eSelgeltn\u00e4gijate tuleproov 2017\u201c \u00fclekaalukas v\u00f5itja<em><strong>\u00a0Alisa Verde<\/strong><\/em>\u00a0r\u00e4\u00e4gib avameelselt oma lapsep\u00f5lvest, kutsumuse leidmisest ning eluraskustest: s\u00f5ltuvustest ja nendest vabanemisest, hirmudest ja suitsiidist. Ta on rabavalt otsekohene ja aus, uskudes, et ainult t\u00e4ielik ausus muudab inimese haavamatuks.<\/p>\n<p>Raamatust leiab ka Alisa soovitusi, kuidas vabaneda s\u00f5ltuvustest ja hirmudest, kuidas olla enesekindlam, kuidas leida endale sobiv paariline ja palju muudki.<\/p>\n<table class=\"type01 cke_show_border\">\n<tbody>\n<tr>\n<th>ISBN<\/th>\n<td>9789949731459<\/td>\n<\/tr>\n<tr>\n<th>Ilmumisaasta<\/th>\n<td>2019<\/td>\n<\/tr>\n<tr>\n<th>Keel<\/th>\n<td>eestikeelne<\/td>\n<\/tr>\n<tr>\n<th>Formaat<\/th>\n<td>K\u00f5vakaaneline<\/td>\n<\/tr>\n<tr>\n<th>Lehek\u00fclgi<\/th>\n<td>184 lk<\/td>\n<\/tr>\n<tr>\n<th>M\u00f5\u00f5t<\/th>\n<td>206x140x17 (mm)<\/td>\n<\/tr>\n<\/tbody>\n<\/table>\n","protected":false},"featured_media":51105,"template":"","meta":[],"product_brand":[],"product_cat":[431],"product_tag":[],"class_list":{"0":"post-51104","1":"product","2":"type-product","3":"status-publish","4":"has-post-thumbnail","6":"product_cat-learning-books","7":"product_shipping_class-xs-en-2","9":"first","10":"instock","11":"purchasable","12":"product-type-simple"},"_links":{"self":[{"href":"https:\/\/minervashop.eu\/en\/wp-json\/wp\/v2\/product\/51104","targetHints":{"allow":["GET"]}}],"collection":[{"href":"https:\/\/minervashop.eu\/en\/wp-json\/wp\/v2\/product"}],"about":[{"href":"https:\/\/minervashop.eu\/en\/wp-json\/wp\/v2\/types\/product"}],"wp:featuredmedia":[{"embeddable":true,"href":"https:\/\/minervashop.eu\/en\/wp-json\/wp\/v2\/media\/51105"}],"wp:attachment":[{"href":"https:\/\/minervashop.eu\/en\/wp-json\/wp\/v2\/media?parent=51104"}],"wp:term":[{"taxonomy":"product_brand","embeddable":true,"href":"https:\/\/minervashop.eu\/en\/wp-json\/wp\/v2\/product_brand?post=51104"},{"taxonomy":"product_cat","embeddable":true,"href":"https:\/\/minervashop.eu\/en\/wp-json\/wp\/v2\/product_cat?post=51104"},{"taxonomy":"product_tag","embeddable":true,"href":"https:\/\/minervashop.eu\/en\/wp-json\/wp\/v2\/product_tag?post=51104"}],"curies":[{"name":"wp","href":"https:\/\/api.w.org\/{rel}","templated":true}]}}