{"id":51389,"date":"2021-11-16T11:40:19","date_gmt":"2021-11-16T11:40:19","guid":{"rendered":"https:\/\/minervashop.eu\/toode\/lopp-norskamisele\/"},"modified":"2022-02-26T10:51:28","modified_gmt":"2022-02-26T10:51:28","slug":"lopp-norskamisele","status":"publish","type":"product","link":"https:\/\/minervashop.eu\/en\/product\/lopp-norskamisele\/","title":{"rendered":"L\u00d5PP NORSKAMISELE"},"content":{"rendered":"<div id=\"expandable01\" role=\"tabpanel\">\n<div class=\"description\">\n<p>Aga kui ei m\u00f5ju naeruturtsatused ega ravivahendid, v\u00f5ib alati visata raamatuga oma norskavat partnerit \u2013 tavaliselt l\u00f5petab see norskamise (aga mitte liiga k\u00f5vasti, muidu l\u00f5petab see ka hingamise).<\/p>\n<\/div>\n<\/div>\n<table class=\"type01 cke_show_border\">\n<tbody>\n<tr>\n<th><\/th>\n<td><\/td>\n<\/tr>\n<tr>\n<th>Ilmumisaasta<\/th>\n<td>2006<\/td>\n<\/tr>\n<tr>\n<th>Keel<\/th>\n<td>eestikeelne<\/td>\n<\/tr>\n<tr>\n<th>Lehek\u00fclgi<\/th>\n<td>176 lk<\/td>\n<\/tr>\n<\/tbody>\n<\/table>\n","protected":false},"excerpt":{"rendered":"<p>Leevendust ja abi k\u00f5igile norskajaile ja norskamisohvritele<br \/>\nSee pole tavaline eneseabiraamat. Jah, see aitab norskajat ravivahendi otsinguil, kui too usub, et tal on see probleem. Ent just norskamisohvrid vajavad lahendust ja head und ning kui mitte seda, siis v\u00e4hemalt kaastunnet ja ehk ka m\u00f5nusat naeru.<br \/>\nSee raamat aitab m\u00f5ista, miks inimesed norskavad, leida ravivahendi v\u00f5i v\u00e4hemasti probleemiga elada ja selle \u00fcle nalja heita. V\u00f5imalik, et see p\u00e4\u00e4stab isegi teie suhte. Igal juhul loodan ma, et naerud\u017einn toniseerib piisavalt, kergendamaks unevaegust.<\/p>\n","protected":false},"featured_media":51390,"template":"","meta":[],"product_brand":[],"product_cat":[380,588],"product_tag":[],"class_list":{"0":"post-51389","1":"product","2":"type-product","3":"status-publish","4":"has-post-thumbnail","6":"product_cat-books-for-self-help","7":"product_cat-tervise-raamatud-en","8":"product_shipping_class-xs-en-2","10":"first","11":"instock","12":"purchasable","13":"product-type-simple"},"_links":{"self":[{"href":"https:\/\/minervashop.eu\/en\/wp-json\/wp\/v2\/product\/51389","targetHints":{"allow":["GET"]}}],"collection":[{"href":"https:\/\/minervashop.eu\/en\/wp-json\/wp\/v2\/product"}],"about":[{"href":"https:\/\/minervashop.eu\/en\/wp-json\/wp\/v2\/types\/product"}],"wp:featuredmedia":[{"embeddable":true,"href":"https:\/\/minervashop.eu\/en\/wp-json\/wp\/v2\/media\/51390"}],"wp:attachment":[{"href":"https:\/\/minervashop.eu\/en\/wp-json\/wp\/v2\/media?parent=51389"}],"wp:term":[{"taxonomy":"product_brand","embeddable":true,"href":"https:\/\/minervashop.eu\/en\/wp-json\/wp\/v2\/product_brand?post=51389"},{"taxonomy":"product_cat","embeddable":true,"href":"https:\/\/minervashop.eu\/en\/wp-json\/wp\/v2\/product_cat?post=51389"},{"taxonomy":"product_tag","embeddable":true,"href":"https:\/\/minervashop.eu\/en\/wp-json\/wp\/v2\/product_tag?post=51389"}],"curies":[{"name":"wp","href":"https:\/\/api.w.org\/{rel}","templated":true}]}}