{"id":51620,"date":"2021-11-16T11:52:06","date_gmt":"2021-11-16T11:52:06","guid":{"rendered":"https:\/\/minervashop.eu\/toode\/taiuslik-tervis\/"},"modified":"2024-12-06T10:34:41","modified_gmt":"2024-12-06T10:34:41","slug":"taiuslik-tervis","status":"publish","type":"product","link":"https:\/\/minervashop.eu\/en\/product\/taiuslik-tervis\/","title":{"rendered":"T\u00c4IUSLIK TERVIS"},"content":{"rendered":"","protected":false},"excerpt":{"rendered":"<p>Raamat\u00a0<strong>&#8220;T\u00e4iuslik tervis&#8221;<\/strong>\u00a0esitab teie kehat\u00fc\u00fcbile sobiva toitumise, stressist vabanemise, f\u00fc\u00fcsiliste harjutuste ja igap\u00e4evaelu programmi, mille aluseks on 5000 aasta vanune ajurveda \u00f5petus vaimu ja keha tervishoiust.<\/p>\n<p>Ajurveda abiga saab taastada keha loomuliku tasakaalu ja tugevdada vaimu ning keha \u00fchtsust, et saavutada t\u00e4iuslik tervis.<\/p>\n<table class=\"type01 cke_show_border\">\n<tbody>\n<tr>\n<th>ISBN<\/th>\n<td>9789949963256<\/td>\n<\/tr>\n<tr>\n<th>Ilmumisaasta<\/th>\n<td>2015<\/td>\n<\/tr>\n<tr>\n<th>Keel<\/th>\n<td>eestikeelne<\/td>\n<\/tr>\n<tr>\n<th>Formaat<\/th>\n<td>Pehmekaaneline<\/td>\n<\/tr>\n<tr>\n<th>Lehek\u00fclgi<\/th>\n<td>240 lk<\/td>\n<\/tr>\n<tr>\n<th>M\u00f5\u00f5t<\/th>\n<td>220x155x17 (mm)<\/td>\n<\/tr>\n<\/tbody>\n<\/table>\n","protected":false},"featured_media":51621,"template":"","meta":[],"product_brand":[],"product_cat":[588],"product_tag":[],"class_list":{"0":"post-51620","1":"product","2":"type-product","3":"status-publish","4":"has-post-thumbnail","6":"product_cat-tervise-raamatud-en","7":"product_shipping_class-xs-en-2","9":"first","10":"instock","11":"taxable","12":"shipping-taxable","13":"purchasable","14":"product-type-simple"},"_links":{"self":[{"href":"https:\/\/minervashop.eu\/en\/wp-json\/wp\/v2\/product\/51620","targetHints":{"allow":["GET"]}}],"collection":[{"href":"https:\/\/minervashop.eu\/en\/wp-json\/wp\/v2\/product"}],"about":[{"href":"https:\/\/minervashop.eu\/en\/wp-json\/wp\/v2\/types\/product"}],"wp:featuredmedia":[{"embeddable":true,"href":"https:\/\/minervashop.eu\/en\/wp-json\/wp\/v2\/media\/51621"}],"wp:attachment":[{"href":"https:\/\/minervashop.eu\/en\/wp-json\/wp\/v2\/media?parent=51620"}],"wp:term":[{"taxonomy":"product_brand","embeddable":true,"href":"https:\/\/minervashop.eu\/en\/wp-json\/wp\/v2\/product_brand?post=51620"},{"taxonomy":"product_cat","embeddable":true,"href":"https:\/\/minervashop.eu\/en\/wp-json\/wp\/v2\/product_cat?post=51620"},{"taxonomy":"product_tag","embeddable":true,"href":"https:\/\/minervashop.eu\/en\/wp-json\/wp\/v2\/product_tag?post=51620"}],"curies":[{"name":"wp","href":"https:\/\/api.w.org\/{rel}","templated":true}]}}