{"id":51623,"date":"2021-11-16T12:13:00","date_gmt":"2021-11-16T12:13:00","guid":{"rendered":"https:\/\/minervashop.eu\/toode\/tark-tee-terviseni\/"},"modified":"2022-02-26T20:51:08","modified_gmt":"2022-02-26T20:51:08","slug":"tark-tee-terviseni","status":"publish","type":"product","link":"https:\/\/minervashop.eu\/en\/product\/tark-tee-terviseni\/","title":{"rendered":"TARK TEE TERVISENI"},"content":{"rendered":"<p><strong>TARK TEE TERVISENI<\/strong>\u00a0&#8211;\u00a0<strong>Hiina toitumisteraapia tervise tugevdamiseks ja haigustest paranemiseks.<\/strong><\/p>\n<p>Raamatust saab teada, milline toit sobib erinevatele kehat\u00fc\u00fcpidele, kuidas valida toitu vastavalt aastaaegadele, millised toidud sobivad k\u00fclmetushaiguste, seedeprobleemide, \u00fclekaalu, v\u00e4simuse, valude ja teiste terviseprobleemide korral. Sel moel valitud toit tugevdab organismi, aitab ennetada haigusi ja nendest kiiremini terveneda.<\/p>\n<p><em>Rene B\u00fcrkland on l\u00f5petanud Tartu \u00dclikooli arstiteaduskonna \u00fcldarstina ning Tallinna \u00dclikooli ps\u00fchholoogina. Ta on neli aastat \u00f5ppinud Nanjingi ja Bejingi Hiina meditsiini \u00fclikoolis hiina keelt, akupunktuuri, taimravi, gigong\u2019i ja tuina massaa\u017ei. Praegu v\u00f5tab ta Hiina meditsiini keskuses vastu patsiente, \u00f5petab Hiina meditsiini ja gigong\u2019i. Rene B\u00fcrklandilt ilmus 2014. aastal raamat<strong>\u00a0\u201cTervise alkeemia\u201d<\/strong>, mis v\u00f5eti lugejatelt erakordselt h\u00e4sti vastu.<\/em><\/p>\n<p><em>&#8220;<\/em>TARK TEE TERVISENI&#8221; on 2016. aasta Eesti m\u00fc\u00fcduim raamat.<\/p>\n<div><\/div>\n<table class=\"type01 cke_show_border\">\n<tbody>\n<tr>\n<th>ISBN<\/th>\n<td>9789949571581<\/td>\n<\/tr>\n<tr>\n<th>Ilmumisaasta<\/th>\n<td>2016<\/td>\n<\/tr>\n<tr>\n<th>Keel<\/th>\n<td>eestikeelne<\/td>\n<\/tr>\n<tr>\n<th>Formaat<\/th>\n<td>Pehmekaaneline<\/td>\n<\/tr>\n<tr>\n<th>Lehek\u00fclgi<\/th>\n<td>256 lk<\/td>\n<\/tr>\n<tr>\n<th>M\u00f5\u00f5t<\/th>\n<td>200x134x17 (mm)<\/td>\n<\/tr>\n<\/tbody>\n<\/table>\n","protected":false},"excerpt":{"rendered":"<p>Inimene on unikaalne ja kordumatu, seet\u00f5ttu peaks toitumisel l\u00e4htumagi sellest unikaalsusest. Ei ole olemas superdieeti, mis sobib k\u00f5igile, ei ole olemas \u00f5igeid ja valesid, on sobivad ja mittesobivad toiduained. Hiina meditsiini toitumisteraapia l\u00e4htub inimese konstitutsioonist, erip\u00e4radest ja haigustest. Sel moel valitud toit tugevdab organismi, aitab ennetada haigusi ja nendest kiiremini terveneda.<\/p>\n","protected":false},"featured_media":51624,"template":"","meta":[],"product_brand":[],"product_cat":[588],"product_tag":[],"class_list":{"0":"post-51623","1":"product","2":"type-product","3":"status-publish","4":"has-post-thumbnail","6":"product_cat-tervise-raamatud-en","7":"product_shipping_class-xs-en-2","9":"first","10":"instock","11":"purchasable","12":"product-type-simple"},"_links":{"self":[{"href":"https:\/\/minervashop.eu\/en\/wp-json\/wp\/v2\/product\/51623","targetHints":{"allow":["GET"]}}],"collection":[{"href":"https:\/\/minervashop.eu\/en\/wp-json\/wp\/v2\/product"}],"about":[{"href":"https:\/\/minervashop.eu\/en\/wp-json\/wp\/v2\/types\/product"}],"wp:featuredmedia":[{"embeddable":true,"href":"https:\/\/minervashop.eu\/en\/wp-json\/wp\/v2\/media\/51624"}],"wp:attachment":[{"href":"https:\/\/minervashop.eu\/en\/wp-json\/wp\/v2\/media?parent=51623"}],"wp:term":[{"taxonomy":"product_brand","embeddable":true,"href":"https:\/\/minervashop.eu\/en\/wp-json\/wp\/v2\/product_brand?post=51623"},{"taxonomy":"product_cat","embeddable":true,"href":"https:\/\/minervashop.eu\/en\/wp-json\/wp\/v2\/product_cat?post=51623"},{"taxonomy":"product_tag","embeddable":true,"href":"https:\/\/minervashop.eu\/en\/wp-json\/wp\/v2\/product_tag?post=51623"}],"curies":[{"name":"wp","href":"https:\/\/api.w.org\/{rel}","templated":true}]}}