{"id":51626,"date":"2021-11-16T13:17:17","date_gmt":"2021-11-16T13:17:17","guid":{"rendered":"https:\/\/minervashop.eu\/toode\/tee-tervistav-joud\/"},"modified":"2022-02-26T20:55:50","modified_gmt":"2022-02-26T20:55:50","slug":"tee-tervistav-joud","status":"publish","type":"product","link":"https:\/\/minervashop.eu\/en\/product\/tee-tervistav-joud\/","title":{"rendered":"TEE TERVISTAV J\u00d5UD"},"content":{"rendered":"<section>Tee ergutab ja rahustab, soojendab ja v\u00e4rskendab.<\/p>\n<p>See p\u00f5nev raamat v\u00f5tab kokku tee rikkaliku ajaloo ning tutvustab selle taime v\u00f5imet parandada tervist ja alandada kaalu.<\/p>\n<\/section>\n<table class=\"type01 cke_show_border\">\n<tbody>\n<tr>\n<th>ISBN<\/th>\n<td>9789949647682<\/td>\n<\/tr>\n<tr>\n<th>Ilmumisaasta<\/th>\n<td>2018<\/td>\n<\/tr>\n<tr>\n<th>Keel<\/th>\n<td>eestikeelne<\/td>\n<\/tr>\n<tr>\n<th>Formaat<\/th>\n<td>Pehmekaaneline<\/td>\n<\/tr>\n<tr>\n<th>Lehek\u00fclgi<\/th>\n<td>336 lk<\/td>\n<\/tr>\n<tr>\n<th>M\u00f5\u00f5t<\/th>\n<td>210x140x25 (mm)<\/td>\n<\/tr>\n<\/tbody>\n<\/table>\n","protected":false},"excerpt":{"rendered":"<p>Nende kaante vahelt leiab \u00fcle 50 ravitee valmistamise juhendi, mis annavad energiat, v\u00e4hendavad stressi, ravivad k\u00fclmetust, uneh\u00e4ireid ja palju muud.<\/p>\n<p>Lisaks hulk h\u00f5rke retsepte tee igak\u00fclgseks nautimiseks.<br \/>\n\u2022 Antioks\u00fcdante sisaldavad must ja valge tee aitavad v\u00e4hendada s\u00fcdamehaiguste, rabanduste ja v\u00e4hi riski ning v\u00f5idelda p\u00f5letike, viiruste ning bakteritega.<br \/>\n\u2022 Teega spaahoolitsused rahustavad nahka, pehmendavad juukseid, annavad \u00fcldist s\u00e4ra ning meelerahu.<br \/>\n\u2022 Uuringud n\u00e4itavad, et regulaarne teejoomine v\u00e4hendab seedeh\u00e4ireid, depressiooni, \u00e4revust ja valu ning lisab aastaid sinu elule.<\/p>\n<p>Parem tervis on vaid lonksukese tee kaugusel!<\/p>\n","protected":false},"featured_media":51627,"template":"","meta":[],"product_brand":[],"product_cat":[588,594],"product_tag":[],"class_list":{"0":"post-51626","1":"product","2":"type-product","3":"status-publish","4":"has-post-thumbnail","6":"product_cat-tervise-raamatud-en","7":"product_cat-tea","8":"product_shipping_class-xs-en-2","10":"first","11":"instock","12":"purchasable","13":"product-type-simple"},"_links":{"self":[{"href":"https:\/\/minervashop.eu\/en\/wp-json\/wp\/v2\/product\/51626","targetHints":{"allow":["GET"]}}],"collection":[{"href":"https:\/\/minervashop.eu\/en\/wp-json\/wp\/v2\/product"}],"about":[{"href":"https:\/\/minervashop.eu\/en\/wp-json\/wp\/v2\/types\/product"}],"wp:featuredmedia":[{"embeddable":true,"href":"https:\/\/minervashop.eu\/en\/wp-json\/wp\/v2\/media\/51627"}],"wp:attachment":[{"href":"https:\/\/minervashop.eu\/en\/wp-json\/wp\/v2\/media?parent=51626"}],"wp:term":[{"taxonomy":"product_brand","embeddable":true,"href":"https:\/\/minervashop.eu\/en\/wp-json\/wp\/v2\/product_brand?post=51626"},{"taxonomy":"product_cat","embeddable":true,"href":"https:\/\/minervashop.eu\/en\/wp-json\/wp\/v2\/product_cat?post=51626"},{"taxonomy":"product_tag","embeddable":true,"href":"https:\/\/minervashop.eu\/en\/wp-json\/wp\/v2\/product_tag?post=51626"}],"curies":[{"name":"wp","href":"https:\/\/api.w.org\/{rel}","templated":true}]}}