{"id":51632,"date":"2021-11-16T13:26:32","date_gmt":"2021-11-16T13:26:32","guid":{"rendered":"https:\/\/minervashop.eu\/toode\/tervis-kaejoontel\/"},"modified":"2022-02-26T21:01:00","modified_gmt":"2022-02-26T21:01:00","slug":"tervis-kaejoontel","status":"publish","type":"product","link":"https:\/\/minervashop.eu\/en\/product\/tervis-kaejoontel\/","title":{"rendered":"Tervis k\u00e4ejoontel"},"content":{"rendered":"<h2>K\u00e4te anal\u00fc\u00fcs heaolu saavutamiseks<\/h2>\n<section class=\"collapsable-content\">Teie peopesades peegeldub teie isikup\u00e4ra, m\u00f5tte- ja k\u00e4itumislaad. Aga need v\u00f5ivad paljastada ka teie tundeid, tervise \u00fcldseisundit ja eelsoodumust teatud haigustele.<\/p>\n<p>\u2022 \u00d5pi k\u00e4te j\u00e4rgi haigusi ning eelsoodumusi \u00e4ra tundma<br \/>\n\u2022 Leia p\u00f5nevad seoseid oma k\u00e4te ja tervise vahel<br \/>\n\u2022 Ravi lihtsamaid terviseprobleeme koduste vahenditega<br \/>\n\u2022 V\u00f5ta oma tervis iseenda k\u00e4tesse<\/p>\n<\/section>\n","protected":false},"excerpt":{"rendered":"<p>\u00d5ppige m\u00e4rkama ja t\u00f5lgendama jooni, mustreid ja k\u00fchme peopesades ning nende teadmiste abil igap\u00e4evaselt j\u00e4lgima oma tervist. Sellest h\u00f5lpsalt j\u00e4rgitavast, rohkesti illustreeritud k\u00e4siraamatust leiate k\u00e4e anal\u00fc\u00fcsimise p\u00f5hialused ning juhised, kuidas k\u00e4te v\u00e4limuse, joonte detailide ja teiste m\u00e4rkide najal oma paremaks enesetundeks rohkem \u00e4ra teha. Saate teada, kuidas leida k\u00e4telt \u00fcles konkreetseid m\u00e4rke tervise kohta ja kuidas kasutada saadud informatsiooni eneseabiv\u00f5tete valimisel k\u00e4siraamatus kirjeldatud t\u00e4iendavate teraapiate seast.<\/p>\n","protected":false},"featured_media":51633,"template":"","meta":[],"product_brand":[],"product_cat":[588],"product_tag":[],"class_list":{"0":"post-51632","1":"product","2":"type-product","3":"status-publish","4":"has-post-thumbnail","6":"product_cat-tervise-raamatud-en","7":"product_shipping_class-xs-en-2","9":"first","10":"instock","11":"purchasable","12":"product-type-simple"},"_links":{"self":[{"href":"https:\/\/minervashop.eu\/en\/wp-json\/wp\/v2\/product\/51632","targetHints":{"allow":["GET"]}}],"collection":[{"href":"https:\/\/minervashop.eu\/en\/wp-json\/wp\/v2\/product"}],"about":[{"href":"https:\/\/minervashop.eu\/en\/wp-json\/wp\/v2\/types\/product"}],"wp:featuredmedia":[{"embeddable":true,"href":"https:\/\/minervashop.eu\/en\/wp-json\/wp\/v2\/media\/51633"}],"wp:attachment":[{"href":"https:\/\/minervashop.eu\/en\/wp-json\/wp\/v2\/media?parent=51632"}],"wp:term":[{"taxonomy":"product_brand","embeddable":true,"href":"https:\/\/minervashop.eu\/en\/wp-json\/wp\/v2\/product_brand?post=51632"},{"taxonomy":"product_cat","embeddable":true,"href":"https:\/\/minervashop.eu\/en\/wp-json\/wp\/v2\/product_cat?post=51632"},{"taxonomy":"product_tag","embeddable":true,"href":"https:\/\/minervashop.eu\/en\/wp-json\/wp\/v2\/product_tag?post=51632"}],"curies":[{"name":"wp","href":"https:\/\/api.w.org\/{rel}","templated":true}]}}