{"id":51635,"date":"2021-11-16T12:03:51","date_gmt":"2021-11-16T12:03:51","guid":{"rendered":"https:\/\/minervashop.eu\/toode\/une-kasiraamat-cd\/"},"modified":"2022-02-26T21:03:37","modified_gmt":"2022-02-26T21:03:37","slug":"une-kasiraamat-cd","status":"publish","type":"product","link":"https:\/\/minervashop.eu\/en\/product\/une-kasiraamat-cd\/","title":{"rendered":"UNE K\u00c4SIRAAMAT + CD"},"content":{"rendered":"<div id=\"expandable01\" role=\"tabpanel\">\n<div class=\"description\">\n<p>Dr Wilfred Pigeon on ps\u00fchhiaatria abiprofessor Rochesteri \u00fclikooli meditsiinikeskuses, kus ta juhatab ka une ja neurof\u00fcsioloogia uurimislaborit. Uurimist\u00f6\u00f6 eest on talle autasusid omistanud Uneuuringute Selts ja Ameerika Unemeditsiini Akadeemia.<\/p>\n<p>Dr Michael J. Sateia on k\u00e4esoleva raamatu toimetaja-konsultant ning Ameerika Unemeditsiini Akadeemia endine president. Ta on hetkel New Hampshire\u2019s asuva Darmouthi meditsiinikooli juurde kuuluva nelja uneh\u00e4irete keskuse direktor. Ps\u00fchhiaatriaprofessorina on ta spetsialiseerunud uneh\u00e4iretele, parasomniatele ja unetusele.<\/p>\n<\/div>\n<\/div>\n<table class=\"type01 cke_show_border\">\n<tbody>\n<tr>\n<th>ISBN<\/th>\n<td>9789985026717<\/td>\n<\/tr>\n<tr>\n<th>Ilmumisaasta<\/th>\n<td>2011<\/td>\n<\/tr>\n<tr>\n<th>Keel<\/th>\n<td>eestikeelne<\/td>\n<\/tr>\n<tr>\n<th>Lehek\u00fclgi<\/th>\n<td>176 lk<\/td>\n<\/tr>\n<tr>\n<th>M\u00f5\u00f5t<\/th>\n<td>190x153x19 (mm)<\/td>\n<\/tr>\n<\/tbody>\n<\/table>\n","protected":false},"excerpt":{"rendered":"<p>Kui te ei saa \u00f6\u00f6siti h\u00e4sti magada, siis teadke, et te pole ainuke \u2013 uneprobleeme esineb keskeltl\u00e4bi igal viiendal inimesel. Unerohi pole aga kaugeltki mitte ainus lahendus.<br \/>\n\u201eUne k\u00e4siraamat\u201d annab \u00fclevaate v\u00f5imalikest probleemidest ja nende lahendustest. Viimaste uuringute andmetele tuginev, juhtivate asjatundjate soovitusi sisaldav k\u00e4siraamat aitab teil oma uneprobleemide p\u00f5hjustele j\u00e4lile j\u00f5uda ning pakub praktilisi n\u00f5uandeid kosutava \u00f6\u00f6une saavutamiseks.<br \/>\nRaamatuga on kaasas l\u00f5dvestumisjuhiste, rahustava muusika ja asjalike n\u00e4pun\u00e4idetega CD.<\/p>\n","protected":false},"featured_media":51636,"template":"","meta":[],"product_brand":[],"product_cat":[588],"product_tag":[],"class_list":{"0":"post-51635","1":"product","2":"type-product","3":"status-publish","4":"has-post-thumbnail","6":"product_cat-tervise-raamatud-en","7":"product_shipping_class-xs-en-2","9":"first","10":"instock","11":"purchasable","12":"product-type-simple"},"_links":{"self":[{"href":"https:\/\/minervashop.eu\/en\/wp-json\/wp\/v2\/product\/51635","targetHints":{"allow":["GET"]}}],"collection":[{"href":"https:\/\/minervashop.eu\/en\/wp-json\/wp\/v2\/product"}],"about":[{"href":"https:\/\/minervashop.eu\/en\/wp-json\/wp\/v2\/types\/product"}],"wp:featuredmedia":[{"embeddable":true,"href":"https:\/\/minervashop.eu\/en\/wp-json\/wp\/v2\/media\/51636"}],"wp:attachment":[{"href":"https:\/\/minervashop.eu\/en\/wp-json\/wp\/v2\/media?parent=51635"}],"wp:term":[{"taxonomy":"product_brand","embeddable":true,"href":"https:\/\/minervashop.eu\/en\/wp-json\/wp\/v2\/product_brand?post=51635"},{"taxonomy":"product_cat","embeddable":true,"href":"https:\/\/minervashop.eu\/en\/wp-json\/wp\/v2\/product_cat?post=51635"},{"taxonomy":"product_tag","embeddable":true,"href":"https:\/\/minervashop.eu\/en\/wp-json\/wp\/v2\/product_tag?post=51635"}],"curies":[{"name":"wp","href":"https:\/\/api.w.org\/{rel}","templated":true}]}}