{"id":51651,"date":"2021-11-16T13:47:24","date_gmt":"2021-11-16T13:47:24","guid":{"rendered":"https:\/\/minervashop.eu\/toode\/kuuloogia-too-maagiliste-kuu-fassidega\/"},"modified":"2022-02-26T21:30:53","modified_gmt":"2022-02-26T21:30:53","slug":"kuuloogia-too-maagiliste-kuu-fassidega","status":"publish","type":"product","link":"https:\/\/minervashop.eu\/en\/product\/kuuloogia-too-maagiliste-kuu-fassidega\/","title":{"rendered":"KUULOOGIA. T\u00d6\u00d6 MAAGILISTE KUU FASSIDEGA"},"content":{"rendered":"<p>&nbsp;<\/p>\n<ul>\n<li>miks Kuu lainele h\u00e4\u00e4lestamine v\u00f5ib teie elu paremaks muuta,<\/li>\n<li>kuidas saate Kuu abil eelolevaid n\u00e4dalaid ennustada,<\/li>\n<li>v\u00f5imsaid rituaale ja tseremooniad Kuuga t\u00f6\u00f6tamiseks,<\/li>\n<li>kuidas tegutseda koos Kuu loomisega, et tuua maagiat igasse eluvaldkonda,<\/li>\n<li>miks on Kuu ts\u00fckli k\u00f5rgpunkt t\u00e4iskuu v\u00f5imas aeg, et liigutada klotse ja andestada,<\/li>\n<li>mis kasu on iga p\u00e4ev t\u00f6\u00f6tada Kuu energiaga.<\/li>\n<\/ul>\n<p>Saate ka teada, milliseid kinnitusi, kujutlusi ja kordusi kasutada, ning avastate peainglite, jumalannade ja t\u00f5usvate meistrite rolli. See on raamat k\u00f5igile neile, kes soovivad teadlikult oma elu luua, s\u00fcvendada \u00fchendust looduse ja K\u00f5igev\u00e4gevamaga ning viia oma spirituaalne praktika uuele tasemele. Seega astuge pardale, me s\u00f5idame Kuule!<\/p>\n<table class=\"type01 cke_show_border\">\n<tbody>\n<tr>\n<th>ISBN<\/th>\n<td>9789949820399<\/td>\n<\/tr>\n<tr>\n<th>Ilmumisaasta<\/th>\n<td>2017<\/td>\n<\/tr>\n<tr>\n<th>Keel<\/th>\n<td>eestikeelne<\/td>\n<\/tr>\n<tr>\n<th>Formaat<\/th>\n<td>Pehmekaaneline<\/td>\n<\/tr>\n<tr>\n<th>Lehek\u00fclgi<\/th>\n<td>232 lk<\/td>\n<\/tr>\n<tr>\n<th>M\u00f5\u00f5t<\/th>\n<td>208x140x15 (mm)<\/td>\n<\/tr>\n<\/tbody>\n<\/table>\n","protected":false},"excerpt":{"rendered":"<p><strong>T\u00f6\u00f6 maagiliste kuu faasidega<\/strong><\/p>\n<p><em>Muutke n\u00e4iliselt v\u00f5imatu v\u00f5imalikuks!<\/em><\/p>\n<p>Kas olete kunagi proovinud midagi muuta ja tundnud, et see on lihtsalt v\u00f5imatu? See raamat v\u00f5ib olla puuduv l\u00fcli, mida vajate. M\u00f5istes kaheksat maagilist Kuu faasi, saate parandada ja v\u00f5imendada elu iga aspekti. Teate paremini, mida eelolevatel p\u00e4evadel oodata ja kuidas ajastada t\u00e4htsaid elus\u00fcndmusi, alustades oluliste meilide saatmisest kuni abiellumiseni v\u00e4lja! V\u00f5ite kasutada Kuud ka enda eest hoolitsemise juhi ja planeerijana. Avastage<\/p>\n","protected":false},"featured_media":0,"template":"","meta":[],"product_brand":[],"product_cat":[383],"product_tag":[],"class_list":{"0":"post-51651","1":"product","2":"type-product","3":"status-publish","5":"product_cat-divination-and-magic-books","6":"product_shipping_class-xs-en-2","8":"first","9":"instock","10":"purchasable","11":"product-type-simple"},"_links":{"self":[{"href":"https:\/\/minervashop.eu\/en\/wp-json\/wp\/v2\/product\/51651","targetHints":{"allow":["GET"]}}],"collection":[{"href":"https:\/\/minervashop.eu\/en\/wp-json\/wp\/v2\/product"}],"about":[{"href":"https:\/\/minervashop.eu\/en\/wp-json\/wp\/v2\/types\/product"}],"wp:attachment":[{"href":"https:\/\/minervashop.eu\/en\/wp-json\/wp\/v2\/media?parent=51651"}],"wp:term":[{"taxonomy":"product_brand","embeddable":true,"href":"https:\/\/minervashop.eu\/en\/wp-json\/wp\/v2\/product_brand?post=51651"},{"taxonomy":"product_cat","embeddable":true,"href":"https:\/\/minervashop.eu\/en\/wp-json\/wp\/v2\/product_cat?post=51651"},{"taxonomy":"product_tag","embeddable":true,"href":"https:\/\/minervashop.eu\/en\/wp-json\/wp\/v2\/product_tag?post=51651"}],"curies":[{"name":"wp","href":"https:\/\/api.w.org\/{rel}","templated":true}]}}