{"id":56594,"date":"2021-11-16T13:47:24","date_gmt":"2021-11-16T13:47:24","guid":{"rendered":"https:\/\/minervashop.eu\/toode\/natural-leaf-pendant-necklace\/"},"modified":"2021-11-16T13:47:24","modified_gmt":"2021-11-16T13:47:24","slug":"natural-leaf-pendant-necklace","status":"publish","type":"product","link":"https:\/\/minervashop.eu\/en\/product\/natural-leaf-pendant-necklace\/","title":{"rendered":"Natural leaf pendant necklace"},"content":{"rendered":"","protected":false},"excerpt":{"rendered":"<p>8g<br \/>\nHiinast<br \/>\nEhted valmistatud naturaalsetest lehtedest, kasutades spetsiaalset meetodit metalse pinna andmiseks, kus j\u00e4rk-j\u00e4rgult kaetakse lehe pind metalliga.\u00a0 K\u00e4sitsi korjatud lehed. Seet\u00f5ttu on iga leht ka erinev ja unikaalne. Selle komplektiga lisad loodusteadlikkust oma v\u00e4limusse.<br \/>\nkitsas leht ripats ca 7 x 3 cm<br \/>\nlai leht ripats ca 5,5 x 4,2 cm<br \/>\nkee 45 cm<\/p>\n","protected":false},"featured_media":56595,"template":"","meta":[],"product_brand":[],"product_cat":[682,602],"product_tag":[],"class_list":{"0":"post-56594","1":"product","2":"type-product","3":"status-publish","4":"has-post-thumbnail","6":"product_cat-natural-tree-leaves-jewellery","7":"product_cat-other-material-pendants","8":"product_shipping_class-xs-en-2","10":"first","11":"instock","12":"taxable","13":"shipping-taxable","14":"purchasable","15":"product-type-variable"},"_links":{"self":[{"href":"https:\/\/minervashop.eu\/en\/wp-json\/wp\/v2\/product\/56594","targetHints":{"allow":["GET"]}}],"collection":[{"href":"https:\/\/minervashop.eu\/en\/wp-json\/wp\/v2\/product"}],"about":[{"href":"https:\/\/minervashop.eu\/en\/wp-json\/wp\/v2\/types\/product"}],"wp:featuredmedia":[{"embeddable":true,"href":"https:\/\/minervashop.eu\/en\/wp-json\/wp\/v2\/media\/56595"}],"wp:attachment":[{"href":"https:\/\/minervashop.eu\/en\/wp-json\/wp\/v2\/media?parent=56594"}],"wp:term":[{"taxonomy":"product_brand","embeddable":true,"href":"https:\/\/minervashop.eu\/en\/wp-json\/wp\/v2\/product_brand?post=56594"},{"taxonomy":"product_cat","embeddable":true,"href":"https:\/\/minervashop.eu\/en\/wp-json\/wp\/v2\/product_cat?post=56594"},{"taxonomy":"product_tag","embeddable":true,"href":"https:\/\/minervashop.eu\/en\/wp-json\/wp\/v2\/product_tag?post=56594"}],"curies":[{"name":"wp","href":"https:\/\/api.w.org\/{rel}","templated":true}]}}