{"id":57921,"date":"2022-03-30T19:54:57","date_gmt":"2022-03-30T19:54:57","guid":{"rendered":"https:\/\/minervashop.eu\/toode\/teejuht-maagiliste-piltide-maailma\/"},"modified":"2022-03-30T19:54:57","modified_gmt":"2022-03-30T19:54:57","slug":"teejuht-maagiliste-piltide-maailma","status":"publish","type":"product","link":"https:\/\/minervashop.eu\/en\/product\/teejuht-maagiliste-piltide-maailma\/","title":{"rendered":"TEEJUHT MAAGILISTE PILTIDE MAAILMA"},"content":{"rendered":"<p>Kas oled m\u00f5elnud selle peale, mitut pilti sa t\u00e4na n\u00e4gid? Teadlased on v\u00e4lja arvutanud, et t\u00e4nap\u00e4eva inimene silmab \u00fche p\u00e4eva jooksul umbes 20 000 pilti. See hulk on nii p\u00f6\u00f6raselt suur, et lisab paratamatult stressi ja raskendab keskendumist.<\/p>\n<p>Raamatu autor on Soome kunstiterapeut, kunstnik ja loovuskoolitaja Krista Launonen, keda seob Eestiga ammune s\u00f5prus. Krista loomingut on eksponeeritud isikun\u00e4itusel Tallinnas Draakoni galeriis ning juba k\u00fcmme aastat k\u00e4ib ta igal suvel Haapsalus kunstihuvilisi koolitamas.<\/p>\n","protected":false},"excerpt":{"rendered":"<p>Kas oled m\u00f5elnud selle peale, mitut pilti sa t\u00e4na n\u00e4gid? Teadlased on v\u00e4lja arvutanud, et t\u00e4nap\u00e4eva inimene silmab \u00fche p\u00e4eva jooksul umbes 20 000 pilti. See hulk on nii p\u00f6\u00f6raselt suur, et lisab paratamatult stressi ja raskendab keskendumist. Raamatu autor on Soome kunstiterapeut, kunstnik ja loovuskoolitaja Krista Launonen, keda seob Eestiga ammune s\u00f5prus. Krista loomingut [&#8230;]\n","protected":false},"featured_media":57909,"template":"","meta":[],"product_brand":[],"product_cat":[380],"product_tag":[],"class_list":{"0":"post-57921","1":"product","2":"type-product","3":"status-publish","4":"has-post-thumbnail","6":"product_cat-books-for-self-help","8":"first","9":"instock","10":"sale","11":"taxable","12":"shipping-taxable","13":"purchasable","14":"product-type-simple"},"_links":{"self":[{"href":"https:\/\/minervashop.eu\/en\/wp-json\/wp\/v2\/product\/57921","targetHints":{"allow":["GET"]}}],"collection":[{"href":"https:\/\/minervashop.eu\/en\/wp-json\/wp\/v2\/product"}],"about":[{"href":"https:\/\/minervashop.eu\/en\/wp-json\/wp\/v2\/types\/product"}],"wp:featuredmedia":[{"embeddable":true,"href":"https:\/\/minervashop.eu\/en\/wp-json\/wp\/v2\/media\/57909"}],"wp:attachment":[{"href":"https:\/\/minervashop.eu\/en\/wp-json\/wp\/v2\/media?parent=57921"}],"wp:term":[{"taxonomy":"product_brand","embeddable":true,"href":"https:\/\/minervashop.eu\/en\/wp-json\/wp\/v2\/product_brand?post=57921"},{"taxonomy":"product_cat","embeddable":true,"href":"https:\/\/minervashop.eu\/en\/wp-json\/wp\/v2\/product_cat?post=57921"},{"taxonomy":"product_tag","embeddable":true,"href":"https:\/\/minervashop.eu\/en\/wp-json\/wp\/v2\/product_tag?post=57921"}],"curies":[{"name":"wp","href":"https:\/\/api.w.org\/{rel}","templated":true}]}}