{"id":57922,"date":"2022-03-30T19:58:24","date_gmt":"2022-03-30T19:58:24","guid":{"rendered":"https:\/\/minervashop.eu\/toode\/tervisliku-dieedi-kasiraamat\/"},"modified":"2022-03-30T19:58:24","modified_gmt":"2022-03-30T19:58:24","slug":"tervisliku-dieedi-kasiraamat","status":"publish","type":"product","link":"https:\/\/minervashop.eu\/en\/product\/tervisliku-dieedi-kasiraamat\/","title":{"rendered":"TERVISLIKU DIEEDI K\u00c4SIRAAMAT"},"content":{"rendered":"<p>Saad teada:<br \/>\n\u2022 miks v\u00e4herasvase, kalorivaese dieedi abil p\u00fcsivalt alla v\u00f5tta on pea v\u00f5imatu, ja miks on tark v\u00e4ltida toite siltidega nagu \u201cMadala rasvasisaldusega\u201d v\u00f5i \u201cLahja\u201d;<br \/>\n\u2022 mida v\u00e4hem n\u00e4ljane sa oled, seda rohkem kaalu kaotad;<br \/>\n\u2022 toidud, mis t\u00e4idavad k\u00f5htu k\u00f5ige paremini;<br \/>\n\u2022 kaal pole kinni ainu\u00fcksi kalorites, toitumine m\u00f5jutab sinu keha v\u00f5tmehormoone nagu insuliin ja leptiin;<br \/>\n\u2022 p\u00f5hjused, miks sa ei pea enam muretsema k\u00fcllastunud rasva p\u00e4rast v\u00f5i sellep\u00e4rast, kuidas see m\u00f5jutab sinu kolesteroolitaset;<br \/>\n\u2022 aeroobne trenn ei m\u00f5juta kaalu kuigiv\u00f5rd,<br \/>\n\u2022 missugused harjutused seda teevad;<br \/>\n\u2022 l\u00fchipaast kiirendab rasvakadu ja parandab tervist;<br \/>\n\u2022 lihtsad trikid, kuidas m\u00f5jutada oma m\u00f5tlemist, ja niiviisi edu saavutada.<\/p>\n","protected":false},"excerpt":{"rendered":"<p>Saad teada: \u2022 miks v\u00e4herasvase, kalorivaese dieedi abil p\u00fcsivalt alla v\u00f5tta on pea v\u00f5imatu, ja miks on tark v\u00e4ltida toite siltidega nagu \u201cMadala rasvasisaldusega\u201d v\u00f5i \u201cLahja\u201d; \u2022 mida v\u00e4hem n\u00e4ljane sa oled, seda rohkem kaalu kaotad; \u2022 toidud, mis t\u00e4idavad k\u00f5htu k\u00f5ige paremini; \u2022 kaal pole kinni ainu\u00fcksi kalorites, toitumine m\u00f5jutab sinu keha v\u00f5tmehormoone nagu [&#8230;]\n","protected":false},"featured_media":57913,"template":"","meta":[],"product_brand":[],"product_cat":[670,588],"product_tag":[],"class_list":{"0":"post-57922","1":"product","2":"type-product","3":"status-publish","4":"has-post-thumbnail","6":"product_cat-sale","7":"product_cat-tervise-raamatud-en","8":"product_shipping_class-xs-en-2","10":"first","11":"instock","12":"sale","13":"taxable","14":"shipping-taxable","15":"purchasable","16":"product-type-simple"},"_links":{"self":[{"href":"https:\/\/minervashop.eu\/en\/wp-json\/wp\/v2\/product\/57922","targetHints":{"allow":["GET"]}}],"collection":[{"href":"https:\/\/minervashop.eu\/en\/wp-json\/wp\/v2\/product"}],"about":[{"href":"https:\/\/minervashop.eu\/en\/wp-json\/wp\/v2\/types\/product"}],"wp:featuredmedia":[{"embeddable":true,"href":"https:\/\/minervashop.eu\/en\/wp-json\/wp\/v2\/media\/57913"}],"wp:attachment":[{"href":"https:\/\/minervashop.eu\/en\/wp-json\/wp\/v2\/media?parent=57922"}],"wp:term":[{"taxonomy":"product_brand","embeddable":true,"href":"https:\/\/minervashop.eu\/en\/wp-json\/wp\/v2\/product_brand?post=57922"},{"taxonomy":"product_cat","embeddable":true,"href":"https:\/\/minervashop.eu\/en\/wp-json\/wp\/v2\/product_cat?post=57922"},{"taxonomy":"product_tag","embeddable":true,"href":"https:\/\/minervashop.eu\/en\/wp-json\/wp\/v2\/product_tag?post=57922"}],"curies":[{"name":"wp","href":"https:\/\/api.w.org\/{rel}","templated":true}]}}