{"id":64688,"date":"2022-05-25T11:18:22","date_gmt":"2022-05-25T11:18:22","guid":{"rendered":"https:\/\/minervashop.eu\/toode\/tagasiloogid-minu-umber\/"},"modified":"2022-05-25T11:18:22","modified_gmt":"2022-05-25T11:18:22","slug":"tagasiloogid-minu-umber","status":"publish","type":"product","link":"https:\/\/minervashop.eu\/en\/product\/tagasiloogid-minu-umber\/","title":{"rendered":"TAGASIL\u00d6\u00d6GID MINU \u00dcMBER"},"content":{"rendered":"<p>M\u00f5nikord tunned, et sinu \u00fcmber ongi vaid tagasil\u00f6\u00f6gid. V\u00e4ikesed ja suured. Iga kord on j\u00e4lle t\u00e4ielik lootusetuse tunne.<\/p>\n<p>Sa oled valinud veidi depressiivse pealkirjaga raamatu. Tegelikult aga ei r\u00e4\u00e4gita siin tagasil\u00f6\u00f6kidest. Vaid hoopis sellest, kuidas kogetud tagasil\u00f6\u00f6gid enda kasuks p\u00f6\u00f6rata ja edu saavutada. Eesm\u00e4rk on n\u00e4idata, et elu on nagu on, ja t\u00e4htis on see, mida sellega pihta hakata, mitte see, mis \u00fcmberringi toimub.<\/p>\n<p>Tunneli l\u00f5pus on valgus!<\/p>\n<p>Eesti keeles on Thomas Eriksoni sulest ilmunud raamatud \u201eIdioodid minu \u00fcmber (2018, Varrak) ja \u201ePs\u00fchhopaadid minu \u00fcmber\u201c (2019, Varrak).<\/p>\n","protected":false},"excerpt":{"rendered":"<p>Selles raamatus k\u00e4sitleb autor mitmesuguseid tagasil\u00f6\u00f6ke: probleeme t\u00f6\u00f6l ja perekonnas, rahamuresid, armuh\u00e4dasid, hulle naabreid, r\u00e4nki t\u00fclisid &#8230; Kuidas hakkama saada, kui k\u00f5ik tundub nii jube keeruline? Kas t\u00f5esti peab tagasil\u00f6\u00f6kidega leppima?<br \/>\nEsmajoones n\u00e4itab raamatu autor, kuidas muuta tagasil\u00f6\u00f6gid eduks. M\u00f5istvalt ja naljatamisi juhib ta meid m\u00f6\u00f6da tunnelit valguse poole. Annab k\u00e4tte lahendusi nii meie sees kui ka meist v\u00e4ljaspool.<\/p>\n","protected":false},"featured_media":64684,"template":"","meta":[],"product_brand":[],"product_cat":[380],"product_tag":[],"class_list":{"0":"post-64688","1":"product","2":"type-product","3":"status-publish","4":"has-post-thumbnail","6":"product_cat-books-for-self-help","7":"product_shipping_class-xs-en-2","9":"first","10":"instock","11":"taxable","12":"shipping-taxable","13":"purchasable","14":"product-type-simple"},"_links":{"self":[{"href":"https:\/\/minervashop.eu\/en\/wp-json\/wp\/v2\/product\/64688","targetHints":{"allow":["GET"]}}],"collection":[{"href":"https:\/\/minervashop.eu\/en\/wp-json\/wp\/v2\/product"}],"about":[{"href":"https:\/\/minervashop.eu\/en\/wp-json\/wp\/v2\/types\/product"}],"wp:featuredmedia":[{"embeddable":true,"href":"https:\/\/minervashop.eu\/en\/wp-json\/wp\/v2\/media\/64684"}],"wp:attachment":[{"href":"https:\/\/minervashop.eu\/en\/wp-json\/wp\/v2\/media?parent=64688"}],"wp:term":[{"taxonomy":"product_brand","embeddable":true,"href":"https:\/\/minervashop.eu\/en\/wp-json\/wp\/v2\/product_brand?post=64688"},{"taxonomy":"product_cat","embeddable":true,"href":"https:\/\/minervashop.eu\/en\/wp-json\/wp\/v2\/product_cat?post=64688"},{"taxonomy":"product_tag","embeddable":true,"href":"https:\/\/minervashop.eu\/en\/wp-json\/wp\/v2\/product_tag?post=64688"}],"curies":[{"name":"wp","href":"https:\/\/api.w.org\/{rel}","templated":true}]}}