{"id":64689,"date":"2022-05-25T11:22:29","date_gmt":"2022-05-25T11:22:29","guid":{"rendered":"https:\/\/minervashop.eu\/toode\/hoolivuse-keel-uhe-meditsiinioe-lugu\/"},"modified":"2022-05-25T11:22:29","modified_gmt":"2022-05-25T11:22:29","slug":"hoolivuse-keel-uhe-meditsiinioe-lugu","status":"publish","type":"product","link":"https:\/\/minervashop.eu\/en\/product\/hoolivuse-keel-uhe-meditsiinioe-lugu\/","title":{"rendered":"HOOLIVUSE KEEL. \u00dcHE MEDITSIINI\u00d5E LUGU"},"content":{"rendered":"<p>Christie Watson on kaksk\u00fcmmend aastat t\u00f6\u00f6tanud Inglismaa haiglates \u00f5ena. Autobiograafiline raamat, milles ta juhatab lugejat inimese s\u00fcnnist surmani ning erakorralise meditsiini osakonnast morgi, on muljetavaldav sissevaade sellesse hoolivusest, kaastundest ja headusest kantud elukutsesse ning selle telgitagustesse.<\/p>\n<p>Autor viib lugeja kaasa inimelu k\u00f5ige kriitilisematesse hetkedesse. Siin saab tihti m\u00e4\u00e4ravaks see, millest moodsas meditsiinis pahatihti puudu j\u00e4\u00e4b: haige tervenemiseks on k\u00f5rgtehnoloogiliste meditsiiniprotseduuride k\u00f5rval eluliselt oluline ka inimlik empaatia \u2013 s\u00fcdame h\u00e4\u00e4l ja hoolivuse keel.<\/p>\n<p>\u201eSee raamat pani mu nutma. Sundis m\u00f5tlema. Ajas naerma. Innustas mind hindama \u00fcht k\u00f5ige alahinnatumat ametit k\u00f5rgemalt kui eales varem.\u201d \u2013 Adam Kay, raamatu \u201eSee teeb haiget\u201d autor<\/p>\n<p><strong>Krista Kaer soovitab:<\/strong><br \/>\n<em>&#8220;Christie Watson on Costa preemia v\u00f5itnud inglise kirjanik, kes on enne kirjutama asumist t\u00f6\u00f6tanud 20 aastat eri haiglates \u00f5ena. M\u00e4lestuste p\u00f5hjal sellest ajast on ta kirjutanud raamatu \u201eHoolivuse keel\u201c, mille kohta on ka \u00f6eldud, et t\u00e4nap\u00e4eval, kui iga\u00fcks kirjutab m\u00e4lestusi, annab Christie raamat tagasi usu sellesse \u017eanrisse. Tundub, et praegu on just \u00f5ige aeg selle raamatu lugemiseks ja t\u00f5demiseks, et \u00f5est, kes istub su voodi k\u00f5rval, tema vaiksest hoolivusest v\u00f5ib sageli oleneda see, kas sealt voodist t\u00f5used.&#8221;<\/em><\/p>\n","protected":false},"excerpt":{"rendered":"<p>Praegusel ajaj\u00e4rgul, kui \u00fchiskonda on v\u00e4rskelt raputanud koroona- pandeemia, on \u00f5dedest ja teistest meditsiinit\u00f6\u00f6tajatest saanud s\u00f5na otseses m\u00f5ttes oma eluga riskivad meie aja kangelased. Just n\u00fc\u00fcd kaaluvad paljud noored, kas neile sobiks \u00f5e \u00f5ilis, kuid samas v\u00e4ga n\u00f5udlik eriala. See s\u00fcdamlik raamat julgustab nii tulevasi meditsiini\u00f5ppureid kui ka k\u00f5iki meid \u2013 potentsiaalseid patsiente \u2013 ulatama sagedamini toetavat k\u00e4tt abivajajale ning m\u00f5istma paremini t\u00f6\u00f6d, mida teevad t\u00e4nap\u00e4eval \u00f5ed.<\/p>\n","protected":false},"featured_media":64687,"template":"","meta":[],"product_brand":[],"product_cat":[431,588],"product_tag":[],"class_list":{"0":"post-64689","1":"product","2":"type-product","3":"status-publish","4":"has-post-thumbnail","6":"product_cat-learning-books","7":"product_cat-tervise-raamatud-en","8":"product_shipping_class-xs-en-2","10":"first","11":"instock","12":"sale","13":"taxable","14":"shipping-taxable","15":"purchasable","16":"product-type-simple"},"_links":{"self":[{"href":"https:\/\/minervashop.eu\/en\/wp-json\/wp\/v2\/product\/64689","targetHints":{"allow":["GET"]}}],"collection":[{"href":"https:\/\/minervashop.eu\/en\/wp-json\/wp\/v2\/product"}],"about":[{"href":"https:\/\/minervashop.eu\/en\/wp-json\/wp\/v2\/types\/product"}],"wp:featuredmedia":[{"embeddable":true,"href":"https:\/\/minervashop.eu\/en\/wp-json\/wp\/v2\/media\/64687"}],"wp:attachment":[{"href":"https:\/\/minervashop.eu\/en\/wp-json\/wp\/v2\/media?parent=64689"}],"wp:term":[{"taxonomy":"product_brand","embeddable":true,"href":"https:\/\/minervashop.eu\/en\/wp-json\/wp\/v2\/product_brand?post=64689"},{"taxonomy":"product_cat","embeddable":true,"href":"https:\/\/minervashop.eu\/en\/wp-json\/wp\/v2\/product_cat?post=64689"},{"taxonomy":"product_tag","embeddable":true,"href":"https:\/\/minervashop.eu\/en\/wp-json\/wp\/v2\/product_tag?post=64689"}],"curies":[{"name":"wp","href":"https:\/\/api.w.org\/{rel}","templated":true}]}}