{"id":740,"date":"2021-11-04T20:27:45","date_gmt":"2021-11-04T20:27:45","guid":{"rendered":"https:\/\/minervashop.eu?post_type=product&#038;p=740"},"modified":"2024-10-16T13:26:08","modified_gmt":"2024-10-16T13:26:08","slug":"naturaalsest-kivist-ruunid","status":"publish","type":"product","link":"https:\/\/minervashop.eu\/en\/toode\/naturaalsest-kivist-ruunid\/","title":{"rendered":"Naturaalsest kivist ruunid"},"content":{"rendered":"<p>&nbsp;<\/p>\n<p><strong>KUUKIVI<\/strong>&#8211; (p\u00e4rljas l\u00e4bikumav, harilikult sinakas v\u00f5i h\u00f5bejas kivi.) Hall kuukivi sobib t\u00f5kete kaotamiseks, valge kuukivi meheliku ja naiseliku energia tasakaalustamiseks. Sinakas kivi\u00a0 teravdab kontsentreerumist ja aitab\u00a0 v\u00e4ltida igasugust meeltesegadust. Naiselik kivi, nagu v\u00f5luamulett \u2013 toob naiselikkust ja loob hea aura selle kandja \u00fcmber.\u00a0 M\u00fcstilise j\u00f5u kivi. Reisijate talisman. Rahustab ja seab meid elama loodusega r\u00fctmis.\u00a0 VAIM: intuitsioon; aitab unesk\u00f5ndimise vastu; annab tunnetele s\u00fcgavust; muudab vastuv\u00f5tlikuks inspiratsioonile ja impulssidele.\u00a0 Kuupaistena s\u00e4delevat kuukivi peetakse Indias p\u00fchaks, kuigi m\u00f5nel pool peetakse teda kurjakuulutavaks ja pahaloomuliseks. Arvatakse, et kuukivi toob \u00f5nne.\u00a0 S\u00fcmboliseerib \u00f5rnust, Kuud ja armunuid. Kui peig kingib pruudile kuukivi, toob see \u00f5nne. Avades s\u00fcdamet\u0161akra, aitab leida t\u00f5elise armastuse. Suurep\u00e4rane kristall armastuse jaoks.\u00a0 Kui inimesed t\u00f5elislt t\u00fclitsevad, siis aitab kuukivi kahel armastaval s\u00fcdamel taas\u00fchineda. Erootika ja armastuse kivi, stimuleerides Kundalini energiat ja salajasi soove, mida ei saa realiseerida hirmude t\u00f5ttu.\u00a0 Naistele, kel on raskusi s\u00fcnnitada lapsi. Seotud kire, rahulikkuse, taas\u00fchinemise, soodsa saatuse, hingelise tasakaalu, isekuse k\u00e4rpimise, kaitsega kodust kaugel, ps\u00fc\u00fchiliste v\u00f5imete tugevdamise, naiseliku lummamise ja tundlikkuse suurendamisega looduse ts\u00fcklite vastu.\u00a0 Intuitsiooni\u00a0 tugevdamiseks. Avab meele erinevateks v\u00f5imalusteks. Soodustab isiklikku muutumist ja arengut. Abiks paindumatuse ja impulsiivsuse korral. Aitab parandada emotsionaalset n\u00e4gemust ja loovust. KEHA: Viib hormonaalse ts\u00fckli tasakaalu loomulike r\u00fctmidega; aitab menstruatsiooniprobleemide ja menopausi puhul ning p\u00e4rast s\u00fcnnitust. Hoiab \u00e4ra liiglihavuse. Viib v\u00e4lja m\u00fcrke.\u00a0\u00a0 MAAGIA: Aitab s\u00e4ilitada noorust. Kandke rinnahoidja sees, s\u00fcdame l\u00e4hedal. Legendi j\u00e4rgi v\u00f5ib inimene, kes paneb t\u00e4iskuu ajal kuukivi keele alla, n\u00e4ha tulevikku. Naistel soovitatakse kanda iga p\u00e4ev, minimaalselt 3 kuud. <strong>\u00a0<\/strong><em>Armastuse\u00a0 ligimeelitamiseks<\/em> pane kuuvalgel lihvitud kivid roosa k\u00fc\u00fcnla \u00fcmber. S\u00fc\u00fcta k\u00fc\u00fcnal ja visualiseeri armastuse kohalej\u00f5udmist.\u00a0 Kaitseks reisil v\u00f5i vee peal olles. Ujumisel v\u00f5ib kanda kuukiviga s\u00f5rmust.<a id=\"OON\u00dcKS\" name=\"OON\u00dcKS\"><\/a><\/p>\n<p><strong>LABRADORIIT<\/strong> \u2013 M\u00fcstiline ja kaitsev kivi, valgusetooja. Rahustab \u00fcliaktiivset meelt ja annab energiat kujutlusv\u00f5imele, tuues uusi ideid. Teraapia kestel moodustab t\u00f5kke negatiivsele energiale. \u00dcks tugevamaid kristalle, mis loob kaitsva j\u00f5u aura \u00fcmber.\u00a0 V\u00f5ib viia teise maailma v\u00f5i teistesse eludesse, kergendab m\u00fcstikaga tegelemist. Sobib reisijatele ning neile, kes soovivad end s\u00fcgavuti tundma \u00f5ppida. Kandke enda l\u00e4hedal \u2013 saate maagilised v\u00f5imed, telepaatia ja selgeltn\u00e4gemise. Suurep\u00e4rane r\u00f5\u00f5mu ja spontaansuse oma ellu tagasisaamiseks. \u00c4ratab tunde seiklustele\u00a0 ja muutustele. Toob v\u00e4lja unustatud m\u00e4lestused ja soodustab nende m\u00f5istmist. Julgustab m\u00f5tisklema ja vaatlema, tuues selgust intellektuaalsetesse m\u00f5tetesse ja intuitiivsesse teadmisse, mis aitab hajutada illusioone, selgitada\u00a0 p\u00f5hjusi ja tuua rahu. Aitab hajutada hirmusid ja ebakindlustunnet, samas suurendades usaldust ja usaldamist endas ja usku universumisse. Rahustab \u00fcliaktiivset meelt ja annab energiat kujutlusv\u00f5imele.\u00a0 Rahustab h\u00fcperaktiivseid lapsi. KEHA: silmade ja aju h\u00e4iretele, leevendab stressi ja reguleerib ainevahetust. Ravitseb k\u00fclmetust, podagrat, reumat. Tasakaalustab hormoone, leevendab menstruaalpinget, alandab verer\u00f5hku. Puhastab kogu keha. Kanda s\u00fcdamet\u0161akra kohal, hoida k\u00e4es v\u00f5i panna vajalikule kohale kehal.<\/p>\n<p><strong>OON\u00dcKS<\/strong> on kaitsva energia kandja, eriti must oon\u00fcks.\u00a0 See on k\u00f5ige iidsem kivi, mida tunti juba varajastes tsivilisatsioonides v\u00f5imsa energia poolest. See s\u00fcgav-must valgete triipudega kivi oli k\u00f5rgelt hinnatud tseremooniatel ja matustel maagilise kivina. Samuti kasutati seda amuletina m\u00f5\u00f5kadel, kilpidel ja r\u00fc\u00fcdel s\u00f5jamehe kaitseks ja vapruseks lahinguv\u00e4ljal. Kantakse negatiivsusest hoidumiseks, s\u00fcmboliseerib k\u00f5rgendatud meelt, enesekindlust ja vaimuj\u00f5udu.\u00a0 Seostatakse abielu\u00f5nne ja siirusega. Cupido l\u00f5ikas oma noolega magava Venuse k\u00fc\u00fcsi. K\u00fc\u00fcnet\u00fckid kukkusid Induse j\u00f5kke, vajusid p\u00f5hja ja muutusid oon\u00fcksiteks. Arvatakse, et see kivi \u00f5hutab t\u00fclisid ja vaidlusi, p\u00f5hjustab depressiooni ja veidraid unen\u00e4gusid. Oon\u00fcksi kandmine pidavat \u00f6\u00f6siti tekitama koledaid n\u00e4gemusi ja deemonite r\u00fcnnakuid, p\u00e4eval kohtusse kaebamist ja riidu. Valgete kihtidega oon\u00fcks toob muret, vaidlusi, hirmu ja \u00f5udseid fantaasiaid. K\u00f5iki neid negatiivseid efekte neutraliseerib samaaegselt kantav sardikivi. Must oon\u00fcks peegeldab iseenda k\u00f5iki aspekte, nii positiivseid kui negatiivseid. Ta pidavat tooma endaga halbu unen\u00e4gusid, tugevdama luu\u00fcdi ja suurendama s\u00fcljeeritust poistel. Silma peal hoituna v\u00e4ljutab sealt puru. Sinine oon\u00fcks vastab kurgut\u0161akrale ja teda kasutatakse k\u00f5rgema inspiratsiooni saamiseks. Maandab ja stabiliseerib emotsionaalset keha, tuues tugevust raskustes v\u00f5i segastes olukordades ning raskes vaimses ja f\u00fc\u00fcsilises stressis.\u00a0 Rahustab n\u00e4rvilisust ning vaigistab \u00e4revust ja hirmu.\u00a0 Rahustab tujukust ning taastab ratsionaalse m\u00f5tlemise ja enesekontrolli. Annab enesekontrolli energiat koos kindlustunde, fokusseerituse ja \u00f5igete otsuste tegemise oskusega.<\/p>\n<table class=\"properties\">\n<tbody>\n<tr>\n<td class=\"small\">p\u00e4ritolumaa<\/td>\n<td><img decoding=\"async\" title=\"IND\" src=\"https:\/\/www.awgifts.eu\/art\/flags\/in.png\" alt=\"\" data-country_key=\"72\" \/>\u00a0India<\/td>\n<\/tr>\n<tr>\n<td class=\"small\">kaal<\/td>\n<td>0.27Kg\u00a0<span class=\"small discreet\">\/komplekt<\/span><\/td>\n<\/tr>\n<tr>\n<td class=\"small\"><\/td>\n<td>0.27Kg<\/td>\n<\/tr>\n<tr>\n<td class=\"small\">kivi m\u00f5\u00f5t<\/td>\n<td>2x2x1.5 (cm)<span class=\"discreet volume\">,<\/span><\/td>\n<\/tr>\n<\/tbody>\n<\/table>\n","protected":false},"excerpt":{"rendered":"<p>naturaalsest kivist ruunikivid, millele on m\u00e4rgid graveeritud kuldse v\u00e4rviga, puuvillases kotis.<\/p>\n<p><span style=\"color: #ff9900;\"><strong>Ruunid on omased iidsele viikingite ja keltide ajastule. Ruunid olid rohkem kui lihtsalt t\u00e4hed &#8211; nad olid ka s\u00fcmbolid. Iga ruunim\u00e4rgi taga peitub spirituaalne t\u00e4hendus. Ruunikivid on \u00fcks maailma m\u00fcsteeriume. Keegi ei tea, kust\u00a0 ja millal need tulid.\u00a0 Selle kohta on mitmeid teooriaid. Esimest korda on neid kasutatud ca 2000 a e. k.- 100 a . k. j.\u00a0 gooti h\u00f5imude ja teiste germaani h\u00f5imude poolt.\u00a0 Ruunid levisid \u00fcle Euroopa.<\/strong><\/span><\/p>\n","protected":false},"featured_media":746,"template":"","meta":[],"product_brand":[],"product_cat":[77,210],"product_tag":[],"class_list":{"0":"post-740","1":"product","2":"type-product","3":"status-publish","4":"has-post-thumbnail","6":"product_cat-ruunid","7":"product_cat-trummelkivid","9":"first","10":"instock","11":"taxable","12":"shipping-taxable","13":"purchasable","14":"product-type-variable"},"_links":{"self":[{"href":"https:\/\/minervashop.eu\/en\/wp-json\/wp\/v2\/product\/740","targetHints":{"allow":["GET"]}}],"collection":[{"href":"https:\/\/minervashop.eu\/en\/wp-json\/wp\/v2\/product"}],"about":[{"href":"https:\/\/minervashop.eu\/en\/wp-json\/wp\/v2\/types\/product"}],"wp:featuredmedia":[{"embeddable":true,"href":"https:\/\/minervashop.eu\/en\/wp-json\/wp\/v2\/media\/746"}],"wp:attachment":[{"href":"https:\/\/minervashop.eu\/en\/wp-json\/wp\/v2\/media?parent=740"}],"wp:term":[{"taxonomy":"product_brand","embeddable":true,"href":"https:\/\/minervashop.eu\/en\/wp-json\/wp\/v2\/product_brand?post=740"},{"taxonomy":"product_cat","embeddable":true,"href":"https:\/\/minervashop.eu\/en\/wp-json\/wp\/v2\/product_cat?post=740"},{"taxonomy":"product_tag","embeddable":true,"href":"https:\/\/minervashop.eu\/en\/wp-json\/wp\/v2\/product_tag?post=740"}],"curies":[{"name":"wp","href":"https:\/\/api.w.org\/{rel}","templated":true}]}}