{"id":78323,"date":"2022-09-03T09:10:10","date_gmt":"2022-09-03T09:10:10","guid":{"rendered":"https:\/\/minervashop.eu\/toode\/eesti-ravimtaimed-2\/"},"modified":"2022-09-03T09:10:10","modified_gmt":"2022-09-03T09:10:10","slug":"eesti-ravimtaimed-2","status":"publish","type":"product","link":"https:\/\/minervashop.eu\/en\/product\/eesti-ravimtaimed-2\/","title":{"rendered":"Eesti ravimtaimed 2"},"content":{"rendered":"<p>Selles raamatus on lood 40 Eesti ravimtaimest, mille hulgas m\u00f5ned on v\u00e4ga m\u00fcrgised. K\u00f5iki neid tutvustatakse p\u00f5hjalikult ja selgitatakse, kas nende kasutamine on t\u00e4nap\u00e4eval ikka p\u00f5hjendatud. Lugeja saab teada, mis nimesid \u00fcks v\u00f5i teine taim kannab ja kuidas rahvas on neid vanasti ravimisel kasutanud. Paljud raviretseptid on \u00f5ige vanad. P\u00f5hjalikult on tutvustatud iga taime n\u00fc\u00fcdisaegset t\u00f5endusp\u00f5hist kasutusviisi, droogi keemilist koostist ja toimeid, kogumist, kuivatamist ja s\u00e4ilitamist. Tarvitamis\u00f5petused tuginevad uusimatele teadusuuringutele ning l\u00e4htuvad ka iga taime kasutamisega seotud ohtudest, kusjuures on silmas peetud ka toimet, mis avaldub, kui konkreetset taime kasutatakse koos ravimitega.<\/p>\n<p>&nbsp;<\/p>\n","protected":false},"excerpt":{"rendered":"<p>Raamatu autorid on Tartu \u00dclikooli farmakognoosiaprofessor Ain Raal ja loodusajakirjanik-folklorist Kristel Vilbaste. Teos on j\u00e4tkuks 2018. aastal ilmunud ja suure menu osaliseks saanud raamatule \u201cEesti ravimtaimed\u201d. K\u00f6ide on illustreeritud Helje Eelma loodud originaalsete v\u00e4rviliste taimepiltidega.<\/p>\n<ul class=\"two-cols-text\">\n<li class=\"product_dimensions\">M\u00f5\u00f5dud:\u00a0160 \u00d7 210 mm<\/li>\n<\/ul>\n","protected":false},"featured_media":78322,"template":"","meta":[],"product_brand":[],"product_cat":[588],"product_tag":[],"class_list":{"0":"post-78323","1":"product","2":"type-product","3":"status-publish","4":"has-post-thumbnail","6":"product_cat-tervise-raamatud-en","7":"product_shipping_class-xs-en-2","9":"first","10":"instock","11":"taxable","12":"shipping-taxable","13":"purchasable","14":"product-type-simple"},"_links":{"self":[{"href":"https:\/\/minervashop.eu\/en\/wp-json\/wp\/v2\/product\/78323","targetHints":{"allow":["GET"]}}],"collection":[{"href":"https:\/\/minervashop.eu\/en\/wp-json\/wp\/v2\/product"}],"about":[{"href":"https:\/\/minervashop.eu\/en\/wp-json\/wp\/v2\/types\/product"}],"wp:featuredmedia":[{"embeddable":true,"href":"https:\/\/minervashop.eu\/en\/wp-json\/wp\/v2\/media\/78322"}],"wp:attachment":[{"href":"https:\/\/minervashop.eu\/en\/wp-json\/wp\/v2\/media?parent=78323"}],"wp:term":[{"taxonomy":"product_brand","embeddable":true,"href":"https:\/\/minervashop.eu\/en\/wp-json\/wp\/v2\/product_brand?post=78323"},{"taxonomy":"product_cat","embeddable":true,"href":"https:\/\/minervashop.eu\/en\/wp-json\/wp\/v2\/product_cat?post=78323"},{"taxonomy":"product_tag","embeddable":true,"href":"https:\/\/minervashop.eu\/en\/wp-json\/wp\/v2\/product_tag?post=78323"}],"curies":[{"name":"wp","href":"https:\/\/api.w.org\/{rel}","templated":true}]}}