{"id":7906,"date":"2021-11-16T11:48:33","date_gmt":"2021-11-16T11:48:33","guid":{"rendered":"https:\/\/minervashop.eu\/toode\/keerubiga-tahed-14-cm\/"},"modified":"2024-09-18T07:56:13","modified_gmt":"2024-09-18T07:56:13","slug":"ingliga-tahed-14-cm","status":"publish","type":"product","link":"https:\/\/minervashop.eu\/en\/toode\/ingliga-tahed-14-cm\/","title":{"rendered":"Ingliga t\u00e4hed 14 cm"},"content":{"rendered":"","protected":false},"excerpt":{"rendered":"<p>resiinist t\u00e4hed, t\u00e4he k\u00f5rgus 10 cm<\/p>\n<p align=\"JUSTIFY\"><span style=\"color: #00aae7;\"><strong>Keerubid on jumalale k\u00f5ige l\u00e4hemal. Neil arvati olevat 6 tiiba. Esinevad punn-p\u00f5sksete lapsukestena ja omavad m\u00e4ngulist loomust, s\u00fcmboliseerides nii r\u00f5\u00f5mu kui ka headust. Putod on tiibadega poisikesed, kes t\u00e4hendavad s\u00fc\u00fctust ja puhtust.<\/strong><\/span><\/p>\n","protected":false},"featured_media":7907,"template":"","meta":[],"product_brand":[],"product_cat":[620,44],"product_tag":[],"class_list":{"0":"post-7906","1":"product","2":"type-product","3":"status-publish","4":"has-post-thumbnail","6":"product_cat-inglid-2","7":"product_cat-inglite-kujud","8":"product_shipping_class-s","10":"first","11":"instock","12":"taxable","13":"shipping-taxable","14":"purchasable","15":"product-type-variable"},"_links":{"self":[{"href":"https:\/\/minervashop.eu\/en\/wp-json\/wp\/v2\/product\/7906","targetHints":{"allow":["GET"]}}],"collection":[{"href":"https:\/\/minervashop.eu\/en\/wp-json\/wp\/v2\/product"}],"about":[{"href":"https:\/\/minervashop.eu\/en\/wp-json\/wp\/v2\/types\/product"}],"wp:featuredmedia":[{"embeddable":true,"href":"https:\/\/minervashop.eu\/en\/wp-json\/wp\/v2\/media\/7907"}],"wp:attachment":[{"href":"https:\/\/minervashop.eu\/en\/wp-json\/wp\/v2\/media?parent=7906"}],"wp:term":[{"taxonomy":"product_brand","embeddable":true,"href":"https:\/\/minervashop.eu\/en\/wp-json\/wp\/v2\/product_brand?post=7906"},{"taxonomy":"product_cat","embeddable":true,"href":"https:\/\/minervashop.eu\/en\/wp-json\/wp\/v2\/product_cat?post=7906"},{"taxonomy":"product_tag","embeddable":true,"href":"https:\/\/minervashop.eu\/en\/wp-json\/wp\/v2\/product_tag?post=7906"}],"curies":[{"name":"wp","href":"https:\/\/api.w.org\/{rel}","templated":true}]}}