{"id":799,"date":"2021-11-04T21:33:31","date_gmt":"2021-11-04T21:33:31","guid":{"rendered":"https:\/\/minervashop.eu?post_type=product&#038;p=799"},"modified":"2024-12-23T08:20:02","modified_gmt":"2024-12-23T08:20:02","slug":"valge-kuldne-puidust-kuunlaalus","status":"publish","type":"product","link":"https:\/\/minervashop.eu\/en\/toode\/valge-kuldne-puidust-kuunlaalus\/","title":{"rendered":"Valge kuldne puidust k\u00fc\u00fcnlaalus"},"content":{"rendered":"","protected":false},"excerpt":{"rendered":"<p>Albesia puit, k\u00fc\u00fcnla alune metallist<\/p>\n<p>v\u00e4ike 215g 11 x 11 x 30 cm<\/p>\n<p>keskmine 37 x 12.5 x 12.5 cm<\/p>\n<p>suur 385 g 12 x 12 x 40 cm<\/p>\n","protected":false},"featured_media":802,"template":"","meta":[],"product_brand":[],"product_cat":[260,55],"product_tag":[],"class_list":{"0":"post-799","1":"product","2":"type-product","3":"status-publish","4":"has-post-thumbnail","6":"product_cat-danu","7":"product_cat-muust-materjalist-kuunlaalused","8":"product_shipping_class-m","10":"first","11":"instock","12":"taxable","13":"shipping-taxable","14":"purchasable","15":"product-type-variable"},"_links":{"self":[{"href":"https:\/\/minervashop.eu\/en\/wp-json\/wp\/v2\/product\/799","targetHints":{"allow":["GET"]}}],"collection":[{"href":"https:\/\/minervashop.eu\/en\/wp-json\/wp\/v2\/product"}],"about":[{"href":"https:\/\/minervashop.eu\/en\/wp-json\/wp\/v2\/types\/product"}],"wp:featuredmedia":[{"embeddable":true,"href":"https:\/\/minervashop.eu\/en\/wp-json\/wp\/v2\/media\/802"}],"wp:attachment":[{"href":"https:\/\/minervashop.eu\/en\/wp-json\/wp\/v2\/media?parent=799"}],"wp:term":[{"taxonomy":"product_brand","embeddable":true,"href":"https:\/\/minervashop.eu\/en\/wp-json\/wp\/v2\/product_brand?post=799"},{"taxonomy":"product_cat","embeddable":true,"href":"https:\/\/minervashop.eu\/en\/wp-json\/wp\/v2\/product_cat?post=799"},{"taxonomy":"product_tag","embeddable":true,"href":"https:\/\/minervashop.eu\/en\/wp-json\/wp\/v2\/product_tag?post=799"}],"curies":[{"name":"wp","href":"https:\/\/api.w.org\/{rel}","templated":true}]}}