{"id":80803,"date":"2022-09-22T14:42:57","date_gmt":"2022-09-22T14:42:57","guid":{"rendered":"https:\/\/minervashop.eu\/toode\/mestis-taimede-vaega\/"},"modified":"2022-09-22T14:42:57","modified_gmt":"2022-09-22T14:42:57","slug":"mestis-taimede-vaega","status":"publish","type":"product","link":"https:\/\/minervashop.eu\/en\/product\/mestis-taimede-vaega\/","title":{"rendered":"MESTIS TAIMEDE V\u00c4EGA"},"content":{"rendered":"","protected":false},"excerpt":{"rendered":"<p>Tartu \u00dclikooli professori ja arstiteadlase Aili Paju taime- ning loodusravi teemalised artiklid ja raamatud on juba \u00fcle 30 aasta olnud hindamatuks teabeallikaks ravimtaimedest huvituvatele inimestele. Sellest raamatust leiate, kuidas tugevdada inimkeha vastupanu ja immuuns\u00fcsteemi looduslike v\u00f5tetega ning ravida haigusi. K\u00e4esolev teejuht tutvustab tuntud-teatud raviomadustega taimede k\u00f5rval ka v\u00e4hemtuntuid taimi, mille legendaarsest toimest on k\u00fcll kuuldud ja r\u00e4\u00e4gitud, ent kuidas nad looduses v\u00e4lja n\u00e4evad, millist kasvukohta eelistavad, millal on k\u00f5ige toimivamad, seda teatakse v\u00e4hem. Raamatust leiate teavet 54 Eestimaal kasvava v\u00e4ega taime kohta.<\/p>\n","protected":false},"featured_media":80802,"template":"","meta":[],"product_brand":[],"product_cat":[587],"product_tag":[],"class_list":{"0":"post-80803","1":"product","2":"type-product","3":"status-publish","4":"has-post-thumbnail","6":"product_cat-tervise-raamatud","7":"product_shipping_class-xs","9":"first","10":"instock","11":"taxable","12":"shipping-taxable","13":"purchasable","14":"product-type-simple"},"_links":{"self":[{"href":"https:\/\/minervashop.eu\/en\/wp-json\/wp\/v2\/product\/80803","targetHints":{"allow":["GET"]}}],"collection":[{"href":"https:\/\/minervashop.eu\/en\/wp-json\/wp\/v2\/product"}],"about":[{"href":"https:\/\/minervashop.eu\/en\/wp-json\/wp\/v2\/types\/product"}],"wp:featuredmedia":[{"embeddable":true,"href":"https:\/\/minervashop.eu\/en\/wp-json\/wp\/v2\/media\/80802"}],"wp:attachment":[{"href":"https:\/\/minervashop.eu\/en\/wp-json\/wp\/v2\/media?parent=80803"}],"wp:term":[{"taxonomy":"product_brand","embeddable":true,"href":"https:\/\/minervashop.eu\/en\/wp-json\/wp\/v2\/product_brand?post=80803"},{"taxonomy":"product_cat","embeddable":true,"href":"https:\/\/minervashop.eu\/en\/wp-json\/wp\/v2\/product_cat?post=80803"},{"taxonomy":"product_tag","embeddable":true,"href":"https:\/\/minervashop.eu\/en\/wp-json\/wp\/v2\/product_tag?post=80803"}],"curies":[{"name":"wp","href":"https:\/\/api.w.org\/{rel}","templated":true}]}}