{"id":86509,"date":"2022-10-19T20:24:27","date_gmt":"2022-10-19T20:24:27","guid":{"rendered":"https:\/\/minervashop.eu\/toode\/moonlight-escape-skirt-size-l\/"},"modified":"2025-10-17T10:28:53","modified_gmt":"2025-10-17T10:28:53","slug":"moonlight-escape-skirt","status":"publish","type":"product","link":"https:\/\/minervashop.eu\/en\/product\/moonlight-escape-skirt\/","title":{"rendered":"Peacock skirt size XS"},"content":{"rendered":"<p align=\"justify\"><span style=\"font-size: medium;\"><b>Paabulind<\/b> \u2013 Paabulinnud n\u00e4evad imetlusv\u00e4\u00e4rsed v\u00e4lja igal foonil. Nad nagu karjuksid \u2013 Vaata mind! Nende sulgedel olevad m\u00e4rgid on sarnased silmadega, nagu \u00fcritaks pilguga sulle muljet avaldada. Nad tantsivad ja peremehetsevad omal territooriumil k\u00f5ige k\u00fclluslikumates ja luksuslikumates loomariigi sulgedes. Paabulind on k\u00fclluse ja suursugususe s\u00fcmbol. L\u00e4bi sajandite on ta olnud eliidi lemmikuim lind kogu maailmas. Nad kaitsevad kiivalt oma territooriumi, inimestel aitavad nad kaitsta kariloomi kobraste ja l\u00f5gismadude eest. Mao s\u00f6\u00f6ja linnuna on nad austust v\u00e4\u00e4rivad. Oma valju l\u00e4bil\u00f5ikava h\u00e4\u00e4lega nad annavad m\u00e4rku, et ehk on ka aega vaikuseks ja lihtsuseks, kuid hetkel on r\u00f5\u00f5mu ja metsiku peo aeg. M\u00fctoloogias ja kultuuris seostatakse teda jumalikkusega, m\u00f5nikord ka ebamoraalsusega, aga m\u00f5ningastes induistlikes ja budistlikes traditsioonides arvatakse, et paabulind v\u00f5ib murda ajaringi, mille s\u00fcmboliks on r\u00f5ngas madu. Sellisel moel kutsub paabulind meid mitte ainult jumalikkusest m\u00f5tlemisele, vaid heitma pilku ka meie suhtele ajasse ja surma. Mitte keegi ei ela igavesti ja see fakt annab meie piiratud elule m\u00f5tte ja eesm\u00e4rgi. See on veel \u00fcks p\u00f5hjus sukelduda s\u00e4ravaimatesse v\u00e4rvidesse ja kogu hingest nautida elu ja praegust hetke kogu selle mitmekesisuses.             <\/span><\/p>\n","protected":false},"excerpt":{"rendered":"<p>100% pol\u00fcester<\/p>\n<p>under skirt<\/p>\n<p>golden embroidery tulle skirt, elastic belt 7 cm wide<br \/>waist 60-80 cm length 77 cm<\/p>\n","protected":false},"featured_media":86504,"template":"","meta":[],"product_brand":[],"product_cat":[670,358,703],"product_tag":[],"class_list":{"0":"post-86509","1":"product","2":"type-product","3":"status-publish","4":"has-post-thumbnail","6":"product_cat-sale","7":"product_cat-rhiannon-en","8":"product_cat-skirts","9":"product_shipping_class-s-en","11":"first","12":"instock","13":"sale","14":"taxable","15":"shipping-taxable","16":"purchasable","17":"product-type-simple"},"_links":{"self":[{"href":"https:\/\/minervashop.eu\/en\/wp-json\/wp\/v2\/product\/86509","targetHints":{"allow":["GET"]}}],"collection":[{"href":"https:\/\/minervashop.eu\/en\/wp-json\/wp\/v2\/product"}],"about":[{"href":"https:\/\/minervashop.eu\/en\/wp-json\/wp\/v2\/types\/product"}],"wp:featuredmedia":[{"embeddable":true,"href":"https:\/\/minervashop.eu\/en\/wp-json\/wp\/v2\/media\/86504"}],"wp:attachment":[{"href":"https:\/\/minervashop.eu\/en\/wp-json\/wp\/v2\/media?parent=86509"}],"wp:term":[{"taxonomy":"product_brand","embeddable":true,"href":"https:\/\/minervashop.eu\/en\/wp-json\/wp\/v2\/product_brand?post=86509"},{"taxonomy":"product_cat","embeddable":true,"href":"https:\/\/minervashop.eu\/en\/wp-json\/wp\/v2\/product_cat?post=86509"},{"taxonomy":"product_tag","embeddable":true,"href":"https:\/\/minervashop.eu\/en\/wp-json\/wp\/v2\/product_tag?post=86509"}],"curies":[{"name":"wp","href":"https:\/\/api.w.org\/{rel}","templated":true}]}}