{"id":88999,"date":"2022-11-17T13:24:18","date_gmt":"2022-11-17T13:24:18","guid":{"rendered":"https:\/\/minervashop.eu\/toode\/brown-feathers-white-gift-bag\/"},"modified":"2025-12-04T13:40:12","modified_gmt":"2025-12-04T13:40:12","slug":"brown-feathers-white-gift-bag","status":"publish","type":"product","link":"https:\/\/minervashop.eu\/en\/product\/brown-feathers-white-gift-bag\/","title":{"rendered":"Brown Feathers white gift bag"},"content":{"rendered":"","protected":false},"excerpt":{"rendered":"<div class=\"product-short-description\">\n<p>Paberist kotid on sobilikud erinevate esemete pakendamiseks v\u00f5i kingikotiks. Paberkotid on vastupidavad, \u00f5hku l\u00e4bilaskvad ja keskkonnas\u00f5bralikud. Paberkotil on tekstiilsangad ja lai p\u00f5hi.  <\/p>\n<p>\u00fchel pool l\u00e4ikivad, teisel pool matid suled<\/p>\n<\/div>\n<div class=\"add-to-cart-container form-normal is-normal\">18+10 x 23 cm<\/div>\n<div>\n<div class=\"product-short-description\">\n<div class=\"product-short-description\">\n<p><strong>see more <a href=\"https:\/\/rnojomku.sendsmaily.net\/templates\/acafb176-ee1f-4e4a-bba3-5c57e9a8e0e3\/html\/\">here<\/a><\/strong><\/p>\n<\/div>\n<\/div>\n<\/div>\n","protected":false},"featured_media":88988,"template":"","meta":[],"product_brand":[],"product_cat":[628,450,675,668],"product_tag":[],"class_list":{"0":"post-88999","1":"product","2":"type-product","3":"status-publish","4":"has-post-thumbnail","6":"product_cat-angels-en","7":"product_cat-paper-bags","8":"product_cat-eagles","9":"product_cat-owls","10":"product_shipping_class-xs-en-2","12":"first","13":"instock","14":"taxable","15":"shipping-taxable","16":"purchasable","17":"product-type-simple"},"_links":{"self":[{"href":"https:\/\/minervashop.eu\/en\/wp-json\/wp\/v2\/product\/88999","targetHints":{"allow":["GET"]}}],"collection":[{"href":"https:\/\/minervashop.eu\/en\/wp-json\/wp\/v2\/product"}],"about":[{"href":"https:\/\/minervashop.eu\/en\/wp-json\/wp\/v2\/types\/product"}],"wp:featuredmedia":[{"embeddable":true,"href":"https:\/\/minervashop.eu\/en\/wp-json\/wp\/v2\/media\/88988"}],"wp:attachment":[{"href":"https:\/\/minervashop.eu\/en\/wp-json\/wp\/v2\/media?parent=88999"}],"wp:term":[{"taxonomy":"product_brand","embeddable":true,"href":"https:\/\/minervashop.eu\/en\/wp-json\/wp\/v2\/product_brand?post=88999"},{"taxonomy":"product_cat","embeddable":true,"href":"https:\/\/minervashop.eu\/en\/wp-json\/wp\/v2\/product_cat?post=88999"},{"taxonomy":"product_tag","embeddable":true,"href":"https:\/\/minervashop.eu\/en\/wp-json\/wp\/v2\/product_tag?post=88999"}],"curies":[{"name":"wp","href":"https:\/\/api.w.org\/{rel}","templated":true}]}}