{"id":94046,"date":"2023-01-11T15:25:04","date_gmt":"2023-01-11T15:25:04","guid":{"rendered":"https:\/\/minervashop.eu\/toode\/teejuht-aroomteraapiasse-ja-keha-vongete-haalestamisse\/"},"modified":"2023-01-11T15:25:04","modified_gmt":"2023-01-11T15:25:04","slug":"teejuht-aroomteraapiasse-ja-keha-vongete-haalestamisse","status":"publish","type":"product","link":"https:\/\/minervashop.eu\/en\/product\/teejuht-aroomteraapiasse-ja-keha-vongete-haalestamisse\/","title":{"rendered":"TEEJUHT AROOMTERAAPIASSE JA KEHA V\u00d5NGETE H\u00c4\u00c4LESTAMISSE"},"content":{"rendered":"","protected":false},"excerpt":{"rendered":"","protected":false},"featured_media":0,"template":"","meta":[],"product_brand":[],"product_cat":[209,588],"product_tag":[],"class_list":{"0":"post-94046","1":"product","2":"type-product","3":"status-publish","5":"product_cat-etheric-oils","6":"product_cat-tervise-raamatud-en","7":"product_shipping_class-xs-en-2","9":"first","10":"outofstock","11":"taxable","12":"shipping-taxable","13":"purchasable","14":"product-type-simple"},"_links":{"self":[{"href":"https:\/\/minervashop.eu\/en\/wp-json\/wp\/v2\/product\/94046","targetHints":{"allow":["GET"]}}],"collection":[{"href":"https:\/\/minervashop.eu\/en\/wp-json\/wp\/v2\/product"}],"about":[{"href":"https:\/\/minervashop.eu\/en\/wp-json\/wp\/v2\/types\/product"}],"wp:attachment":[{"href":"https:\/\/minervashop.eu\/en\/wp-json\/wp\/v2\/media?parent=94046"}],"wp:term":[{"taxonomy":"product_brand","embeddable":true,"href":"https:\/\/minervashop.eu\/en\/wp-json\/wp\/v2\/product_brand?post=94046"},{"taxonomy":"product_cat","embeddable":true,"href":"https:\/\/minervashop.eu\/en\/wp-json\/wp\/v2\/product_cat?post=94046"},{"taxonomy":"product_tag","embeddable":true,"href":"https:\/\/minervashop.eu\/en\/wp-json\/wp\/v2\/product_tag?post=94046"}],"curies":[{"name":"wp","href":"https:\/\/api.w.org\/{rel}","templated":true}]}}