{"id":9468,"date":"2021-11-16T11:56:25","date_gmt":"2021-11-16T11:56:25","guid":{"rendered":"https:\/\/minervashop.eu\/toode\/adriana-eau-de-parfum\/"},"modified":"2026-02-07T09:29:51","modified_gmt":"2026-02-07T09:29:51","slug":"yodeyma-adriana-eau-de-parfum","status":"publish","type":"product","link":"https:\/\/minervashop.eu\/en\/toode\/yodeyma-adriana-eau-de-parfum\/","title":{"rendered":"YODEYMA Adriana Eau de Parfum"},"content":{"rendered":"<p>Musts\u00f5stra karismaatiliselt magusad noodid koos vanilliga\u00a0 annavad sellele parf\u00fc\u00fcmile oman\u00e4olise iseloomu alates esimesest hetkest.<\/p>\n<div>\n<p>Chypre &#8211; Puuviljal\u00f5hnaline<br \/>\nOn austust \u00e4ratav parf\u00fc\u00fcm s\u00fcgavalt iseseisvale ja kaasaegsele naisele.<br \/>\nAlgnoodid on need, mis avalduvad esimesena parf\u00fc\u00fcmis.<br \/>\nS\u00fcdamenoodid annavad parf\u00fc\u00fcmile hinge.<br \/>\nP\u00f5hinoodid on need, mis annavad parf\u00fc\u00fcmile s\u00fcgavuse<\/p>\n<div class=\"product-short-description\">\n<div>\n<div id=\"short_description_content\" class=\"rte align_justify\">\n<div class=\"product-short-description\">\n<div>\n<div class=\"product-short-description\">\n<div class=\"product-short-description\">\n<h3><strong>vaata veel\u00a0<a href=\"https:\/\/minervashop.eu\/uudised\/ruumide-lohnastamine\/\">siit<\/a><\/strong><\/h3>\n<\/div>\n<\/div>\n<\/div>\n<\/div>\n<\/div>\n<\/div>\n<\/div>\n<div class=\"notas-img clearfix\">\n<div class=\"nota\">\n<p>Algnoodid<\/p>\n<p><b>Musts\u00f5star<\/b><\/p>\n<\/div>\n<div class=\"nota\">\n<p>S\u00fcdamenoodid<\/p>\n<p><b>Vanilje<\/b><\/p>\n<\/div>\n<div class=\"nota\">\n<p>P\u00f5hinoodid<\/p>\n<p><b>Puit<\/b><\/p>\n<\/div>\n<\/div>\n<\/div>\n","protected":false},"excerpt":{"rendered":"<p><span style=\"color: #800080;\"><strong>Musts\u00f5stra karismaatiliselt magusad noodid koos vanilliga\u00a0 annavad sellele parf\u00fc\u00fcmile oman\u00e4olise iseloomu alates esimesest hetkest.<\/strong><\/span><\/p>\n<h4><strong>vaata ka\u00a0<a href=\"https:\/\/rnojomku.sendsmaily.net\/templates\/a21a5b83-57b6-4bfd-88ae-0ec304b674e1\/html\/\">siia<\/a><\/strong><\/h4>\n","protected":false},"featured_media":9469,"template":"","meta":[],"product_brand":[],"product_cat":[334],"product_tag":[],"class_list":{"0":"post-9468","1":"product","2":"type-product","3":"status-publish","4":"has-post-thumbnail","6":"product_cat-naiste-parfuumid","7":"product_shipping_class-xs","9":"first","10":"instock","11":"taxable","12":"shipping-taxable","13":"purchasable","14":"product-type-variable"},"_links":{"self":[{"href":"https:\/\/minervashop.eu\/en\/wp-json\/wp\/v2\/product\/9468","targetHints":{"allow":["GET"]}}],"collection":[{"href":"https:\/\/minervashop.eu\/en\/wp-json\/wp\/v2\/product"}],"about":[{"href":"https:\/\/minervashop.eu\/en\/wp-json\/wp\/v2\/types\/product"}],"wp:featuredmedia":[{"embeddable":true,"href":"https:\/\/minervashop.eu\/en\/wp-json\/wp\/v2\/media\/9469"}],"wp:attachment":[{"href":"https:\/\/minervashop.eu\/en\/wp-json\/wp\/v2\/media?parent=9468"}],"wp:term":[{"taxonomy":"product_brand","embeddable":true,"href":"https:\/\/minervashop.eu\/en\/wp-json\/wp\/v2\/product_brand?post=9468"},{"taxonomy":"product_cat","embeddable":true,"href":"https:\/\/minervashop.eu\/en\/wp-json\/wp\/v2\/product_cat?post=9468"},{"taxonomy":"product_tag","embeddable":true,"href":"https:\/\/minervashop.eu\/en\/wp-json\/wp\/v2\/product_tag?post=9468"}],"curies":[{"name":"wp","href":"https:\/\/api.w.org\/{rel}","templated":true}]}}