{"id":9540,"date":"2021-11-16T11:56:25","date_gmt":"2021-11-16T11:56:25","guid":{"rendered":"https:\/\/minervashop.eu\/toode\/yodeyma-power-men-eau-de-parfum\/"},"modified":"2026-04-06T08:40:58","modified_gmt":"2026-04-06T08:40:58","slug":"yodeyma-power-men-eau-de-parfum","status":"publish","type":"product","link":"https:\/\/minervashop.eu\/en\/toode\/yodeyma-power-men-eau-de-parfum\/","title":{"rendered":"YODEYMA Power Men Eau de Parfum"},"content":{"rendered":"<p>Tsitruselised algnoodid koos kaneeliga annavad kerguse ja v\u00fcrtsikuse koos\u00a0 pat\u0161uliga,\u00a0 tulemuseks on elegantne ja sensuaalne parf\u00fc\u00fcm.<\/p>\n<div>\n<p>Chypre &#8211; Puiduh\u00f5nguline<br \/>\nPower on j\u00f5uline ja stimuleeriv parf\u00fc\u00fcm v\u00f5rgutavale ja salap\u00e4rasele mehele.<br \/>\nAlgnoodid on need, mis avalduvad esimesena parf\u00fc\u00fcmis.<br \/>\nS\u00fcdamenoodid annavad parf\u00fc\u00fcmile hinge.<br \/>\nP\u00f5hinoodid on need, mis annavad parf\u00fc\u00fcmile s\u00fcgavuse.<\/p>\n<div class=\"notas-img clearfix\">\n<div class=\"nota\">\n<p>Algnoodid<\/p>\n<p><a id=\"GREIP\" name=\"GREIP\"><\/a><span style=\"font-size: medium;\"><b>GREIP<\/b><\/span><span style=\"font-size: medium;\"><a name=\"GREIP\"><\/a>\u00a0\u2013 stimuleerib immuunsust, ohjab suhkrute n\u00e4lga, aitab taandada depressiooni.\u00a0<\/span>Hea tuju tooja, aitab (talve)masendusest \u00fcle saada. Head antiseptilised omadused. Leevendab aknet ning ergastab seedimist. Aitab organismil vabaneda j\u00e4\u00e4kainetest. Leiab sagedast kasutamist tselluliidi ravis. Leevendab k\u00fclmetushaigusi. V\u00e4hendab alkoholi j\u00e4relm\u00f5jusid. Eemaldab ruumidest sigaretil\u00f5hna, h\u00e4vitab bakterid ning takistab hallituse teket. V\u00e4rskendava toimega. Kiirendab juuste kasvu.<\/p>\n<\/div>\n<div class=\"nota\">\n<p>S\u00fcdamenoodid<\/p>\n<p><b>Kaneel<\/b><\/p>\n<\/div>\n<div class=\"nota\">\n<p>P\u00f5hinoodid<\/p>\n<p><span style=\"font-size: medium;\"><a id=\"PAT\u0161ULI\" name=\"PAT\u0161ULI\"><\/a><b>PAT\u0161ULI\u00a0<\/b><\/span><span style=\"font-size: medium;\"><i>(POGOSTEMON CABLIN)-\u00a0<\/i>Rikkaliku muskus-magusa v\u00fcrtsika l\u00f5hnaga. Kasutatakse kuivatatud lehti. \u00d5li saadakse noortest lehtedest, mis on kuivatatud ja fermenteeritud enne destillatsiooni. Selline \u00f5li l\u00f5hn ja omadused muutuvad vananedes paremaks. Hea segada: geraanium, nelk, lavendel, bergamott, salvei. K\u00d5IKIDEST \u00d5LIDEST K\u00d5IGE MAANDAVAM JA RAHUSTAVAM. Kui tunned end f\u00fc\u00fcsiliselt \u00e4revana, hinga sisse pat\u0161uli \u00f5li, mis maandab kiiresti ja t\u00f5husalt. Pihusta seda ka oma ruumi regulaarselt. MAAGIA: See l\u00f5hn v\u00f5ib avada tee haldjate, puuvaimude ja v\u00e4eloomade juurde. Tee selleks amulett verekivist (heliotroop), m\u00e4ssides selle rohelisse v\u00f5i pruuni puuvillasesse kangasse v\u00f5i kotikesse ja seo kinni naturaalse n\u00f6\u00f6riga. Tilguta sellele pat\u0161uli \u00f5li ja hoia enda l\u00e4hedal meditatsiooni v\u00f5i \u0161amaanir\u00e4nnaku ajal. KEHA: Hinnatud nahahoolduses, eriti armide ravis. Populaarne noorte seas, kuna on noorendav ja edasiviiv, samuti kasulik nahaprobleemide ja infektsioonide puhul. Vannivees aitab peanaha ja naha tervendamisel, seenhaiguste puhul, vedeliku peetuse puhul ning tselluliidi ja k\u00f5hupuhituse puhul. Suurep\u00e4rane kudede taastamisel, kiirendab tervenemist ja v\u00f5itleb infektsioonide vastu. Akne, ekseemi, immitsevate haavade, kasvajate, atleedi jala puhul. Antiseptiline ning p\u00f5letikke raviva toimega. Omab baktereid ja seeni h\u00e4vitavat toimet. Naharakke taastavate omaduste t\u00f5ttu sobib eriti vanale, kuivale ning l\u00f5henenud nahale. Stimuleerib kudede taastumisprotsessi. V\u00e4hendab k\u00f5\u00f5ma ja m\u00f5jub toniseerivalt peanahale. Parandab m\u00e4lu ja otsustusv\u00f5imet, leevendab impotentsust ja frigiidsust. Ergastab ainevahetust ning aitab alandada kaalu. Rahustava ja afrodiidse toimega. Tasakaalustab emotsioone ja loob armunud atmosf\u00e4\u00e4ri. Kergendab \u00e4revust ja depressiooni. Toob tagasi hingerahu, tugevdab vastupanuv\u00f5imet allergilistele reaktsioonidele. V\u00e4hendab s\u00f6\u00f6giisu. Idas kasutatakse taimesegudes l\u00f5hnastajana kapis ja riiete vahel, mis hoiab eemal putukad. Koide vastu. Mao hammustuse vastum\u00fcrk.<\/span><\/p>\n<\/div>\n<\/div>\n<\/div>\n","protected":false},"excerpt":{"rendered":"<p><span style=\"color: #000080;\"><strong>Power on j\u00f5uline ja stimuleeriv parf\u00fc\u00fcm v\u00f5rgutavale ja salap\u00e4rasele mehele.<\/strong><\/span><\/p>\n<div class=\"product-short-description\">\n<div>\n<h4><strong>vaata ka\u00a0<a href=\"https:\/\/rnojomku.sendsmaily.net\/templates\/a21a5b83-57b6-4bfd-88ae-0ec304b674e1\/html\/\">siia<\/a><\/strong><\/h4>\n<\/div>\n<\/div>\n<p><span style=\"color: #000080;\"><strong><span style=\"font-size: medium;\">GREIP<\/span><span style=\"font-size: medium;\"><a style=\"color: #000080;\" name=\"GREIP\"><\/a>\u00a0\u2013 stimuleerib immuunsust, ohjab suhkrute n\u00e4lga, aitab taandada depressiooni.\u00a0<\/span>Hea tuju tooja, aitab (talve)masendusest \u00fcle saada. Head antiseptilised omadused. Leevendab aknet ning ergastab seedimist. Aitab organismil vabaneda j\u00e4\u00e4kainetest.<\/strong><\/span><\/p>\n<div class=\"product-short-description\">\n<div class=\"product-short-description\">\n<div>\n<div class=\"product-short-description\">\n<div class=\"product-short-description\">\n<div class=\"product-short-description\">\n<div>\n<div class=\"product-short-description\">\n<div class=\"product-short-description\">\n<h3><strong>vaata veel\u00a0<a href=\"https:\/\/minervashop.eu\/uudised\/ruumide-lohnastamine\/\">siit<\/a><\/strong><\/h3>\n<\/div>\n<\/div>\n<\/div>\n<\/div>\n<\/div>\n<\/div>\n<\/div>\n<\/div>\n<\/div>\n<div class=\"add-to-cart-container form-normal is-normal\"><\/div>\n","protected":false},"featured_media":9541,"template":"","meta":[],"product_brand":[],"product_cat":[422],"product_tag":[],"class_list":{"0":"post-9540","1":"product","2":"type-product","3":"status-publish","4":"has-post-thumbnail","6":"product_cat-meeste-parfuumid","7":"product_shipping_class-xs","9":"first","10":"instock","11":"taxable","12":"shipping-taxable","13":"purchasable","14":"product-type-variable"},"_links":{"self":[{"href":"https:\/\/minervashop.eu\/en\/wp-json\/wp\/v2\/product\/9540","targetHints":{"allow":["GET"]}}],"collection":[{"href":"https:\/\/minervashop.eu\/en\/wp-json\/wp\/v2\/product"}],"about":[{"href":"https:\/\/minervashop.eu\/en\/wp-json\/wp\/v2\/types\/product"}],"wp:featuredmedia":[{"embeddable":true,"href":"https:\/\/minervashop.eu\/en\/wp-json\/wp\/v2\/media\/9541"}],"wp:attachment":[{"href":"https:\/\/minervashop.eu\/en\/wp-json\/wp\/v2\/media?parent=9540"}],"wp:term":[{"taxonomy":"product_brand","embeddable":true,"href":"https:\/\/minervashop.eu\/en\/wp-json\/wp\/v2\/product_brand?post=9540"},{"taxonomy":"product_cat","embeddable":true,"href":"https:\/\/minervashop.eu\/en\/wp-json\/wp\/v2\/product_cat?post=9540"},{"taxonomy":"product_tag","embeddable":true,"href":"https:\/\/minervashop.eu\/en\/wp-json\/wp\/v2\/product_tag?post=9540"}],"curies":[{"name":"wp","href":"https:\/\/api.w.org\/{rel}","templated":true}]}}