{"id":961,"date":"2021-11-05T20:54:24","date_gmt":"2021-11-05T20:54:24","guid":{"rendered":"https:\/\/minervashop.eu?post_type=product&#038;p=961"},"modified":"2021-12-13T09:22:17","modified_gmt":"2021-12-13T09:22:17","slug":"kristallidega-pitsist-randmekindad-valge","status":"publish","type":"product","link":"https:\/\/minervashop.eu\/en\/toode\/kristallidega-pitsist-randmekindad-valge\/","title":{"rendered":"Kristallidega pitsist randmekindad, valge"},"content":{"rendered":"<p>randmele \u00fcmberm\u00f5\u00f5duga 14-20 cm<br \/>\nseotav siidpaelaga<br \/>\npitsi laius\u00a0 max 13 cm\u00a0 + s\u00f5rme-aas<br \/>\nkaunistatud\u00a0 kristallidega.<br \/>\nkristall 10 mm<\/p>\n","protected":false},"excerpt":{"rendered":"<p>randmele \u00fcmberm\u00f5\u00f5duga 14-20 cm seotav siidpaelaga pitsi laius\u00a0 max 13 cm\u00a0 + s\u00f5rme-aas kaunistatud\u00a0 kristallidega. kristall 10 mm<\/p>\n","protected":false},"featured_media":962,"template":"","meta":[],"product_brand":[],"product_cat":[88],"product_tag":[],"class_list":{"0":"post-961","1":"product","2":"type-product","3":"status-publish","4":"has-post-thumbnail","6":"product_cat-kindad","7":"product_shipping_class-xs","9":"first","10":"instock","11":"taxable","12":"shipping-taxable","13":"purchasable","14":"product-type-simple"},"_links":{"self":[{"href":"https:\/\/minervashop.eu\/en\/wp-json\/wp\/v2\/product\/961","targetHints":{"allow":["GET"]}}],"collection":[{"href":"https:\/\/minervashop.eu\/en\/wp-json\/wp\/v2\/product"}],"about":[{"href":"https:\/\/minervashop.eu\/en\/wp-json\/wp\/v2\/types\/product"}],"wp:featuredmedia":[{"embeddable":true,"href":"https:\/\/minervashop.eu\/en\/wp-json\/wp\/v2\/media\/962"}],"wp:attachment":[{"href":"https:\/\/minervashop.eu\/en\/wp-json\/wp\/v2\/media?parent=961"}],"wp:term":[{"taxonomy":"product_brand","embeddable":true,"href":"https:\/\/minervashop.eu\/en\/wp-json\/wp\/v2\/product_brand?post=961"},{"taxonomy":"product_cat","embeddable":true,"href":"https:\/\/minervashop.eu\/en\/wp-json\/wp\/v2\/product_cat?post=961"},{"taxonomy":"product_tag","embeddable":true,"href":"https:\/\/minervashop.eu\/en\/wp-json\/wp\/v2\/product_tag?post=961"}],"curies":[{"name":"wp","href":"https:\/\/api.w.org\/{rel}","templated":true}]}}