{"id":969,"date":"2021-11-05T20:58:20","date_gmt":"2021-11-05T20:58:20","guid":{"rendered":"https:\/\/minervashop.eu?post_type=product&#038;p=969"},"modified":"2021-12-13T09:22:17","modified_gmt":"2021-12-13T09:22:17","slug":"kuldne-pits-kinnas-tk","status":"publish","type":"product","link":"https:\/\/minervashop.eu\/en\/toode\/kuldne-pits-kinnas-tk\/","title":{"rendered":"Kuldne pits kinnas, tk."},"content":{"rendered":"<p>brokaad pits, klaas kristall, venivad n\u00f6\u00f6rid<\/p>\n<p>reguleeritav suurus<\/p>\n<p>pikkus 24 cm + s\u00f5rmeaas<\/p>\n<p>pitsi laius 14 cm<\/p>\n","protected":false},"excerpt":{"rendered":"<p>brokaad pits, klaas kristall, venivad n\u00f6\u00f6rid reguleeritav suurus pikkus 24 cm + s\u00f5rmeaas pitsi laius 14 cm<\/p>\n","protected":false},"featured_media":1776,"template":"","meta":[],"product_brand":[],"product_cat":[266,265,88],"product_tag":[],"class_list":{"0":"post-969","1":"product","2":"type-product","3":"status-publish","4":"has-post-thumbnail","6":"product_cat-banbha","7":"product_cat-ker","8":"product_cat-kindad","9":"product_shipping_class-xs","11":"first","12":"instock","13":"taxable","14":"shipping-taxable","15":"purchasable","16":"product-type-simple"},"_links":{"self":[{"href":"https:\/\/minervashop.eu\/en\/wp-json\/wp\/v2\/product\/969","targetHints":{"allow":["GET"]}}],"collection":[{"href":"https:\/\/minervashop.eu\/en\/wp-json\/wp\/v2\/product"}],"about":[{"href":"https:\/\/minervashop.eu\/en\/wp-json\/wp\/v2\/types\/product"}],"wp:featuredmedia":[{"embeddable":true,"href":"https:\/\/minervashop.eu\/en\/wp-json\/wp\/v2\/media\/1776"}],"wp:attachment":[{"href":"https:\/\/minervashop.eu\/en\/wp-json\/wp\/v2\/media?parent=969"}],"wp:term":[{"taxonomy":"product_brand","embeddable":true,"href":"https:\/\/minervashop.eu\/en\/wp-json\/wp\/v2\/product_brand?post=969"},{"taxonomy":"product_cat","embeddable":true,"href":"https:\/\/minervashop.eu\/en\/wp-json\/wp\/v2\/product_cat?post=969"},{"taxonomy":"product_tag","embeddable":true,"href":"https:\/\/minervashop.eu\/en\/wp-json\/wp\/v2\/product_tag?post=969"}],"curies":[{"name":"wp","href":"https:\/\/api.w.org\/{rel}","templated":true}]}}