{"id":9696,"date":"2021-11-16T11:57:55","date_gmt":"2021-11-16T11:57:55","guid":{"rendered":"https:\/\/minervashop.eu\/toode\/yodeyma-nero-eau-de-parfum\/"},"modified":"2025-02-12T09:40:36","modified_gmt":"2025-02-12T09:40:36","slug":"yodeyma-nero-eau-de-parfum","status":"publish","type":"product","link":"https:\/\/minervashop.eu\/en\/toode\/yodeyma-nero-eau-de-parfum\/","title":{"rendered":"YODEYMA Nero Eau de Parfum"},"content":{"rendered":"<div>\n<p>Algnoodid on need, mis avalduvad esimesena parf\u00fc\u00fcmis.<br \/>\nS\u00fcdamenoodid annavad parf\u00fc\u00fcmile hinge.<br \/>\nP\u00f5hinoodid on need, mis annavad parf\u00fc\u00fcmile s\u00fcgavuse.<\/p>\n<div class=\"notas-img clearfix\">\n<div class=\"nota\">\n<p>Algnoodid<\/p>\n<p><b>Must pipar<\/b><\/p>\n<\/div>\n<div class=\"nota\">\n<p>S\u00fcdamenoodid<\/p>\n<p><b>Mugul askleepias<\/b><\/p>\n<\/div>\n<div class=\"nota\">\n<p>P\u00f5hinoodid<\/p>\n<p><b>Nahk<\/b><\/p>\n<\/div>\n<\/div>\n<\/div>\n","protected":false},"excerpt":{"rendered":"<p>See julge segu lille s\u00fcdamenootidest ja v\u00fcrtsidest muudavad selle parf\u00fc\u00fcmi ainulaadseks ja salap\u00e4raseks.<\/p>\n<div>\n<p>Idamaine, Merevaiguline<br \/>\nNero parf\u00fc\u00fcm on karismaatilisele mehele.<\/p>\n<\/div>\n","protected":false},"featured_media":9697,"template":"","meta":[],"product_brand":[],"product_cat":[422],"product_tag":[],"class_list":{"0":"post-9696","1":"product","2":"type-product","3":"status-publish","4":"has-post-thumbnail","6":"product_cat-meeste-parfuumid","7":"product_shipping_class-xs","9":"first","10":"instock","11":"taxable","12":"shipping-taxable","13":"purchasable","14":"product-type-variable"},"_links":{"self":[{"href":"https:\/\/minervashop.eu\/en\/wp-json\/wp\/v2\/product\/9696","targetHints":{"allow":["GET"]}}],"collection":[{"href":"https:\/\/minervashop.eu\/en\/wp-json\/wp\/v2\/product"}],"about":[{"href":"https:\/\/minervashop.eu\/en\/wp-json\/wp\/v2\/types\/product"}],"wp:featuredmedia":[{"embeddable":true,"href":"https:\/\/minervashop.eu\/en\/wp-json\/wp\/v2\/media\/9697"}],"wp:attachment":[{"href":"https:\/\/minervashop.eu\/en\/wp-json\/wp\/v2\/media?parent=9696"}],"wp:term":[{"taxonomy":"product_brand","embeddable":true,"href":"https:\/\/minervashop.eu\/en\/wp-json\/wp\/v2\/product_brand?post=9696"},{"taxonomy":"product_cat","embeddable":true,"href":"https:\/\/minervashop.eu\/en\/wp-json\/wp\/v2\/product_cat?post=9696"},{"taxonomy":"product_tag","embeddable":true,"href":"https:\/\/minervashop.eu\/en\/wp-json\/wp\/v2\/product_tag?post=9696"}],"curies":[{"name":"wp","href":"https:\/\/api.w.org\/{rel}","templated":true}]}}