{"id":9738,"date":"2021-11-16T11:57:55","date_gmt":"2021-11-16T11:57:55","guid":{"rendered":"https:\/\/minervashop.eu\/toode\/ripats-kivist-loomakujuga-2-3-cm\/"},"modified":"2024-09-04T11:48:09","modified_gmt":"2024-09-04T11:48:09","slug":"ripats-kivist-loomakujuga-2-3-cm","status":"publish","type":"product","link":"https:\/\/minervashop.eu\/en\/toode\/ripats-kivist-loomakujuga-2-3-cm\/","title":{"rendered":"Ripats kivist loomakujuga 2-3 cm"},"content":{"rendered":"<p align=\"justify\"><span style=\"font-size: medium;\"><b>Delfiin <\/b>s\u00fcmboliseerib kaitstust ja kiirust, vooruslikkuse, <span lang=\"et-EE\">r\u00f5\u00f5mu<\/span> <span lang=\"et-EE\">ja edu <\/span>s\u00fcmbol. <span lang=\"et-EE\">R\u00f5\u00f5mus, vaba, suhtleja. <\/span><span lang=\"et-EE\">Iidses kunstis ja m\u00fctoloogias on teda kujutatud \u00f5nne toojana. <\/span><span lang=\"et-EE\">Nende n\u00e4ol on alati naeratus.<\/span><\/span><\/p>\n<p align=\"justify\"><span style=\"font-size: medium;\"><b>Kilpkonn<\/b> s\u00fcmboliseerib viljakust ja pikka iga, seostudes vee ja Kuuga. Kehastab visa j\u00e4rjekindlust. Kilpkonn on tark, t\u00f5sine, kannatlik ja usaldusv\u00e4\u00e4rne. Hiiglaslik kilpkonn, kandmas oma seljas kogu maailma, on paljude kultuuride m\u00fctoloogias p\u00f5lisrahvaste poolt hinnatud \u2013 P\u00f5hja-Ameerikas, Indias, Hiinas jm. Kilpkonn esindab aeglust, alandlikkust, kannatlikkust ja tarkust. Vahel teda nimetatakse ajaks endaks. Nad elavad k\u00f5ikidest maapealsetest loomadest kauem. Kui tunned endas tihti segadust v\u00f5i \u00e4revust, pane kilpkonna kuju oma altarile v\u00f5i kanna seda tootemina endaga kaasas. Iga kord, kui tunned kiirustamist v\u00f5i muretsemist, lihtsalt puuduta oma tootemlooma kujukest. See on kasulik ka siis, kui pead viivitamatult reageerima. <\/span><\/p>\n<p align=\"justify\"><span style=\"font-size: medium;\"><b>Madu <\/b><\/span><span style=\"font-size: medium;\"> tuleb pidada k\u00f5ige enam austatud olendiks, kuna ta kehastab nii paljusid erinevaid j\u00f5ude. Mao maa-alune urg seostab teda allmaailmaga, kuid ta seostub ka \u00fcrgvetega, millest elu alguse sai. <\/span><span style=\"font-size: medium;\">Nad on v\u00f5imsad targad \u00f5petajad ja v\u00f5ivad palju n\u00e4idata neile, kes madusesse suhtuvad austusega. <\/span><span style=\"font-size: medium;\"> Maos\u00fcmboolika on tugev p\u00f5llumajanduslikes \u00fchiskondades, kus ta osutas p\u00f5lluviljakusele. <\/span>Madu on v\u00f5imsalt seotud eluj\u00f5uga ja algse energiaga.\u00a0 Teda peetakse\u00a0 v\u00e4ekaks tootemloomaks esindades elul\u00e4tet, muutumist ja kasvavat energiat. S\u00fcmboliseerib ka igavikku, teadlikkust,\u00a0 kavalust, intellekti ja transformatsiooni.Tihti koheldakse madu eba\u00f5iglaselt ja kardetakse, kuigi ta on \u00fcks v\u00f5imsamaid maagilisi olendeid. Ta on seotud ravitsemise, transformatsiooni ja seksuaalse energiaga. <b>Madu <\/b> \u2013 austatud, kannatlik, alalhoidlik. Iidses Mehhiko m\u00fctoloogias m\u00e4ngivad nad suurt rolli. Ketzalcoatl \u2013 iidse Ameerika jumal \u2013 maailma ja inimkonna looja, on sulismadu linnu sulgedega ja mao kehaga. L\u00f5gismao hammustus on surmav. Tavaliselt hammustavad nad neid, kes neid provotseerivad. Iidsed s\u00f5dalased \u00f5ppisid maolt kavalust ja osavust, et v\u00f5itlusv\u00e4ljal v\u00f5itmatuks j\u00e4\u00e4da. Paljudes uskumustes ja m\u00fctoloogiates seostatkse madu ka taass\u00fcnni, transformatsiooni ja surematusega oma v\u00f5ime poolest nahka heita. Madudel on omadus maailma suhtuda inimestest erinevalt. Nad tunnetavad soojust ja vibratsiooni, mille t\u00f5ttu saavad saagi k\u00e4tte ka t\u00e4ielikus pimeduses. Nad kuulevad k\u00f5ige vaiksematki heli ja k\u00f5ige kergemat v\u00f5nget \u00f5hus. See annab neile v\u00f5imaluse kiireks reageeringuks ohu ja muutuste vastu. Seotud tule stiihiaga. Neile on vaja v\u00e4list soojuse allikat, nagu p\u00e4ike v\u00f5i soe kivi, et reguleerida keha temperatuuri. Madu \u00f5petab meile tasakaalustama oma temperamenti, eemaldudes olukorrast, mis v\u00f5ivad meid kahjustada. Ta n\u00e4itab, kus asub eluandev energia allikas ja kuidas neid \u00f5igesti kasutada, s\u00e4\u00e4stes j\u00f5uvarusid edasiseks tegevuseks. Madude tarkus annab julgust, vastupidavust ja austust eluj\u00f5ule iga\u00fches meis. Kui austada mao piire, siis austab ka tema teid. V\u00f5ib teha k\u00f5risti ja panna selle oma altarile ja kasutada rituaalides, mis on suunatud tarkuse saamiseks l\u00f5gismaolt.<\/p>\n","protected":false},"excerpt":{"rendered":"<p>kivide omadusi vaata\u00a0<a href=\"https:\/\/minervashop.eu\/tootekategooria\/naturaalsed-kivid\/\">siit<\/a>.<\/p>\n<p align=\"JUSTIFY\"><span style=\"font-size: medium;\"><b>Elevant<\/b> oma j\u00f5u ja suurusega s\u00fcmboliseerib v\u00f5imu. T\u00e4histab kannatlikkust, tarkust ja karskust.<\/span><\/p>\n","protected":false},"featured_media":9739,"template":"","meta":[],"product_brand":[],"product_cat":[166,64,45,419,259,49,310],"product_tag":[],"class_list":{"0":"post-9738","1":"product","2":"type-product","3":"status-publish","4":"has-post-thumbnail","6":"product_cat-naturaalse-kiviga-kaelaripatsid","7":"product_cat-draakonid","8":"product_cat-elevantide-kujud","9":"product_cat-kaslased","10":"product_cat-linnud","11":"product_cat-muud-loomad","12":"product_cat-putukad-veeloomad-roomajad","13":"product_shipping_class-xs","15":"first","16":"instock","17":"taxable","18":"shipping-taxable","19":"purchasable","20":"product-type-variable"},"_links":{"self":[{"href":"https:\/\/minervashop.eu\/en\/wp-json\/wp\/v2\/product\/9738","targetHints":{"allow":["GET"]}}],"collection":[{"href":"https:\/\/minervashop.eu\/en\/wp-json\/wp\/v2\/product"}],"about":[{"href":"https:\/\/minervashop.eu\/en\/wp-json\/wp\/v2\/types\/product"}],"wp:featuredmedia":[{"embeddable":true,"href":"https:\/\/minervashop.eu\/en\/wp-json\/wp\/v2\/media\/9739"}],"wp:attachment":[{"href":"https:\/\/minervashop.eu\/en\/wp-json\/wp\/v2\/media?parent=9738"}],"wp:term":[{"taxonomy":"product_brand","embeddable":true,"href":"https:\/\/minervashop.eu\/en\/wp-json\/wp\/v2\/product_brand?post=9738"},{"taxonomy":"product_cat","embeddable":true,"href":"https:\/\/minervashop.eu\/en\/wp-json\/wp\/v2\/product_cat?post=9738"},{"taxonomy":"product_tag","embeddable":true,"href":"https:\/\/minervashop.eu\/en\/wp-json\/wp\/v2\/product_tag?post=9738"}],"curies":[{"name":"wp","href":"https:\/\/api.w.org\/{rel}","templated":true}]}}