{"id":97454,"date":"2023-02-25T10:26:36","date_gmt":"2023-02-25T10:26:36","guid":{"rendered":"https:\/\/minervashop.eu\/toode\/1000-kaunist-paika-kust-leida-vaikust-ja-rahu\/"},"modified":"2023-02-25T10:26:36","modified_gmt":"2023-02-25T10:26:36","slug":"1000-kaunist-paika-kust-leida-vaikust-ja-rahu","status":"publish","type":"product","link":"https:\/\/minervashop.eu\/en\/product\/1000-kaunist-paika-kust-leida-vaikust-ja-rahu\/","title":{"rendered":"1000 kaunist paika, kust leida vaikust ja rahu"},"content":{"rendered":"<p>Vaikus ei t\u00e4henda \u00fcksnes helide puudumist. Vaikusega kaasneb see m\u00f5nus t\u00fc\u00fcnus, mida rahulolekus tunneme. K\u00e4esolev raamat pakub inspiratsiooni ja soovitusi k\u00fclastamaks selliseid kohti, kuhu v\u00f5ib kas l\u00fchemaks v\u00f5i pikemaks ajaks minna pakku stressirohke argielu eest, et taasavastada vaikust ja rahu ning \u00f5ppida tundma oma j\u00f5udu ja meelekindlust.<br \/>\nTuhande vaikust ja rahu pakkuva kauni paiga tutvustused annavad k\u00f5ikjalt maailmast kogutud teavet neile, kes soovivad turgutada oma keha ja vaimu.<br \/>\nRaamatu abiga v\u00f5ib leida h\u00e4sti peidetud varjulisi ja vaikseid kohti suurlinnades, pelgupaiku puutumatu looduse keskel, maailma parimaid kohti mediteerimiseks ning iidseid kunsti- ja vaimse kultuuri keskusi.<br \/>\nNautige p\u00e4ikeset\u00f5usu Utah\u2019s Powelli j\u00e4rve kohal kuuma\u00f5hupalli pardal v\u00f5i t\u00e4iuslikku vaikust Budapesti nurgataguses kohvikus \u2013 iga reisi sihtkoht pakub teile aega ja ruumi selleks, et puhata, m\u00f5elda, end arendada ning leida \u00fcles oma t\u00f5eline mina.<\/p>\n","protected":false},"excerpt":{"rendered":"<ul class=\"two-cols-text\">\n<li>Originaalpealkiri:The Bucket List: Places to Find Peace &amp; Quiet<\/li>\n<li class=\"product_dimensions\">M\u00f5\u00f5dud:\u00a0175 \u00d7 235 mm<\/li>\n<li class=\"product_published\">Ilmunud:\u00a003.09.2020<\/li>\n<li>418 lk.<\/li>\n<\/ul>\n","protected":false},"featured_media":97452,"template":"","meta":[],"product_brand":[],"product_cat":[670,380,431,588],"product_tag":[],"class_list":{"0":"post-97454","1":"product","2":"type-product","3":"status-publish","4":"has-post-thumbnail","6":"product_cat-sale","7":"product_cat-books-for-self-help","8":"product_cat-learning-books","9":"product_cat-tervise-raamatud-en","10":"product_shipping_class-xs-en-2","12":"first","13":"instock","14":"sale","15":"taxable","16":"shipping-taxable","17":"purchasable","18":"product-type-simple"},"_links":{"self":[{"href":"https:\/\/minervashop.eu\/en\/wp-json\/wp\/v2\/product\/97454","targetHints":{"allow":["GET"]}}],"collection":[{"href":"https:\/\/minervashop.eu\/en\/wp-json\/wp\/v2\/product"}],"about":[{"href":"https:\/\/minervashop.eu\/en\/wp-json\/wp\/v2\/types\/product"}],"wp:featuredmedia":[{"embeddable":true,"href":"https:\/\/minervashop.eu\/en\/wp-json\/wp\/v2\/media\/97452"}],"wp:attachment":[{"href":"https:\/\/minervashop.eu\/en\/wp-json\/wp\/v2\/media?parent=97454"}],"wp:term":[{"taxonomy":"product_brand","embeddable":true,"href":"https:\/\/minervashop.eu\/en\/wp-json\/wp\/v2\/product_brand?post=97454"},{"taxonomy":"product_cat","embeddable":true,"href":"https:\/\/minervashop.eu\/en\/wp-json\/wp\/v2\/product_cat?post=97454"},{"taxonomy":"product_tag","embeddable":true,"href":"https:\/\/minervashop.eu\/en\/wp-json\/wp\/v2\/product_tag?post=97454"}],"curies":[{"name":"wp","href":"https:\/\/api.w.org\/{rel}","templated":true}]}}